{"id":1840,"date":"2019-12-05T11:37:20","date_gmt":"2019-12-05T10:37:20","guid":{"rendered":"https:\/\/chevaux-normandie.com\/?page_id=1840"},"modified":"2023-08-31T09:44:30","modified_gmt":"2023-08-31T07:44:30","slug":"trade","status":"publish","type":"page","link":"https:\/\/chevaux-normandie.com\/en\/trade\/","title":{"rendered":"NORMANDY HORSE AGENCY"},"content":{"rendered":"<h2 class=\"wp-block-heading\" id=\"the-agency\">The agency<\/h2>\n\n\n<p>Our agency supports you in setting up your import-export projects in Normandy and puts you in touch with the most competent professionals to meet your needs.<\/p>\n\n\n\n<div class=\"b-summary-childs-container alignwide\">\n                                                        <div class=\"child-block-container\">\n                    <div class=\"row\">\n                                            <div class=\"col-md-4\">\n                            <div class=\"desc-block is-left\">\n                                <h3 class=\"title\">About Us<\/h3>\n                                <p class=\"excerpt\"><\/p>\n                                <a href=\"https:\/\/chevaux-normandie.com\/en\/trade\/about-us\/\" class=\"arrow-block\">\n                                    <span class=\"lnr lnr-arrow-right\"><\/span>\n                                <\/a>\n                            <\/div>\n                        <\/div>\n                        <div class=\"col-md-8\">\n                            <div class=\"child-block\" style=\"background-image: url(https:\/\/chevaux-normandie.com\/wp-content\/uploads\/2023\/08\/Capture-decran-2023-08-31-094713.png)\"><\/div>\n                        <\/div>\n                                        <\/div>\n                <\/div>\n                                            <div class=\"child-block-container\">\n                    <div class=\"row\">\n                                            <div class=\"col-md-8 order-md-1 order-2\">\n                            <div class=\"child-block\" style=\"background-image: url(https:\/\/chevaux-normandie.com\/wp-content\/uploads\/2019\/12\/orient.jpg)\"><\/div>\n                        <\/div>\n                        <div class=\"col-md-4 order-md-2 order-1\">\n                            <div class=\"desc-block is-right\">\n                                <h3 class=\"title\">The Normandy equine industry<\/h3>\n                                <p class=\"excerpt\"><\/p>\n                                <a href=\"https:\/\/chevaux-normandie.com\/en\/trade\/the-normandy-equine-industry\/\" class=\"arrow-block\">\n                                    <span class=\"lnr lnr-arrow-right\"><\/span>\n                                <\/a>\n                            <\/div>\n                        <\/div>\n                                        <\/div>\n                <\/div>\n                                            <div class=\"child-block-container\">\n                    <div class=\"row\">\n                                            <div class=\"col-md-4\">\n                            <div class=\"desc-block is-left\">\n                                <h3 class=\"title\">Normandy Horse Meet\u2019Up Event<\/h3>\n                                <p class=\"excerpt\"><\/p>\n                                <a href=\"https:\/\/chevaux-normandie.com\/en\/trade\/normandy-horse-meetup-event\/\" class=\"arrow-block\">\n                                    <span class=\"lnr lnr-arrow-right\"><\/span>\n                                <\/a>\n                            <\/div>\n                        <\/div>\n                        <div class=\"col-md-8\">\n                            <div class=\"child-block\" style=\"background-image: url(https:\/\/chevaux-normandie.com\/wp-content\/uploads\/2023\/04\/20220922_155447.jpg)\"><\/div>\n                        <\/div>\n                                        <\/div>\n                <\/div>\n                        <\/div>\n","protected":false},"excerpt":{"rendered":"<p>The agency Our agency supports you in setting up your import-export projects in Normandy and puts you in touch with the most competent professionals to meet your needs.<\/p>\n","protected":false},"author":1,"featured_media":0,"parent":0,"menu_order":0,"comment_status":"closed","ping_status":"closed","template":"page-templates\/editorial.php","meta":{"_acf_changed":false,"footnotes":""},"class_list":["post-1840","page","type-page","status-publish","hentry"],"acf":[],"yoast_head":"<!-- This site is optimized with the Yoast SEO plugin v27.1.1 - https:\/\/yoast.com\/product\/yoast-seo-wordpress\/ -->\n<title>NORMANDY HORSE AGENCY - Conseil des Chevaux de Normandie<\/title>\n<meta name=\"robots\" content=\"index, follow, max-snippet:-1, max-image-preview:large, max-video-preview:-1\" \/>\n<link rel=\"canonical\" href=\"https:\/\/chevaux-normandie.com\/en\/trade\/\" \/>\n<meta property=\"og:locale\" content=\"en_US\" \/>\n<meta property=\"og:type\" content=\"article\" \/>\n<meta property=\"og:title\" content=\"NORMANDY HORSE AGENCY - Conseil des Chevaux de Normandie\" \/>\n<meta property=\"og:description\" content=\"The agency Our agency supports you in setting up your import-export projects in Normandy and puts you in touch with the most competent professionals to meet your needs.\" \/>\n<meta property=\"og:url\" content=\"https:\/\/chevaux-normandie.com\/en\/trade\/\" \/>\n<meta property=\"og:site_name\" content=\"Conseil des Chevaux de Normandie\" \/>\n<meta property=\"article:modified_time\" content=\"2023-08-31T07:44:30+00:00\" \/>\n<meta name=\"twitter:card\" content=\"summary_large_image\" \/>\n<meta name=\"twitter:label1\" content=\"Est. reading time\" \/>\n\t<meta name=\"twitter:data1\" content=\"1 minute\" \/>\n<script type=\"application\/ld+json\" class=\"yoast-schema-graph\">{\"@context\":\"https:\/\/schema.org\",\"@graph\":[{\"@type\":\"WebPage\",\"@id\":\"https:\/\/chevaux-normandie.com\/en\/trade\/\",\"url\":\"https:\/\/chevaux-normandie.com\/en\/trade\/\",\"name\":\"NORMANDY HORSE AGENCY - Conseil des Chevaux de Normandie\",\"isPartOf\":{\"@id\":\"https:\/\/chevaux-normandie.com\/#website\"},\"datePublished\":\"2019-12-05T10:37:20+00:00\",\"dateModified\":\"2023-08-31T07:44:30+00:00\",\"breadcrumb\":{\"@id\":\"https:\/\/chevaux-normandie.com\/en\/trade\/#breadcrumb\"},\"inLanguage\":\"en-US\",\"potentialAction\":[{\"@type\":\"ReadAction\",\"target\":[\"https:\/\/chevaux-normandie.com\/en\/trade\/\"]}]},{\"@type\":\"BreadcrumbList\",\"@id\":\"https:\/\/chevaux-normandie.com\/en\/trade\/#breadcrumb\",\"itemListElement\":[{\"@type\":\"ListItem\",\"position\":1,\"name\":\"Home\",\"item\":\"https:\/\/chevaux-normandie.com\/en\/\"},{\"@type\":\"ListItem\",\"position\":2,\"name\":\"NORMANDY HORSE AGENCY\"}]},{\"@type\":\"WebSite\",\"@id\":\"https:\/\/chevaux-normandie.com\/#website\",\"url\":\"https:\/\/chevaux-normandie.com\/\",\"name\":\"Conseil des Chevaux de Normandie\",\"description\":\"C\u0153ur de la fili\u00e8re \u00e9quine normande\",\"potentialAction\":[{\"@type\":\"SearchAction\",\"target\":{\"@type\":\"EntryPoint\",\"urlTemplate\":\"https:\/\/chevaux-normandie.com\/?s={search_term_string}\"},\"query-input\":{\"@type\":\"PropertyValueSpecification\",\"valueRequired\":true,\"valueName\":\"search_term_string\"}}],\"inLanguage\":\"en-US\"}]}<\/script>\n<!-- \/ Yoast SEO plugin. -->","yoast_head_json":{"title":"NORMANDY HORSE AGENCY - Conseil des Chevaux de Normandie","robots":{"index":"index","follow":"follow","max-snippet":"max-snippet:-1","max-image-preview":"max-image-preview:large","max-video-preview":"max-video-preview:-1"},"canonical":"https:\/\/chevaux-normandie.com\/en\/trade\/","og_locale":"en_US","og_type":"article","og_title":"NORMANDY HORSE AGENCY - Conseil des Chevaux de Normandie","og_description":"The agency Our agency supports you in setting up your import-export projects in Normandy and puts you in touch with the most competent professionals to meet your needs.","og_url":"https:\/\/chevaux-normandie.com\/en\/trade\/","og_site_name":"Conseil des Chevaux de Normandie","article_modified_time":"2023-08-31T07:44:30+00:00","twitter_card":"summary_large_image","twitter_misc":{"Est. reading time":"1 minute"},"schema":{"@context":"https:\/\/schema.org","@graph":[{"@type":"WebPage","@id":"https:\/\/chevaux-normandie.com\/en\/trade\/","url":"https:\/\/chevaux-normandie.com\/en\/trade\/","name":"NORMANDY HORSE AGENCY - Conseil des Chevaux de Normandie","isPartOf":{"@id":"https:\/\/chevaux-normandie.com\/#website"},"datePublished":"2019-12-05T10:37:20+00:00","dateModified":"2023-08-31T07:44:30+00:00","breadcrumb":{"@id":"https:\/\/chevaux-normandie.com\/en\/trade\/#breadcrumb"},"inLanguage":"en-US","potentialAction":[{"@type":"ReadAction","target":["https:\/\/chevaux-normandie.com\/en\/trade\/"]}]},{"@type":"BreadcrumbList","@id":"https:\/\/chevaux-normandie.com\/en\/trade\/#breadcrumb","itemListElement":[{"@type":"ListItem","position":1,"name":"Home","item":"https:\/\/chevaux-normandie.com\/en\/"},{"@type":"ListItem","position":2,"name":"NORMANDY HORSE AGENCY"}]},{"@type":"WebSite","@id":"https:\/\/chevaux-normandie.com\/#website","url":"https:\/\/chevaux-normandie.com\/","name":"Conseil des Chevaux de Normandie","description":"C\u0153ur de la fili\u00e8re \u00e9quine normande","potentialAction":[{"@type":"SearchAction","target":{"@type":"EntryPoint","urlTemplate":"https:\/\/chevaux-normandie.com\/?s={search_term_string}"},"query-input":{"@type":"PropertyValueSpecification","valueRequired":true,"valueName":"search_term_string"}}],"inLanguage":"en-US"}]}},"_links":{"self":[{"href":"https:\/\/chevaux-normandie.com\/en\/wp-json\/wp\/v2\/pages\/1840","targetHints":{"allow":["GET"]}}],"collection":[{"href":"https:\/\/chevaux-normandie.com\/en\/wp-json\/wp\/v2\/pages"}],"about":[{"href":"https:\/\/chevaux-normandie.com\/en\/wp-json\/wp\/v2\/types\/page"}],"author":[{"embeddable":true,"href":"https:\/\/chevaux-normandie.com\/en\/wp-json\/wp\/v2\/users\/1"}],"replies":[{"embeddable":true,"href":"https:\/\/chevaux-normandie.com\/en\/wp-json\/wp\/v2\/comments?post=1840"}],"version-history":[{"count":14,"href":"https:\/\/chevaux-normandie.com\/en\/wp-json\/wp\/v2\/pages\/1840\/revisions"}],"predecessor-version":[{"id":41753,"href":"https:\/\/chevaux-normandie.com\/en\/wp-json\/wp\/v2\/pages\/1840\/revisions\/41753"}],"wp:attachment":[{"href":"https:\/\/chevaux-normandie.com\/en\/wp-json\/wp\/v2\/media?parent=1840"}],"curies":[{"name":"wp","href":"https:\/\/api.w.org\/{rel}","templated":true}]}}