{"id":1847,"date":"2019-12-05T11:38:25","date_gmt":"2019-12-05T10:38:25","guid":{"rendered":"https:\/\/chevaux-normandie.com\/?page_id=1847"},"modified":"2023-12-18T10:18:58","modified_gmt":"2023-12-18T09:18:58","slug":"training","status":"publish","type":"page","link":"https:\/\/chevaux-normandie.com\/en\/training\/","title":{"rendered":"TRAINING"},"content":{"rendered":"<h2 class=\"wp-block-heading\" id=\"norman-expertise-serving-your-equine-projects\">NORMAN EXPERTISE SERVING YOUR EQUINE PROJECTS<\/h2>\n\n\n<p>Normandy Horse Agency provides <strong>tailor-made <\/strong>training and consulting services, adapted to your needs, and delivered by<strong> high quality <\/strong>experts.<br>Contact us to discuss it, we will come back to you with a <strong>personalized<\/strong> offer. <br>You can also download our catalog to discover some of our offers.<\/p>\n\n\n\n                <a href=\"https:\/\/chevaux-normandie.com\/wp-content\/uploads\/2023\/12\/Training-catalog.pdf\" download class=\"b-download-link last-link\">\n                <span class=\"lnr lnr-download\"><\/span>\n                <span class=\"file-name\">Download our training catalog<\/span>\n                <span class=\"file-type\">pdf &#8211;<\/span>\n                                    <span class=\"file-size\">2.89mo<\/span>\n                            <\/a>\n            \n\n<h2 class=\"wp-block-heading\" id=\"fields-of-expertise\">Fields of expertise<\/h2>\n\n\n<div class=\"wp-block-columns is-layout-flex wp-container-core-columns-is-layout-9d6595d7 wp-block-columns-is-layout-flex\">\n<div class=\"wp-block-column is-layout-flow wp-block-column-is-layout-flow\">\n<p class=\"has-text-align-center\"><strong>Equine management<\/strong><\/p>\n\n\n<div class=\"wp-block-image\">\n<figure class=\"aligncenter size-full is-resized\"><img loading=\"lazy\" decoding=\"async\" width=\"250\" height=\"250\" src=\"https:\/\/chevaux-normandie.com\/wp-content\/uploads\/2019\/12\/galop.png\" alt=\"\" class=\"wp-image-3018\" style=\"width:114px;height:114px\" srcset=\"https:\/\/chevaux-normandie.com\/wp-content\/uploads\/2019\/12\/galop.png 250w, https:\/\/chevaux-normandie.com\/wp-content\/uploads\/2019\/12\/galop-150x150.png 150w, https:\/\/chevaux-normandie.com\/wp-content\/uploads\/2019\/12\/galop-32x32.png 32w, https:\/\/chevaux-normandie.com\/wp-content\/uploads\/2019\/12\/galop-48x48.png 48w, https:\/\/chevaux-normandie.com\/wp-content\/uploads\/2019\/12\/galop-80x80.png 80w, https:\/\/chevaux-normandie.com\/wp-content\/uploads\/2019\/12\/galop-180x180.png 180w\" sizes=\"auto, (max-width: 250px) 100vw, 250px\" \/><\/figure>\n<\/div>\n\n\n<p class=\"has-text-align-left\">\u2022&nbsp;Biosecurity<br>\u2022&nbsp;Feed<br>\u2022&nbsp;Equine welfare<br>\u2022&nbsp;Accommodation and pastures management&nbsp;<br>\u2022&nbsp;Health and care<\/p>\n<\/div>\n\n\n\n<div class=\"wp-block-column is-layout-flow wp-block-column-is-layout-flow\">\n<p class=\"has-text-align-center\"><strong>Equine technique<\/strong><\/p>\n\n\n<div class=\"wp-block-image\">\n<figure class=\"aligncenter size-full is-resized\"><img loading=\"lazy\" decoding=\"async\" width=\"250\" height=\"250\" src=\"https:\/\/chevaux-normandie.com\/wp-content\/uploads\/2019\/12\/poney-1.png\" alt=\"\" class=\"wp-image-3027\" style=\"width:116px;height:116px\" srcset=\"https:\/\/chevaux-normandie.com\/wp-content\/uploads\/2019\/12\/poney-1.png 250w, https:\/\/chevaux-normandie.com\/wp-content\/uploads\/2019\/12\/poney-1-150x150.png 150w, https:\/\/chevaux-normandie.com\/wp-content\/uploads\/2019\/12\/poney-1-32x32.png 32w, https:\/\/chevaux-normandie.com\/wp-content\/uploads\/2019\/12\/poney-1-48x48.png 48w, https:\/\/chevaux-normandie.com\/wp-content\/uploads\/2019\/12\/poney-1-80x80.png 80w, https:\/\/chevaux-normandie.com\/wp-content\/uploads\/2019\/12\/poney-1-180x180.png 180w\" sizes=\"auto, (max-width: 250px) 100vw, 250px\" \/><\/figure>\n<\/div>\n\n\n<p>\u2022&nbsp;Breeding techniques<br>\u2022&nbsp;Horse breack-in and pre-training<br>\u2022&nbsp;Management of a horse&#8217;s career<br>\u2022&nbsp;Labor and agricultural use<\/p>\n<\/div>\n\n\n\n<div class=\"wp-block-column is-layout-flow wp-block-column-is-layout-flow\">\n<p class=\"has-text-align-center\"><strong>Running a horse business<\/strong><\/p>\n\n\n<div class=\"wp-block-image\">\n<figure class=\"aligncenter size-full is-resized\"><img loading=\"lazy\" decoding=\"async\" width=\"250\" height=\"250\" src=\"https:\/\/chevaux-normandie.com\/wp-content\/uploads\/2019\/12\/trot.png\" alt=\"\" class=\"wp-image-3011\" style=\"width:100px;height:100px\" srcset=\"https:\/\/chevaux-normandie.com\/wp-content\/uploads\/2019\/12\/trot.png 250w, https:\/\/chevaux-normandie.com\/wp-content\/uploads\/2019\/12\/trot-150x150.png 150w, https:\/\/chevaux-normandie.com\/wp-content\/uploads\/2019\/12\/trot-32x32.png 32w, https:\/\/chevaux-normandie.com\/wp-content\/uploads\/2019\/12\/trot-48x48.png 48w, https:\/\/chevaux-normandie.com\/wp-content\/uploads\/2019\/12\/trot-80x80.png 80w, https:\/\/chevaux-normandie.com\/wp-content\/uploads\/2019\/12\/trot-180x180.png 180w\" sizes=\"auto, (max-width: 250px) 100vw, 250px\" \/><\/figure>\n<\/div>\n\n\n<p>\u2022&nbsp;Investment study: feasibility, financing<br>\u2022&nbsp;Diversification of activities to secure or develop turnover<br>\u2022&nbsp;Management of its operation in an optimization process<br>\u2022&nbsp;Sustainable development<br><\/p>\n<\/div>\n<\/div>\n\n\n\n<div class=\"wp-block-columns is-layout-flex wp-container-core-columns-is-layout-9d6595d7 wp-block-columns-is-layout-flex\">\n<div class=\"wp-block-column is-layout-flow wp-block-column-is-layout-flow\">\n<p class=\"has-text-align-center\"><strong>Equestrian sports<\/strong><\/p>\n\n\n<div class=\"wp-block-image\">\n<figure class=\"aligncenter size-full is-resized\"><img loading=\"lazy\" decoding=\"async\" width=\"250\" height=\"250\" src=\"https:\/\/chevaux-normandie.com\/wp-content\/uploads\/2019\/12\/saut.png\" alt=\"\" class=\"wp-image-3020\" style=\"width:98px;height:98px\" srcset=\"https:\/\/chevaux-normandie.com\/wp-content\/uploads\/2019\/12\/saut.png 250w, https:\/\/chevaux-normandie.com\/wp-content\/uploads\/2019\/12\/saut-150x150.png 150w, https:\/\/chevaux-normandie.com\/wp-content\/uploads\/2019\/12\/saut-32x32.png 32w, https:\/\/chevaux-normandie.com\/wp-content\/uploads\/2019\/12\/saut-48x48.png 48w, https:\/\/chevaux-normandie.com\/wp-content\/uploads\/2019\/12\/saut-80x80.png 80w, https:\/\/chevaux-normandie.com\/wp-content\/uploads\/2019\/12\/saut-180x180.png 180w\" sizes=\"auto, (max-width: 250px) 100vw, 250px\" \/><\/figure>\n<\/div>\n\n\n<p>\u2022&nbsp;Teachers, coaches, and experts<br>\u2022&nbsp;Associated professions<br>\u2022&nbsp;Competition Officials<br>\u2022&nbsp;Development of new disciplines<\/p>\n<\/div>\n\n\n\n<div class=\"wp-block-column is-layout-flow wp-block-column-is-layout-flow\" style=\"flex-basis:150px\"><\/div>\n\n\n\n<div class=\"wp-block-column is-layout-flow wp-block-column-is-layout-flow\">\n<p class=\"has-text-align-center\"><strong>Tourism<\/strong><\/p>\n\n\n<div class=\"wp-block-image\">\n<figure class=\"aligncenter size-full is-resized\"><img loading=\"lazy\" decoding=\"async\" width=\"150\" height=\"113\" src=\"https:\/\/chevaux-normandie.com\/wp-content\/uploads\/2023\/07\/32-avion.png\" alt=\"\" class=\"wp-image-40472\" style=\"width:91px;height:68px\"\/><\/figure>\n<\/div>\n\n\n<p>\u2022&nbsp;Creation of horse riding trails<br>\u2022&nbsp;Development of immersive and unusual tourist offers<\/p>\n<\/div>\n<\/div>\n\n\n<h2 class=\"wp-block-heading\" id=\"our-partners\">Our partners<\/h2>\n\n\n<div class=\"b-links-slider-container alignwide\">\n            <div id=\"links-slider\">\n                            <!-- <div class=\"col-md-4\"> -->\n                    <div class=\"link-block regular-link-block\">\n                        <div class=\"img-container\">\n                            <img decoding=\"async\" src=\"https:\/\/chevaux-normandie.com\/wp-content\/uploads\/2019\/12\/Equures-macaron-g\u00e9n\u00e9rique.png\" alt=\"\" class=\"img-fluid\">\n                        <\/div>\n                        <div class=\"title\">Label EquuRES<\/div>\n                        <p class=\"text\">The EquuRES label is the only quality-based environmental and animal welfare initiative that is specifically aimed at equine organisations, whatever of their geographical location, size or activity.<\/p>\n                                                    <a href=\"https:\/\/www.label-equures.com\/\" target=\"_blank\" class=\"bordered-btn is-green\">\n                                More                                <span class=\"general-arrow\"><\/span>\n                            <\/a>\n                                            <\/div>\n                <!-- <\/div> -->\n                            <!-- <div class=\"col-md-4\"> -->\n                    <div class=\"link-block regular-link-block\">\n                        <div class=\"img-container\">\n                            <img decoding=\"async\" src=\"https:\/\/chevaux-normandie.com\/wp-content\/uploads\/2016\/09\/Logo-ifce-Vertical_Simple_Quadri.jpg\" alt=\"\" class=\"img-fluid\">\n                        <\/div>\n                        <div class=\"title\">French Equine Institute<\/div>\n                        <p class=\"text\">The French Institute of the Horse and Equestrianism training hub is the product of a merger between two highly reputed schools, and it provides a wide range of top-quality courses in the fields of breeding, reproduction, equestrianism, saddle-making, blacksmithing and driving.<\/p>\n                                                    <a href=\"https:\/\/www.ifce.fr\/\" target=\"_blank\" class=\"bordered-btn is-green\">\n                                More                                <span class=\"general-arrow\"><\/span>\n                            <\/a>\n                                            <\/div>\n                <!-- <\/div> -->\n                            <!-- <div class=\"col-md-4\"> -->\n                    <div class=\"link-block regular-link-block\">\n                        <div class=\"img-container\">\n                            <img decoding=\"async\" src=\"https:\/\/chevaux-normandie.com\/wp-content\/uploads\/2019\/11\/4-coren-1.jpg\" alt=\"\" class=\"img-fluid\">\n                        <\/div>\n                        <div class=\"title\">Comit\u00e9 R\u00e9gional d\u2019Equitation de Normandie<\/div>\n                        <p class=\"text\">The Normandy  Equestrian Committee is a decentralised branch of the French Equestrian Federation. It represents and assists the 683 equestrian clubs and centres located in Normandy, as well as the 42,416 equestrian licence holders.<\/p>\n                                                    <a href=\"https:\/\/www.chevalnormandie.com\/\" target=\"_blank\" class=\"bordered-btn is-green\">\n                                More                                <span class=\"general-arrow\"><\/span>\n                            <\/a>\n                                            <\/div>\n                <!-- <\/div> -->\n                            <!-- <div class=\"col-md-4\"> -->\n                    <div class=\"link-block regular-link-block\">\n                        <div class=\"img-container\">\n                            <img decoding=\"async\" src=\"https:\/\/chevaux-normandie.com\/wp-content\/uploads\/2019\/12\/logo-afasec-1.png\" alt=\"\" class=\"img-fluid\">\n                        <\/div>\n                        <div class=\"title\">AFASEC<\/div>\n                        <p class=\"text\">AFASEC is the reference training organization for the horse racing and breeding professions in France. Our courses mainly train learners in the professions of professional training rider and lad jockey \u2013 lad driver.<\/p>\n                                                    <a href=\"https:\/\/afasec.fr\/\" target=\"_blank\" class=\"bordered-btn is-green\">\n                                More                                <span class=\"general-arrow\"><\/span>\n                            <\/a>\n                                            <\/div>\n                <!-- <\/div> -->\n                            <!-- <div class=\"col-md-4\"> -->\n                    <div class=\"link-block regular-link-block\">\n                        <div class=\"img-container\">\n                            <img decoding=\"async\" src=\"https:\/\/chevaux-normandie.com\/wp-content\/uploads\/2019\/11\/equiways.png\" alt=\"\" class=\"img-fluid\">\n                        <\/div>\n                        <div class=\"title\">Equiways<\/div>\n                        <p class=\"text\">Equiways is a company that was founded in 2016 with the aim of providing biosecurity advice and resources to professionals in the equine sector.<\/p>\n                                                    <a href=\"https:\/\/www.equiways.fr\/\" target=\"_blank\" class=\"bordered-btn is-green\">\n                                More                                <span class=\"general-arrow\"><\/span>\n                            <\/a>\n                                            <\/div>\n                <!-- <\/div> -->\n                            <!-- <div class=\"col-md-4\"> -->\n                    <div class=\"link-block regular-link-block\">\n                        <div class=\"img-container\">\n                            <img decoding=\"async\" src=\"https:\/\/chevaux-normandie.com\/wp-content\/uploads\/2023\/07\/download.png\" alt=\"\" class=\"img-fluid\">\n                        <\/div>\n                        <div class=\"title\">Norman Draft Horses Center<\/div>\n                        <p class=\"text\">Norman Draft Horses Center is dedicated to select and train young Percherons and Norman Cobs to agriculture and mobility services.<\/p>\n                                                    <a href=\"https:\/\/centredevalorisation-normandie.com\/\" target=\"_blank\" class=\"bordered-btn is-green\">\n                                More                                <span class=\"general-arrow\"><\/span>\n                            <\/a>\n                                            <\/div>\n                <!-- <\/div> -->\n                            <!-- <div class=\"col-md-4\"> -->\n                    <div class=\"link-block regular-link-block\">\n                        <div class=\"img-container\">\n                            <img decoding=\"async\" src=\"https:\/\/chevaux-normandie.com\/wp-content\/uploads\/2016\/09\/CRTE-NORMANDIE_4C150-CMJN.jpg\" alt=\"\" class=\"img-fluid\">\n                        <\/div>\n                        <div class=\"title\">Comit\u00e9 R\u00e9gional de Tourisme Equestre<\/div>\n                        <p class=\"text\">The Regional Committee for Equestrian Tourism is the decentralised branch of the French Equestrianism Federation with responsibility for promoting and developing equestrian tourism in Normandy.<\/p>\n                                                    <a href=\"https:\/\/www.tourismeequestre-normandie.fr\/\" target=\"_blank\" class=\"bordered-btn is-green\">\n                                More                                <span class=\"general-arrow\"><\/span>\n                            <\/a>\n                                            <\/div>\n                <!-- <\/div> -->\n                            <!-- <div class=\"col-md-4\"> -->\n                    <div class=\"link-block regular-link-block\">\n                        <div class=\"img-container\">\n                            <img decoding=\"async\" src=\"https:\/\/chevaux-normandie.com\/wp-content\/uploads\/2023\/07\/42f39fbe5a3df875687ed2c7104245be.png\" alt=\"\" class=\"img-fluid\">\n                        <\/div>\n                        <div class=\"title\">Ecole Blondeau<\/div>\n                        <p class=\"text\">Equestrianism involves a partnership between two living creatures, so it is difficult not to talk about love in this context. The Blondeau method uses this connection as the starting point for establishing a genuine partnership, allowing the rider to become a true horseman\/horsewoman. <\/p>\n                                                    <a href=\"http:\/\/www.ecoleblondeau.com\/\" target=\"_blank\" class=\"bordered-btn is-green\">\n                                More                                <span class=\"general-arrow\"><\/span>\n                            <\/a>\n                                            <\/div>\n                <!-- <\/div> -->\n                    <\/div>\n                <div class=\"link-slider-nav\">\n            <span class=\"lnr lnr-chevron-left\"><\/span>\n            <span class=\"separator\"><\/span>\n            <span class=\"lnr lnr-chevron-right\"><\/span>\n        <\/div>\n    <\/div>\n\n\n\n<p><br><\/p>\n\n\n\n            <div class=\"b-contact-block\">\n                            <div class=\"contact-tag\">\n                    Contact\n                <\/div>\n                        <div class=\"left-container\">\n                                    <div class=\"portrait\">\n                        <img decoding=\"async\" src=\"https:\/\/chevaux-normandie.com\/wp-content\/uploads\/2021\/04\/EQUIPE210413-visuel-site-internet-pascal-bouille.jpg\" alt=\"\">\n                    <\/div>\n                                <div>\n                    <div class=\"title\">Pascal BOUILLE<\/div>\n                    <div class=\"texte\">\n                        <p><span style=\"font-weight: 400;\">Economic Development Coordinator<\/span><\/p>\n                    <\/div>\n                    <div class=\"phone\">\n                        <span class=\"lnr lnr-phone-handset\"><\/span>\n                        +33 6 17 98 29 13                    <\/div>\n                <\/div>\n            <\/div>\n            <div>\n                <a href=\"mailto:pascal.bouille@chevaux-normandie.com\" class=\"contact-btn\">\n                    <span class=\"lnr lnr-envelope\"><\/span>\n                    Contact                <\/a>\n                <div class=\"socials\">\n                                            <a href=\"https:\/\/www.facebook.com\/conseildeschevauxdenormandie\/\" target=\"_blank\" class=\"icon\">\n                            <span class=\"socicon-facebook\"><\/span>\n                        <\/a>\n                                                                <a href=\"https:\/\/www.linkedin.com\/\" target=\"_blank\" class=\"icon\">\n                            <span class=\"socicon-linkedin\"><\/span>\n                        <\/a>\n                                                                <a href=\"https:\/\/www.youtube.com\/channel\/UCPbT4dQN7Z_uQJIX6STSwRA\" target=\"_blank\" class=\"icon\">\n                            <span class=\"socicon-youtube\"><\/span>\n                        <\/a>\n                                    <\/div>\n            <\/div>\n        <\/div>\n    ","protected":false},"excerpt":{"rendered":"<p>NORMAN EXPERTISE SERVING YOUR EQUINE PROJECTS Normandy Horse Agency provides tailor-made training and consulting services, adapted to your needs, and delivered by high quality experts.Contact us to discuss it, we will come back to you with a personalized offer. You can also download our catalog to discover some of our offers. Fields of expertise Equine [&hellip;]<\/p>\n","protected":false},"author":22,"featured_media":0,"parent":0,"menu_order":0,"comment_status":"closed","ping_status":"closed","template":"page-templates\/editorial.php","meta":{"_acf_changed":false,"footnotes":""},"class_list":["post-1847","page","type-page","status-publish","hentry"],"acf":[],"yoast_head":"<!-- This site is optimized with the Yoast SEO plugin v27.1.1 - https:\/\/yoast.com\/product\/yoast-seo-wordpress\/ -->\n<title>TRAINING - Conseil des Chevaux de Normandie<\/title>\n<meta name=\"robots\" content=\"index, follow, max-snippet:-1, max-image-preview:large, max-video-preview:-1\" \/>\n<link rel=\"canonical\" href=\"https:\/\/chevaux-normandie.com\/en\/training\/\" \/>\n<meta property=\"og:locale\" content=\"en_US\" \/>\n<meta property=\"og:type\" content=\"article\" \/>\n<meta property=\"og:title\" content=\"TRAINING - Conseil des Chevaux de Normandie\" \/>\n<meta property=\"og:description\" content=\"NORMAN EXPERTISE SERVING YOUR EQUINE PROJECTS Normandy Horse Agency provides tailor-made training and consulting services, adapted to your needs, and delivered by high quality experts.Contact us to discuss it, we will come back to you with a personalized offer. You can also download our catalog to discover some of our offers. Fields of expertise Equine [&hellip;]\" \/>\n<meta property=\"og:url\" content=\"https:\/\/chevaux-normandie.com\/en\/training\/\" \/>\n<meta property=\"og:site_name\" content=\"Conseil des Chevaux de Normandie\" \/>\n<meta property=\"article:modified_time\" content=\"2023-12-18T09:18:58+00:00\" \/>\n<meta property=\"og:image\" content=\"https:\/\/chevaux-normandie.com\/wp-content\/uploads\/2019\/12\/galop.png\" \/>\n<meta name=\"twitter:card\" content=\"summary_large_image\" \/>\n<meta name=\"twitter:label1\" content=\"Est. reading time\" \/>\n\t<meta name=\"twitter:data1\" content=\"2 minutes\" \/>\n<script type=\"application\/ld+json\" class=\"yoast-schema-graph\">{\"@context\":\"https:\/\/schema.org\",\"@graph\":[{\"@type\":\"WebPage\",\"@id\":\"https:\/\/chevaux-normandie.com\/en\/training\/\",\"url\":\"https:\/\/chevaux-normandie.com\/en\/training\/\",\"name\":\"TRAINING - Conseil des Chevaux de Normandie\",\"isPartOf\":{\"@id\":\"https:\/\/chevaux-normandie.com\/#website\"},\"primaryImageOfPage\":{\"@id\":\"https:\/\/chevaux-normandie.com\/en\/training\/#primaryimage\"},\"image\":{\"@id\":\"https:\/\/chevaux-normandie.com\/en\/training\/#primaryimage\"},\"thumbnailUrl\":\"https:\/\/chevaux-normandie.com\/wp-content\/uploads\/2019\/12\/galop.png\",\"datePublished\":\"2019-12-05T10:38:25+00:00\",\"dateModified\":\"2023-12-18T09:18:58+00:00\",\"breadcrumb\":{\"@id\":\"https:\/\/chevaux-normandie.com\/en\/training\/#breadcrumb\"},\"inLanguage\":\"en-US\",\"potentialAction\":[{\"@type\":\"ReadAction\",\"target\":[\"https:\/\/chevaux-normandie.com\/en\/training\/\"]}]},{\"@type\":\"ImageObject\",\"inLanguage\":\"en-US\",\"@id\":\"https:\/\/chevaux-normandie.com\/en\/training\/#primaryimage\",\"url\":\"https:\/\/chevaux-normandie.com\/wp-content\/uploads\/2019\/12\/galop.png\",\"contentUrl\":\"https:\/\/chevaux-normandie.com\/wp-content\/uploads\/2019\/12\/galop.png\"},{\"@type\":\"BreadcrumbList\",\"@id\":\"https:\/\/chevaux-normandie.com\/en\/training\/#breadcrumb\",\"itemListElement\":[{\"@type\":\"ListItem\",\"position\":1,\"name\":\"Home\",\"item\":\"https:\/\/chevaux-normandie.com\/en\/\"},{\"@type\":\"ListItem\",\"position\":2,\"name\":\"TRAINING\"}]},{\"@type\":\"WebSite\",\"@id\":\"https:\/\/chevaux-normandie.com\/#website\",\"url\":\"https:\/\/chevaux-normandie.com\/\",\"name\":\"Conseil des Chevaux de Normandie\",\"description\":\"C\u0153ur de la fili\u00e8re \u00e9quine normande\",\"potentialAction\":[{\"@type\":\"SearchAction\",\"target\":{\"@type\":\"EntryPoint\",\"urlTemplate\":\"https:\/\/chevaux-normandie.com\/?s={search_term_string}\"},\"query-input\":{\"@type\":\"PropertyValueSpecification\",\"valueRequired\":true,\"valueName\":\"search_term_string\"}}],\"inLanguage\":\"en-US\"}]}<\/script>\n<!-- \/ Yoast SEO plugin. -->","yoast_head_json":{"title":"TRAINING - Conseil des Chevaux de Normandie","robots":{"index":"index","follow":"follow","max-snippet":"max-snippet:-1","max-image-preview":"max-image-preview:large","max-video-preview":"max-video-preview:-1"},"canonical":"https:\/\/chevaux-normandie.com\/en\/training\/","og_locale":"en_US","og_type":"article","og_title":"TRAINING - Conseil des Chevaux de Normandie","og_description":"NORMAN EXPERTISE SERVING YOUR EQUINE PROJECTS Normandy Horse Agency provides tailor-made training and consulting services, adapted to your needs, and delivered by high quality experts.Contact us to discuss it, we will come back to you with a personalized offer. You can also download our catalog to discover some of our offers. Fields of expertise Equine [&hellip;]","og_url":"https:\/\/chevaux-normandie.com\/en\/training\/","og_site_name":"Conseil des Chevaux de Normandie","article_modified_time":"2023-12-18T09:18:58+00:00","og_image":[{"url":"https:\/\/chevaux-normandie.com\/wp-content\/uploads\/2019\/12\/galop.png","type":"","width":"","height":""}],"twitter_card":"summary_large_image","twitter_misc":{"Est. reading time":"2 minutes"},"schema":{"@context":"https:\/\/schema.org","@graph":[{"@type":"WebPage","@id":"https:\/\/chevaux-normandie.com\/en\/training\/","url":"https:\/\/chevaux-normandie.com\/en\/training\/","name":"TRAINING - Conseil des Chevaux de Normandie","isPartOf":{"@id":"https:\/\/chevaux-normandie.com\/#website"},"primaryImageOfPage":{"@id":"https:\/\/chevaux-normandie.com\/en\/training\/#primaryimage"},"image":{"@id":"https:\/\/chevaux-normandie.com\/en\/training\/#primaryimage"},"thumbnailUrl":"https:\/\/chevaux-normandie.com\/wp-content\/uploads\/2019\/12\/galop.png","datePublished":"2019-12-05T10:38:25+00:00","dateModified":"2023-12-18T09:18:58+00:00","breadcrumb":{"@id":"https:\/\/chevaux-normandie.com\/en\/training\/#breadcrumb"},"inLanguage":"en-US","potentialAction":[{"@type":"ReadAction","target":["https:\/\/chevaux-normandie.com\/en\/training\/"]}]},{"@type":"ImageObject","inLanguage":"en-US","@id":"https:\/\/chevaux-normandie.com\/en\/training\/#primaryimage","url":"https:\/\/chevaux-normandie.com\/wp-content\/uploads\/2019\/12\/galop.png","contentUrl":"https:\/\/chevaux-normandie.com\/wp-content\/uploads\/2019\/12\/galop.png"},{"@type":"BreadcrumbList","@id":"https:\/\/chevaux-normandie.com\/en\/training\/#breadcrumb","itemListElement":[{"@type":"ListItem","position":1,"name":"Home","item":"https:\/\/chevaux-normandie.com\/en\/"},{"@type":"ListItem","position":2,"name":"TRAINING"}]},{"@type":"WebSite","@id":"https:\/\/chevaux-normandie.com\/#website","url":"https:\/\/chevaux-normandie.com\/","name":"Conseil des Chevaux de Normandie","description":"C\u0153ur de la fili\u00e8re \u00e9quine normande","potentialAction":[{"@type":"SearchAction","target":{"@type":"EntryPoint","urlTemplate":"https:\/\/chevaux-normandie.com\/?s={search_term_string}"},"query-input":{"@type":"PropertyValueSpecification","valueRequired":true,"valueName":"search_term_string"}}],"inLanguage":"en-US"}]}},"_links":{"self":[{"href":"https:\/\/chevaux-normandie.com\/en\/wp-json\/wp\/v2\/pages\/1847","targetHints":{"allow":["GET"]}}],"collection":[{"href":"https:\/\/chevaux-normandie.com\/en\/wp-json\/wp\/v2\/pages"}],"about":[{"href":"https:\/\/chevaux-normandie.com\/en\/wp-json\/wp\/v2\/types\/page"}],"author":[{"embeddable":true,"href":"https:\/\/chevaux-normandie.com\/en\/wp-json\/wp\/v2\/users\/22"}],"replies":[{"embeddable":true,"href":"https:\/\/chevaux-normandie.com\/en\/wp-json\/wp\/v2\/comments?post=1847"}],"version-history":[{"count":96,"href":"https:\/\/chevaux-normandie.com\/en\/wp-json\/wp\/v2\/pages\/1847\/revisions"}],"predecessor-version":[{"id":42644,"href":"https:\/\/chevaux-normandie.com\/en\/wp-json\/wp\/v2\/pages\/1847\/revisions\/42644"}],"wp:attachment":[{"href":"https:\/\/chevaux-normandie.com\/en\/wp-json\/wp\/v2\/media?parent=1847"}],"curies":[{"name":"wp","href":"https:\/\/api.w.org\/{rel}","templated":true}]}}