{"id":40476,"date":"2023-07-25T10:51:28","date_gmt":"2023-07-25T08:51:28","guid":{"rendered":"https:\/\/chevaux-normandie.com\/?page_id=40476"},"modified":"2023-12-18T10:33:19","modified_gmt":"2023-12-18T09:33:19","slug":"about-us","status":"publish","type":"page","link":"https:\/\/chevaux-normandie.com\/en\/trade\/about-us\/","title":{"rendered":"About Us"},"content":{"rendered":"<h2 class=\"wp-block-heading\" id=\"the-agency\">The agency<\/h2>\n\n\n<p>Normandy Horse Agency <strong>supports professionals<\/strong> in the Normandy equine industry in the <strong>implementation of international partnerships<\/strong>, <strong>commercial or institutional<\/strong>, throughout 3 different missions:<\/p>\n\n\n<div class=\"wp-block-image\">\n<figure class=\"alignright size-large is-resized\"><img loading=\"lazy\" decoding=\"async\" width=\"1024\" height=\"610\" src=\"https:\/\/chevaux-normandie.com\/wp-content\/uploads\/2023\/07\/Normandy-Horse-Agency_CMJN-1-1024x610.png\" alt=\"\" class=\"wp-image-40467\" style=\"width:262px;height:156px\" srcset=\"https:\/\/chevaux-normandie.com\/wp-content\/uploads\/2023\/07\/Normandy-Horse-Agency_CMJN-1-1024x610.png 1024w, https:\/\/chevaux-normandie.com\/wp-content\/uploads\/2023\/07\/Normandy-Horse-Agency_CMJN-1-300x179.png 300w, https:\/\/chevaux-normandie.com\/wp-content\/uploads\/2023\/07\/Normandy-Horse-Agency_CMJN-1-768x458.png 768w, https:\/\/chevaux-normandie.com\/wp-content\/uploads\/2023\/07\/Normandy-Horse-Agency_CMJN-1-240x143.png 240w, https:\/\/chevaux-normandie.com\/wp-content\/uploads\/2023\/07\/Normandy-Horse-Agency_CMJN-1.png 1490w\" sizes=\"auto, (max-width: 1024px) 100vw, 1024px\" \/><\/figure>\n<\/div>\n\n\n<ul class=\"wp-block-list\">\n<li><strong>Welcoming<\/strong> and <strong>connecting<\/strong> delegations and potential buyers in Normandy<\/li>\n\n\n\n<li>Establishing lasting and reciprocal institutional <strong>partnerships<\/strong><\/li>\n\n\n\n<li><strong>Promoting<\/strong> excellence of the Norman equine industry abroad<\/li>\n<\/ul>\n\n\n\n<p><br>Founded by the <strong>Normandy Horse Council<\/strong> and the <strong>Hippolia cluster<\/strong>, this agency combines expertise and networking to assist you in the realization of your partnership and import-export projects.<\/p>\n\n\n\n                <a href=\"https:\/\/chevaux-normandie.com\/wp-content\/uploads\/2023\/12\/Normandy-Horse-Agency.pdf\" download class=\"b-download-link last-link\">\n                <span class=\"lnr lnr-download\"><\/span>\n                <span class=\"file-name\">Download<\/span>\n                <span class=\"file-type\">pdf &#8211;<\/span>\n                                    <span class=\"file-size\">2.19mo<\/span>\n                            <\/a>\n            \n\n<h2 class=\"wp-block-heading\" id=\"our-fields-of-action\">Our fields of action<\/h2>\n\n\n<div class=\"b-blocks-grid-container mx-md-5 mx-1 alignfull\">\n            <div class=\"row justify-content-center\">\n                            <div class=\"col-xl-3 col-md-6\">\n                                            <div class=\"grid-block is-big\" style=\"background-color: #233d6c\">\n                                                <div class=\"textimg-surtitre\">01<\/div>\n                            <div class=\"textimg-title\">Horses <\/div>\n                            <div class=\"textimg-text\">for sports, trotting and galloping races<\/div>\n                        <\/div>\n                <\/div>\n                            <div class=\"col-xl-3 col-md-6\">\n                                            <div class=\"grid-block is-big\" style=\"background-color: #c9c9c9\">\n                                                <div class=\"textimg-surtitre\">02<\/div>\n                            <div class=\"textimg-title\">Training<\/div>\n                            <div class=\"textimg-text\">technical and theoretical, all disciplines and sectors combined<\/div>\n                        <\/div>\n                <\/div>\n                            <div class=\"col-xl-3 col-md-6\">\n                                            <div class=\"grid-block is-big\" style=\"background-color: #c4241d\">\n                                                <div class=\"textimg-surtitre\">03<\/div>\n                            <div class=\"textimg-title\">Consulting<\/div>\n                            <div class=\"textimg-text\">in project development and events<\/div>\n                        <\/div>\n                <\/div>\n                            <div class=\"col-xl-3 col-md-6\">\n                                            <div class=\"grid-block is-big w-img\" style=\"background-image: url(https:\/\/chevaux-normandie.com\/wp-content\/uploads\/2019\/12\/cr\u00e9dits-agence-dollar-jument-suit\u00e9e-en-main.jpg)\">\n                                                <div class=\"textimg-surtitre\"><\/div>\n                            <div class=\"textimg-title\"><\/div>\n                            <div class=\"textimg-text\"><\/div>\n                        <\/div>\n                <\/div>\n                            <div class=\"col-xl-3 col-md-6\">\n                                            <div class=\"grid-block is-big\" style=\"background-color: #c9c9c9\">\n                                                <div class=\"textimg-surtitre\">04<\/div>\n                            <div class=\"textimg-title\">Services and products<\/div>\n                            <div class=\"textimg-text\">related to health, care and food<\/div>\n                        <\/div>\n                <\/div>\n                            <div class=\"col-xl-3 col-md-6\">\n                                            <div class=\"grid-block is-big w-img\" style=\"background-image: url(https:\/\/chevaux-normandie.com\/wp-content\/uploads\/2019\/12\/3003005.png)\">\n                                                <div class=\"textimg-surtitre\"><\/div>\n                            <div class=\"textimg-title\"><\/div>\n                            <div class=\"textimg-text\"><\/div>\n                        <\/div>\n                <\/div>\n                            <div class=\"col-xl-3 col-md-6\">\n                                            <div class=\"grid-block is-big\" style=\"background-color: #233d6c\">\n                                                <div class=\"textimg-surtitre\">05<\/div>\n                            <div class=\"textimg-title\">Infrastructure <\/div>\n                            <div class=\"textimg-text\">and real estate<\/div>\n                        <\/div>\n                <\/div>\n                            <div class=\"col-xl-3 col-md-6\">\n                                            <div class=\"grid-block is-big\" style=\"background-color: #c4241d\">\n                                                <div class=\"textimg-surtitre\">06<\/div>\n                            <div class=\"textimg-title\">Equipment<\/div>\n                            <div class=\"textimg-text\">for horses and riders <\/div>\n                        <\/div>\n                <\/div>\n                    <\/div>\n    <\/div>\n\n\n<h2 class=\"wp-block-heading\" id=\"the-normandy-horse-councilnbsp\">The Normandy Horse Council <\/h2>\n\n<div class=\"wp-block-image\">\n<figure class=\"alignleft size-full\"><img loading=\"lazy\" decoding=\"async\" width=\"200\" height=\"115\" src=\"https:\/\/chevaux-normandie.com\/wp-content\/uploads\/2020\/11\/logoCCN-signature-mail.png\" alt=\"\" class=\"wp-image-28464\"\/><\/figure>\n<\/div>\n\n\n<p>Since 1997, the Normandy Horse Council aggregates all the equine skills in a unique place. It is an interface between equestrian professionals and institutions. It represents and gathers the equine industry in Normandy.<\/p>\n\n\n\n<p>Six groups gathering 60 professional associations represent the interests of above 4,500 socio-professionals from the whole equine industry: gallop and trot racing, sport and draft horses, donkeys, promotion, structuring sites, training- research-business.<\/p>\n\n\n<h2 class=\"wp-block-heading\" id=\"hippolianbspcluster\">Hippolia cluster<\/h2>\n\n<div class=\"wp-block-image\">\n<figure class=\"alignright size-full\"><img loading=\"lazy\" decoding=\"async\" width=\"300\" height=\"159\" src=\"https:\/\/chevaux-normandie.com\/wp-content\/uploads\/2019\/11\/6-hippolia.jpg\" alt=\"\" class=\"wp-image-1699\" srcset=\"https:\/\/chevaux-normandie.com\/wp-content\/uploads\/2019\/11\/6-hippolia.jpg 300w, https:\/\/chevaux-normandie.com\/wp-content\/uploads\/2019\/11\/6-hippolia-240x127.jpg 240w\" sizes=\"auto, (max-width: 300px) 100vw, 300px\" \/><\/figure>\n<\/div>\n\n\n<p>Hippolia is the only government-certified competitive cluster in the horse industry. It includes a Board of Directors which represents the industry, an independent Committee of Quality Certification Experts and an energetic operational team, all bound by confidentiality.<\/p>\n\n\n\n<p>The Hippolia cluster has its headquarters in Normandy, and is composed of a network of more than 200 members throughout France: entrepreneurs, start-ups, VSBs, SMEs and major groups, and also research teams, training providers and institutions.<br><\/p>\n\n\n\n<p><br><\/p>\n\n\n\n            <div class=\"b-contact-block\">\n                            <div class=\"contact-tag\">\n                    Contact\n                <\/div>\n                        <div class=\"left-container\">\n                                    <div class=\"portrait\">\n                        <img decoding=\"async\" src=\"https:\/\/chevaux-normandie.com\/wp-content\/uploads\/2021\/04\/EQUIPE210413-visuel-site-internet-pascal-bouille.jpg\" alt=\"\">\n                    <\/div>\n                                <div>\n                    <div class=\"title\">Pascal BOUILLE<\/div>\n                    <div class=\"texte\">\n                        <p><span style=\"font-weight: 400;\">Economic Development Coordinator<\/span><\/p>\n                    <\/div>\n                    <div class=\"phone\">\n                        <span class=\"lnr lnr-phone-handset\"><\/span>\n                        +33 6 17 98 29 13                    <\/div>\n                <\/div>\n            <\/div>\n            <div>\n                <a href=\"mailto:pascal.bouille@chevaux-normandie.com\" class=\"contact-btn\">\n                    <span class=\"lnr lnr-envelope\"><\/span>\n                    Contact                <\/a>\n                <div class=\"socials\">\n                                            <a href=\"https:\/\/www.facebook.com\/conseildeschevauxdenormandie\/\" target=\"_blank\" class=\"icon\">\n                            <span class=\"socicon-facebook\"><\/span>\n                        <\/a>\n                                                                <a href=\"https:\/\/www.linkedin.com\/\" target=\"_blank\" class=\"icon\">\n                            <span class=\"socicon-linkedin\"><\/span>\n                        <\/a>\n                                                                <a href=\"https:\/\/www.youtube.com\/channel\/UCPbT4dQN7Z_uQJIX6STSwRA\" target=\"_blank\" class=\"icon\">\n                            <span class=\"socicon-youtube\"><\/span>\n                        <\/a>\n                                    <\/div>\n            <\/div>\n        <\/div>\n    ","protected":false},"excerpt":{"rendered":"<p>The agency Normandy Horse Agency supports professionals in the Normandy equine industry in the implementation of international partnerships, commercial or institutional, throughout 3 different missions: Founded by the Normandy Horse Council and the Hippolia cluster, this agency combines expertise and networking to assist you in the realization of your partnership and import-export projects. Our fields [&hellip;]<\/p>\n","protected":false},"author":22,"featured_media":0,"parent":1840,"menu_order":0,"comment_status":"closed","ping_status":"closed","template":"page-templates\/editorial.php","meta":{"_acf_changed":false,"footnotes":""},"class_list":["post-40476","page","type-page","status-publish","hentry"],"acf":[],"yoast_head":"<!-- This site is optimized with the Yoast SEO plugin v27.1.1 - https:\/\/yoast.com\/product\/yoast-seo-wordpress\/ -->\n<title>About Us - Conseil des Chevaux de Normandie<\/title>\n<meta name=\"robots\" content=\"index, follow, max-snippet:-1, max-image-preview:large, max-video-preview:-1\" \/>\n<link rel=\"canonical\" href=\"https:\/\/chevaux-normandie.com\/en\/trade\/about-us\/\" \/>\n<meta property=\"og:locale\" content=\"en_US\" \/>\n<meta property=\"og:type\" content=\"article\" \/>\n<meta property=\"og:title\" content=\"About Us - Conseil des Chevaux de Normandie\" \/>\n<meta property=\"og:description\" content=\"The agency Normandy Horse Agency supports professionals in the Normandy equine industry in the implementation of international partnerships, commercial or institutional, throughout 3 different missions: Founded by the Normandy Horse Council and the Hippolia cluster, this agency combines expertise and networking to assist you in the realization of your partnership and import-export projects. Our fields [&hellip;]\" \/>\n<meta property=\"og:url\" content=\"https:\/\/chevaux-normandie.com\/en\/trade\/about-us\/\" \/>\n<meta property=\"og:site_name\" content=\"Conseil des Chevaux de Normandie\" \/>\n<meta property=\"article:modified_time\" content=\"2023-12-18T09:33:19+00:00\" \/>\n<meta property=\"og:image\" content=\"https:\/\/chevaux-normandie.com\/wp-content\/uploads\/2023\/07\/Normandy-Horse-Agency_CMJN-1-1024x610.png\" \/>\n<meta name=\"twitter:card\" content=\"summary_large_image\" \/>\n<meta name=\"twitter:label1\" content=\"Est. reading time\" \/>\n\t<meta name=\"twitter:data1\" content=\"2 minutes\" \/>\n<script type=\"application\/ld+json\" class=\"yoast-schema-graph\">{\"@context\":\"https:\/\/schema.org\",\"@graph\":[{\"@type\":\"WebPage\",\"@id\":\"https:\/\/chevaux-normandie.com\/en\/trade\/about-us\/\",\"url\":\"https:\/\/chevaux-normandie.com\/en\/trade\/about-us\/\",\"name\":\"About Us - Conseil des Chevaux de Normandie\",\"isPartOf\":{\"@id\":\"https:\/\/chevaux-normandie.com\/#website\"},\"primaryImageOfPage\":{\"@id\":\"https:\/\/chevaux-normandie.com\/en\/trade\/about-us\/#primaryimage\"},\"image\":{\"@id\":\"https:\/\/chevaux-normandie.com\/en\/trade\/about-us\/#primaryimage\"},\"thumbnailUrl\":\"https:\/\/chevaux-normandie.com\/wp-content\/uploads\/2023\/07\/Normandy-Horse-Agency_CMJN-1-1024x610.png\",\"datePublished\":\"2023-07-25T08:51:28+00:00\",\"dateModified\":\"2023-12-18T09:33:19+00:00\",\"breadcrumb\":{\"@id\":\"https:\/\/chevaux-normandie.com\/en\/trade\/about-us\/#breadcrumb\"},\"inLanguage\":\"en-US\",\"potentialAction\":[{\"@type\":\"ReadAction\",\"target\":[\"https:\/\/chevaux-normandie.com\/en\/trade\/about-us\/\"]}]},{\"@type\":\"ImageObject\",\"inLanguage\":\"en-US\",\"@id\":\"https:\/\/chevaux-normandie.com\/en\/trade\/about-us\/#primaryimage\",\"url\":\"https:\/\/chevaux-normandie.com\/wp-content\/uploads\/2023\/07\/Normandy-Horse-Agency_CMJN-1-1024x610.png\",\"contentUrl\":\"https:\/\/chevaux-normandie.com\/wp-content\/uploads\/2023\/07\/Normandy-Horse-Agency_CMJN-1-1024x610.png\"},{\"@type\":\"BreadcrumbList\",\"@id\":\"https:\/\/chevaux-normandie.com\/en\/trade\/about-us\/#breadcrumb\",\"itemListElement\":[{\"@type\":\"ListItem\",\"position\":1,\"name\":\"Home\",\"item\":\"https:\/\/chevaux-normandie.com\/en\/\"},{\"@type\":\"ListItem\",\"position\":2,\"name\":\"NORMANDY HORSE AGENCY\",\"item\":\"https:\/\/chevaux-normandie.com\/en\/trade\/\"},{\"@type\":\"ListItem\",\"position\":3,\"name\":\"About Us\"}]},{\"@type\":\"WebSite\",\"@id\":\"https:\/\/chevaux-normandie.com\/#website\",\"url\":\"https:\/\/chevaux-normandie.com\/\",\"name\":\"Conseil des Chevaux de Normandie\",\"description\":\"C\u0153ur de la fili\u00e8re \u00e9quine normande\",\"potentialAction\":[{\"@type\":\"SearchAction\",\"target\":{\"@type\":\"EntryPoint\",\"urlTemplate\":\"https:\/\/chevaux-normandie.com\/?s={search_term_string}\"},\"query-input\":{\"@type\":\"PropertyValueSpecification\",\"valueRequired\":true,\"valueName\":\"search_term_string\"}}],\"inLanguage\":\"en-US\"}]}<\/script>\n<!-- \/ Yoast SEO plugin. -->","yoast_head_json":{"title":"About Us - Conseil des Chevaux de Normandie","robots":{"index":"index","follow":"follow","max-snippet":"max-snippet:-1","max-image-preview":"max-image-preview:large","max-video-preview":"max-video-preview:-1"},"canonical":"https:\/\/chevaux-normandie.com\/en\/trade\/about-us\/","og_locale":"en_US","og_type":"article","og_title":"About Us - Conseil des Chevaux de Normandie","og_description":"The agency Normandy Horse Agency supports professionals in the Normandy equine industry in the implementation of international partnerships, commercial or institutional, throughout 3 different missions: Founded by the Normandy Horse Council and the Hippolia cluster, this agency combines expertise and networking to assist you in the realization of your partnership and import-export projects. Our fields [&hellip;]","og_url":"https:\/\/chevaux-normandie.com\/en\/trade\/about-us\/","og_site_name":"Conseil des Chevaux de Normandie","article_modified_time":"2023-12-18T09:33:19+00:00","og_image":[{"url":"https:\/\/chevaux-normandie.com\/wp-content\/uploads\/2023\/07\/Normandy-Horse-Agency_CMJN-1-1024x610.png","type":"","width":"","height":""}],"twitter_card":"summary_large_image","twitter_misc":{"Est. reading time":"2 minutes"},"schema":{"@context":"https:\/\/schema.org","@graph":[{"@type":"WebPage","@id":"https:\/\/chevaux-normandie.com\/en\/trade\/about-us\/","url":"https:\/\/chevaux-normandie.com\/en\/trade\/about-us\/","name":"About Us - Conseil des Chevaux de Normandie","isPartOf":{"@id":"https:\/\/chevaux-normandie.com\/#website"},"primaryImageOfPage":{"@id":"https:\/\/chevaux-normandie.com\/en\/trade\/about-us\/#primaryimage"},"image":{"@id":"https:\/\/chevaux-normandie.com\/en\/trade\/about-us\/#primaryimage"},"thumbnailUrl":"https:\/\/chevaux-normandie.com\/wp-content\/uploads\/2023\/07\/Normandy-Horse-Agency_CMJN-1-1024x610.png","datePublished":"2023-07-25T08:51:28+00:00","dateModified":"2023-12-18T09:33:19+00:00","breadcrumb":{"@id":"https:\/\/chevaux-normandie.com\/en\/trade\/about-us\/#breadcrumb"},"inLanguage":"en-US","potentialAction":[{"@type":"ReadAction","target":["https:\/\/chevaux-normandie.com\/en\/trade\/about-us\/"]}]},{"@type":"ImageObject","inLanguage":"en-US","@id":"https:\/\/chevaux-normandie.com\/en\/trade\/about-us\/#primaryimage","url":"https:\/\/chevaux-normandie.com\/wp-content\/uploads\/2023\/07\/Normandy-Horse-Agency_CMJN-1-1024x610.png","contentUrl":"https:\/\/chevaux-normandie.com\/wp-content\/uploads\/2023\/07\/Normandy-Horse-Agency_CMJN-1-1024x610.png"},{"@type":"BreadcrumbList","@id":"https:\/\/chevaux-normandie.com\/en\/trade\/about-us\/#breadcrumb","itemListElement":[{"@type":"ListItem","position":1,"name":"Home","item":"https:\/\/chevaux-normandie.com\/en\/"},{"@type":"ListItem","position":2,"name":"NORMANDY HORSE AGENCY","item":"https:\/\/chevaux-normandie.com\/en\/trade\/"},{"@type":"ListItem","position":3,"name":"About Us"}]},{"@type":"WebSite","@id":"https:\/\/chevaux-normandie.com\/#website","url":"https:\/\/chevaux-normandie.com\/","name":"Conseil des Chevaux de Normandie","description":"C\u0153ur de la fili\u00e8re \u00e9quine normande","potentialAction":[{"@type":"SearchAction","target":{"@type":"EntryPoint","urlTemplate":"https:\/\/chevaux-normandie.com\/?s={search_term_string}"},"query-input":{"@type":"PropertyValueSpecification","valueRequired":true,"valueName":"search_term_string"}}],"inLanguage":"en-US"}]}},"_links":{"self":[{"href":"https:\/\/chevaux-normandie.com\/en\/wp-json\/wp\/v2\/pages\/40476","targetHints":{"allow":["GET"]}}],"collection":[{"href":"https:\/\/chevaux-normandie.com\/en\/wp-json\/wp\/v2\/pages"}],"about":[{"href":"https:\/\/chevaux-normandie.com\/en\/wp-json\/wp\/v2\/types\/page"}],"author":[{"embeddable":true,"href":"https:\/\/chevaux-normandie.com\/en\/wp-json\/wp\/v2\/users\/22"}],"replies":[{"embeddable":true,"href":"https:\/\/chevaux-normandie.com\/en\/wp-json\/wp\/v2\/comments?post=40476"}],"version-history":[{"count":39,"href":"https:\/\/chevaux-normandie.com\/en\/wp-json\/wp\/v2\/pages\/40476\/revisions"}],"predecessor-version":[{"id":42656,"href":"https:\/\/chevaux-normandie.com\/en\/wp-json\/wp\/v2\/pages\/40476\/revisions\/42656"}],"up":[{"embeddable":true,"href":"https:\/\/chevaux-normandie.com\/en\/wp-json\/wp\/v2\/pages\/1840"}],"wp:attachment":[{"href":"https:\/\/chevaux-normandie.com\/en\/wp-json\/wp\/v2\/media?parent=40476"}],"curies":[{"name":"wp","href":"https:\/\/api.w.org\/{rel}","templated":true}]}}