{"id":40484,"date":"2023-07-25T10:55:55","date_gmt":"2023-07-25T08:55:55","guid":{"rendered":"https:\/\/chevaux-normandie.com\/?page_id=40484"},"modified":"2023-09-05T18:17:39","modified_gmt":"2023-09-05T16:17:39","slug":"normandy-horse-meetup-event","status":"publish","type":"page","link":"https:\/\/chevaux-normandie.com\/en\/trade\/normandy-horse-meetup-event\/","title":{"rendered":"Normandy Horse Meet\u2019Up Event"},"content":{"rendered":"<h2 class=\"wp-block-heading\" id=\"normandy-horse-meetup-is-the-1st-event-in-france-dedicated-to-horse-professionals\">Normandy Horse Meet&#8217;Up is the 1st event in France dedicated to horse professionals!<\/h2>\n\n\n<figure class=\"wp-block-image size-full\"><img loading=\"lazy\" decoding=\"async\" width=\"851\" height=\"315\" src=\"https:\/\/chevaux-normandie.com\/wp-content\/uploads\/2023\/04\/Couv-facebook.png\" alt=\"\" class=\"wp-image-38566\" srcset=\"https:\/\/chevaux-normandie.com\/wp-content\/uploads\/2023\/04\/Couv-facebook.png 851w, https:\/\/chevaux-normandie.com\/wp-content\/uploads\/2023\/04\/Couv-facebook-300x111.png 300w, https:\/\/chevaux-normandie.com\/wp-content\/uploads\/2023\/04\/Couv-facebook-768x284.png 768w, https:\/\/chevaux-normandie.com\/wp-content\/uploads\/2023\/04\/Couv-facebook-240x89.png 240w\" sizes=\"auto, (max-width: 851px) 100vw, 851px\" \/><\/figure>\n\n\n\n<p>This show dedicated to professional encounters, promotes networking and presents the latest trends and innovations in the sector with:<\/p>\n\n\n\n<ul class=\"wp-block-list\"><li><strong>2 exhibition halls<\/strong> bringing together exhibitors, conferences and live demonstrations<\/li><li><strong>15<\/strong> technical &amp; scientific <strong>conferences<\/strong><\/li><li><strong>95 exhibitors<\/strong> expected around the equine sector<\/li><li><strong>70 demonstrations<\/strong> with horses<\/li><\/ul>\n\n\n\n<p>Organized by the <strong>EquuRES<\/strong> <strong>Label<\/strong>, the <strong>Hippolia cluster<\/strong>, as well as the <strong>Normandy Horse Council<\/strong>, this show welcomes you every year in Deauville to meet and to discuss and share on the themes of <strong>innovation<\/strong>, horse <strong>welfare<\/strong> and <strong>sustainable development<\/strong>.<\/p>\n\n\n\n<div class=\"wp-block-columns is-layout-flex wp-container-core-columns-is-layout-9d6595d7 wp-block-columns-is-layout-flex\">\n<div class=\"wp-block-column is-layout-flow wp-block-column-is-layout-flow\" style=\"flex-basis:100%\">\n<figure class=\"wp-block-gallery has-nested-images columns-default is-cropped wp-block-gallery-1 is-layout-flex wp-block-gallery-is-layout-flex\">\n<figure class=\"wp-block-image size-large\"><img decoding=\"async\" data-id=\"38738\" src=\"https:\/\/chevaux-normandie.com\/wp-content\/uploads\/2023\/04\/Dr-Jean-Marie-Denoix-1.jpg\" alt=\"\" class=\"wp-image-38738\"\/><figcaption>&nbsp;Jean-Marie Denoix<\/figcaption><\/figure>\n\n\n\n<figure class=\"wp-block-image size-large\"><img decoding=\"async\" data-id=\"38736\" src=\"https:\/\/chevaux-normandie.com\/wp-content\/uploads\/2023\/04\/Dr-Jean-Marie-Denoix-2.jpg\" alt=\"\" class=\"wp-image-38736\"\/><figcaption>&nbsp;Jean-Marie Denoix<\/figcaption><\/figure>\n\n\n\n<figure class=\"wp-block-image size-large\"><img decoding=\"async\" data-id=\"36871\" src=\"https:\/\/chevaux-normandie.com\/wp-content\/uploads\/2022\/09\/Normandy-Horse-Meet-Up-rencontre-professionnelle-cheval-Deauville-2022-remise-trophee-equi-projets.jpg\" alt=\"\" class=\"wp-image-36871\"\/><figcaption>Equi-projets trophy<\/figcaption><\/figure>\n<figcaption class=\"blocks-gallery-caption\"><figure class=\"wp-block-image size-large\"><figure class=\"wp-block-image size-large\"> <\/figure><\/figure><\/figcaption><\/figure>\n<\/div>\n<\/div>\n\n\n<div class=\"arrow-btn-link-container\">\n    <a href=\"https:\/\/www.normandy-horse-meetup.fr\" target=\"_blank\" class=\"bordered-btn is-green\">\n        Normandy Horse Meet&#8217;Up Website        <span class=\"general-arrow\"><\/span>\n    <\/a>\n<\/div>\n\n\n\n<figure class=\"wp-block-embed aligncenter is-type-video is-provider-youtube wp-block-embed-youtube wp-embed-aspect-16-9 wp-has-aspect-ratio\"><div class=\"wp-block-embed__wrapper\">\n<iframe loading=\"lazy\" title=\"Normandy Horse Meet up 2022 - le bilan\" width=\"500\" height=\"281\" src=\"https:\/\/www.youtube.com\/embed\/v-8mNHcxPt8?feature=oembed\" frameborder=\"0\" allow=\"accelerometer; autoplay; clipboard-write; encrypted-media; gyroscope; picture-in-picture; web-share\" referrerpolicy=\"strict-origin-when-cross-origin\" allowfullscreen><\/iframe>\n<\/div><\/figure>\n\n\n<h2 class=\"wp-block-heading\" id=\"useful-information\">Useful information<\/h2>\n\n\n<p>21st &amp; 22nd september 2023<br>P\u00f4le International du Cheval Longines Deauville<br>14 Avenue Ox And Bucks, 14800 Saint-Arnoult, France<\/p>\n\n\n<h2 class=\"wp-block-heading\" id=\"excerpt-from-the-programme\">Excerpt from the programme<\/h2>\n\n\n<div class=\"wp-block-columns is-layout-flex wp-container-core-columns-is-layout-9d6595d7 wp-block-columns-is-layout-flex\">\n<div class=\"wp-block-column is-layout-flow wp-block-column-is-layout-flow\">\n<p><strong>THURSDAY 21<sup>st<\/sup> SEPTEMBER 2023<\/strong><\/p>\n\n\n\n<p><strong>Meet\u2019Up Colloque<\/strong><\/p>\n\n\n\n<ul class=\"wp-block-list\"><li>10:00-10:40am Scientific and technical advances in reproduction, <em>Maud CAILLAUD and Hubert TERRIS \u2013 IFCE<\/em><\/li><li>11:40am-12:10pm Early castration of the foal: effects on body development and temperament,<em> Juliette COGNIE &#8211; INRAE<\/em><\/li><li>12:10-12:40pm Effect of weaning and socialization of the foal on its behavioral and physical development, <em>Mathilde VALENCHON \u2013 INRAE<\/em><\/li><li>2:30-3:00pm New technologies at the service of racehorse performance, <em>Emmanuelle VAN ERCK &#8211; Equine Sports Medicine Practice<\/em><\/li><li>3:00-3:40pm Sports and daily management of horses with respiratory problems (HPIE, asthma), <em>Eric RICHARD &#8211; Labeo-Biotargen<\/em> <em>and Anne COUROUC\u00c9 &#8211; ONIRIS Nantes<\/em><\/li><li>4:00-4:30pm Gastric ulcers in sport horses: what&#8217;s new?, <em>Claire LELEU &#8211; Equi-test<\/em><\/li><li>4:30-5:00pm Occupational locomotor disorders in the athletic horse, <em>Virginie COUDRY &#8211; ENVA CIRALE<\/em><\/li><\/ul>\n\n\n\n<p><strong>Meet\u2019Up D\u00e9mo<\/strong><\/p>\n\n\n\n<ul class=\"wp-block-list\"><li>10:25-10:45am EQUISYM, a locomotion quantification tool developed in partnership with equine locomotion experts, <em>EnvA \u2013 CIRALE<\/em><\/li><li>10:50-11:10am New approaches for your safety with a horse in care, <em>Alexandra MAILLIARD &#8211; Horse Centric Care<\/em><\/li><li>2:10-2:30pm Key Points in Preparing for Operational Handover, <em>Guillaume RENET &#8211; Cr\u00e9dit Agricole Normandie<\/em><\/li><\/ul>\n\n\n\n<p><strong>Meet\u2019up Expert<\/strong><\/p>\n\n\n\n<ul class=\"wp-block-list\"><li><span style=\"color: initial;\">11:55am-12:15pm Functioning of the horse&#8217;s digestive system and associated good dietary practices, <\/span><em style=\"color: initial;\">Ang\u00e9lique DESCARPENTRY &#8211; Equitransm\u2019\u00eatre<\/em><\/li><li>12:45-1:05pm How do active stables meet the basic needs of horses? <em>Fanny PIERARD \u2013 Ecov\u00e9g\u00e9tal<\/em><\/li><li>3:25-3:45pm Body condition score and basics for establishing a suitable ration, <em>Ang\u00e9lique DESCARPENTRY &#8211; Equitransm\u2019\u00eatre<\/em><\/li><\/ul>\n<\/div>\n\n\n\n<div class=\"wp-block-column is-layout-flow wp-block-column-is-layout-flow\">\n<p><strong>FRIDAY 22<sup>nd<\/sup> SEPTEMBER 2023<\/strong><\/p>\n\n\n\n<p><strong>Meet\u2019Up Colloque<\/strong><\/p>\n\n\n\n<ul class=\"wp-block-list\"><li>10:00-10:30am Human-equine relations: societal issue and challenges for professionals, <em>Vanina DENEUX \u2013 IFCE<\/em><\/li><li>10:30-11:00am The well-being of mediation horses: an inventory, <em>C\u00e9line ROCHAIS &#8211; Universit\u00e9 Rennes 1<\/em><\/li><li>11:30am-12:00pm How to Create Horse Motivation in Equestrian Sports, <em>Caroline GODIN &#8211; Haras de la Cense<\/em><\/li><li>12:00-12:30pm Riding performance: a multifactorial approach, <em>Agn\u00e8s OLIVIER &#8211; IFCE<\/em><\/li><li>2:30-3:00pm Climate change: how to adapt the management of its grasslands to move towards food self-sufficiency? <em>Ang\u00e9lique DESCARPENTRY &#8211; Equitransm\u2019\u00eatre<\/em><\/li><li>3:00-3:30pm Atypical myopathy in equines: understanding for better prevention, <em>Dominique VOTION &#8211; Universit\u00e9 de Li\u00e8ge<\/em><\/li><li>4:40-5:10pm Water in the equine sector between issues, uses and restrictions, <em>Agata RZEKEC and Fran\u00e7oise LUMALE &#8211; IFCE<\/em><\/li><\/ul>\n\n\n\n<p><strong>Meet\u2019Up D\u00e9mo<\/strong><\/p>\n\n\n\n<ul class=\"wp-block-list\"><li><span style=\"color: initial;\">2:30-3:00pm Scientific Support for Performance: ASP \u2013 Athlete Rider, Agn\u00e8s OLIVIER,&nbsp; Elena PYCICK &#8211; IFCE<\/span><\/li><li>3:30-3:50pm Advice from a dentist on the choice and cushioning adapted to each horse, <em>Harold FEUGAS and Benjamin GUILLEMIN &#8211; I-Bride<\/em><\/li><li>5:35-5:55pm Equine atypical myopathy (AEM): risk management in pasture, <em>Delphine FRANCKSON and&nbsp; Arnaud FARINELLE &#8211; Cheval O&#8217;Vert<\/em><\/li><\/ul>\n\n\n\n<p><strong>Meet\u2019up Expert<\/strong><\/p>\n\n\n\n<ul class=\"wp-block-list\"><li><span style=\"color: initial;\">11:30-11:50am Reasoning for deworming: preserving the environment and limiting resistance, <\/span><em style=\"color: initial;\">Aur\u00e9lie MERLIN &#8211; ANSES<\/em><\/li><li>12:20-12:40pm The main biosecurity principles to follow in the event of a problem, <em>Camille VERCKEN &#8211; EQUIWAYS<\/em><\/li><li>3:25 -3:45pm Manure management and outlets, <em>Orianne VALAIS &#8211; IFCE<\/em><\/li><\/ul>\n<\/div>\n<\/div>\n\n\n\n            <div class=\"b-contact-block\">\n                            <div class=\"contact-tag\">\n                    Contact\n                <\/div>\n                        <div class=\"left-container\">\n                                    <div class=\"portrait\">\n                        <img decoding=\"async\" src=\"https:\/\/chevaux-normandie.com\/wp-content\/uploads\/2021\/04\/EQUIPE210413-visuel-site-internet-pascal-bouille.jpg\" alt=\"\">\n                    <\/div>\n                                <div>\n                    <div class=\"title\">Pascal BOUILLE<\/div>\n                    <div class=\"texte\">\n                        <p><span style=\"font-weight: 400;\">Economic Development Coordinator<\/span><\/p>\n                    <\/div>\n                    <div class=\"phone\">\n                        <span class=\"lnr lnr-phone-handset\"><\/span>\n                        +33 6 17 98 29 13                    <\/div>\n                <\/div>\n            <\/div>\n            <div>\n                <a href=\"mailto:pascal.bouille@chevaux-normandie.com\" class=\"contact-btn\">\n                    <span class=\"lnr lnr-envelope\"><\/span>\n                    Contact                <\/a>\n                <div class=\"socials\">\n                                            <a href=\"https:\/\/www.facebook.com\/conseildeschevauxdenormandie\/\" target=\"_blank\" class=\"icon\">\n                            <span class=\"socicon-facebook\"><\/span>\n                        <\/a>\n                                                                <a href=\"https:\/\/www.linkedin.com\/\" target=\"_blank\" class=\"icon\">\n                            <span class=\"socicon-linkedin\"><\/span>\n                        <\/a>\n                                                                <a href=\"https:\/\/www.youtube.com\/channel\/UCPbT4dQN7Z_uQJIX6STSwRA\" target=\"_blank\" class=\"icon\">\n                            <span class=\"socicon-youtube\"><\/span>\n                        <\/a>\n                                    <\/div>\n            <\/div>\n        <\/div>\n    ","protected":false},"excerpt":{"rendered":"<p>Normandy Horse Meet&#8217;Up is the 1st event in France dedicated to horse professionals! This show dedicated to professional encounters, promotes networking and presents the latest trends and innovations in the sector with: 2 exhibition halls bringing together exhibitors, conferences and live demonstrations 15 technical &amp; scientific conferences 95 exhibitors expected around the equine sector 70 [&hellip;]<\/p>\n","protected":false},"author":22,"featured_media":0,"parent":1840,"menu_order":0,"comment_status":"closed","ping_status":"closed","template":"page-templates\/editorial.php","meta":{"_acf_changed":false,"footnotes":""},"class_list":["post-40484","page","type-page","status-publish","hentry"],"acf":[],"yoast_head":"<!-- This site is optimized with the Yoast SEO plugin v27.1.1 - https:\/\/yoast.com\/product\/yoast-seo-wordpress\/ -->\n<title>Normandy Horse Meet\u2019Up Event - Conseil des Chevaux de Normandie<\/title>\n<meta name=\"robots\" content=\"index, follow, max-snippet:-1, max-image-preview:large, max-video-preview:-1\" \/>\n<link rel=\"canonical\" href=\"https:\/\/chevaux-normandie.com\/en\/trade\/normandy-horse-meetup-event\/\" \/>\n<meta property=\"og:locale\" content=\"en_US\" \/>\n<meta property=\"og:type\" content=\"article\" \/>\n<meta property=\"og:title\" content=\"Normandy Horse Meet\u2019Up Event - Conseil des Chevaux de Normandie\" \/>\n<meta property=\"og:description\" content=\"Normandy Horse Meet&#8217;Up is the 1st event in France dedicated to horse professionals! This show dedicated to professional encounters, promotes networking and presents the latest trends and innovations in the sector with: 2 exhibition halls bringing together exhibitors, conferences and live demonstrations 15 technical &amp; scientific conferences 95 exhibitors expected around the equine sector 70 [&hellip;]\" \/>\n<meta property=\"og:url\" content=\"https:\/\/chevaux-normandie.com\/en\/trade\/normandy-horse-meetup-event\/\" \/>\n<meta property=\"og:site_name\" content=\"Conseil des Chevaux de Normandie\" \/>\n<meta property=\"article:modified_time\" content=\"2023-09-05T16:17:39+00:00\" \/>\n<meta property=\"og:image\" content=\"https:\/\/chevaux-normandie.com\/wp-content\/uploads\/2023\/04\/Couv-facebook.png\" \/>\n<meta name=\"twitter:card\" content=\"summary_large_image\" \/>\n<meta name=\"twitter:label1\" content=\"Est. reading time\" \/>\n\t<meta name=\"twitter:data1\" content=\"4 minutes\" \/>\n<script type=\"application\/ld+json\" class=\"yoast-schema-graph\">{\"@context\":\"https:\/\/schema.org\",\"@graph\":[{\"@type\":\"WebPage\",\"@id\":\"https:\/\/chevaux-normandie.com\/en\/trade\/normandy-horse-meetup-event\/\",\"url\":\"https:\/\/chevaux-normandie.com\/en\/trade\/normandy-horse-meetup-event\/\",\"name\":\"Normandy Horse Meet\u2019Up Event - Conseil des Chevaux de Normandie\",\"isPartOf\":{\"@id\":\"https:\/\/chevaux-normandie.com\/#website\"},\"primaryImageOfPage\":{\"@id\":\"https:\/\/chevaux-normandie.com\/en\/trade\/normandy-horse-meetup-event\/#primaryimage\"},\"image\":{\"@id\":\"https:\/\/chevaux-normandie.com\/en\/trade\/normandy-horse-meetup-event\/#primaryimage\"},\"thumbnailUrl\":\"https:\/\/chevaux-normandie.com\/wp-content\/uploads\/2023\/04\/Couv-facebook.png\",\"datePublished\":\"2023-07-25T08:55:55+00:00\",\"dateModified\":\"2023-09-05T16:17:39+00:00\",\"breadcrumb\":{\"@id\":\"https:\/\/chevaux-normandie.com\/en\/trade\/normandy-horse-meetup-event\/#breadcrumb\"},\"inLanguage\":\"en-US\",\"potentialAction\":[{\"@type\":\"ReadAction\",\"target\":[\"https:\/\/chevaux-normandie.com\/en\/trade\/normandy-horse-meetup-event\/\"]}]},{\"@type\":\"ImageObject\",\"inLanguage\":\"en-US\",\"@id\":\"https:\/\/chevaux-normandie.com\/en\/trade\/normandy-horse-meetup-event\/#primaryimage\",\"url\":\"https:\/\/chevaux-normandie.com\/wp-content\/uploads\/2023\/04\/Couv-facebook.png\",\"contentUrl\":\"https:\/\/chevaux-normandie.com\/wp-content\/uploads\/2023\/04\/Couv-facebook.png\"},{\"@type\":\"BreadcrumbList\",\"@id\":\"https:\/\/chevaux-normandie.com\/en\/trade\/normandy-horse-meetup-event\/#breadcrumb\",\"itemListElement\":[{\"@type\":\"ListItem\",\"position\":1,\"name\":\"Home\",\"item\":\"https:\/\/chevaux-normandie.com\/en\/\"},{\"@type\":\"ListItem\",\"position\":2,\"name\":\"NORMANDY HORSE AGENCY\",\"item\":\"https:\/\/chevaux-normandie.com\/en\/trade\/\"},{\"@type\":\"ListItem\",\"position\":3,\"name\":\"Normandy Horse Meet\u2019Up Event\"}]},{\"@type\":\"WebSite\",\"@id\":\"https:\/\/chevaux-normandie.com\/#website\",\"url\":\"https:\/\/chevaux-normandie.com\/\",\"name\":\"Conseil des Chevaux de Normandie\",\"description\":\"C\u0153ur de la fili\u00e8re \u00e9quine normande\",\"potentialAction\":[{\"@type\":\"SearchAction\",\"target\":{\"@type\":\"EntryPoint\",\"urlTemplate\":\"https:\/\/chevaux-normandie.com\/?s={search_term_string}\"},\"query-input\":{\"@type\":\"PropertyValueSpecification\",\"valueRequired\":true,\"valueName\":\"search_term_string\"}}],\"inLanguage\":\"en-US\"}]}<\/script>\n<!-- \/ Yoast SEO plugin. -->","yoast_head_json":{"title":"Normandy Horse Meet\u2019Up Event - Conseil des Chevaux de Normandie","robots":{"index":"index","follow":"follow","max-snippet":"max-snippet:-1","max-image-preview":"max-image-preview:large","max-video-preview":"max-video-preview:-1"},"canonical":"https:\/\/chevaux-normandie.com\/en\/trade\/normandy-horse-meetup-event\/","og_locale":"en_US","og_type":"article","og_title":"Normandy Horse Meet\u2019Up Event - Conseil des Chevaux de Normandie","og_description":"Normandy Horse Meet&#8217;Up is the 1st event in France dedicated to horse professionals! This show dedicated to professional encounters, promotes networking and presents the latest trends and innovations in the sector with: 2 exhibition halls bringing together exhibitors, conferences and live demonstrations 15 technical &amp; scientific conferences 95 exhibitors expected around the equine sector 70 [&hellip;]","og_url":"https:\/\/chevaux-normandie.com\/en\/trade\/normandy-horse-meetup-event\/","og_site_name":"Conseil des Chevaux de Normandie","article_modified_time":"2023-09-05T16:17:39+00:00","og_image":[{"url":"https:\/\/chevaux-normandie.com\/wp-content\/uploads\/2023\/04\/Couv-facebook.png","type":"","width":"","height":""}],"twitter_card":"summary_large_image","twitter_misc":{"Est. reading time":"4 minutes"},"schema":{"@context":"https:\/\/schema.org","@graph":[{"@type":"WebPage","@id":"https:\/\/chevaux-normandie.com\/en\/trade\/normandy-horse-meetup-event\/","url":"https:\/\/chevaux-normandie.com\/en\/trade\/normandy-horse-meetup-event\/","name":"Normandy Horse Meet\u2019Up Event - Conseil des Chevaux de Normandie","isPartOf":{"@id":"https:\/\/chevaux-normandie.com\/#website"},"primaryImageOfPage":{"@id":"https:\/\/chevaux-normandie.com\/en\/trade\/normandy-horse-meetup-event\/#primaryimage"},"image":{"@id":"https:\/\/chevaux-normandie.com\/en\/trade\/normandy-horse-meetup-event\/#primaryimage"},"thumbnailUrl":"https:\/\/chevaux-normandie.com\/wp-content\/uploads\/2023\/04\/Couv-facebook.png","datePublished":"2023-07-25T08:55:55+00:00","dateModified":"2023-09-05T16:17:39+00:00","breadcrumb":{"@id":"https:\/\/chevaux-normandie.com\/en\/trade\/normandy-horse-meetup-event\/#breadcrumb"},"inLanguage":"en-US","potentialAction":[{"@type":"ReadAction","target":["https:\/\/chevaux-normandie.com\/en\/trade\/normandy-horse-meetup-event\/"]}]},{"@type":"ImageObject","inLanguage":"en-US","@id":"https:\/\/chevaux-normandie.com\/en\/trade\/normandy-horse-meetup-event\/#primaryimage","url":"https:\/\/chevaux-normandie.com\/wp-content\/uploads\/2023\/04\/Couv-facebook.png","contentUrl":"https:\/\/chevaux-normandie.com\/wp-content\/uploads\/2023\/04\/Couv-facebook.png"},{"@type":"BreadcrumbList","@id":"https:\/\/chevaux-normandie.com\/en\/trade\/normandy-horse-meetup-event\/#breadcrumb","itemListElement":[{"@type":"ListItem","position":1,"name":"Home","item":"https:\/\/chevaux-normandie.com\/en\/"},{"@type":"ListItem","position":2,"name":"NORMANDY HORSE AGENCY","item":"https:\/\/chevaux-normandie.com\/en\/trade\/"},{"@type":"ListItem","position":3,"name":"Normandy Horse Meet\u2019Up Event"}]},{"@type":"WebSite","@id":"https:\/\/chevaux-normandie.com\/#website","url":"https:\/\/chevaux-normandie.com\/","name":"Conseil des Chevaux de Normandie","description":"C\u0153ur de la fili\u00e8re \u00e9quine normande","potentialAction":[{"@type":"SearchAction","target":{"@type":"EntryPoint","urlTemplate":"https:\/\/chevaux-normandie.com\/?s={search_term_string}"},"query-input":{"@type":"PropertyValueSpecification","valueRequired":true,"valueName":"search_term_string"}}],"inLanguage":"en-US"}]}},"_links":{"self":[{"href":"https:\/\/chevaux-normandie.com\/en\/wp-json\/wp\/v2\/pages\/40484","targetHints":{"allow":["GET"]}}],"collection":[{"href":"https:\/\/chevaux-normandie.com\/en\/wp-json\/wp\/v2\/pages"}],"about":[{"href":"https:\/\/chevaux-normandie.com\/en\/wp-json\/wp\/v2\/types\/page"}],"author":[{"embeddable":true,"href":"https:\/\/chevaux-normandie.com\/en\/wp-json\/wp\/v2\/users\/22"}],"replies":[{"embeddable":true,"href":"https:\/\/chevaux-normandie.com\/en\/wp-json\/wp\/v2\/comments?post=40484"}],"version-history":[{"count":24,"href":"https:\/\/chevaux-normandie.com\/en\/wp-json\/wp\/v2\/pages\/40484\/revisions"}],"predecessor-version":[{"id":41987,"href":"https:\/\/chevaux-normandie.com\/en\/wp-json\/wp\/v2\/pages\/40484\/revisions\/41987"}],"up":[{"embeddable":true,"href":"https:\/\/chevaux-normandie.com\/en\/wp-json\/wp\/v2\/pages\/1840"}],"wp:attachment":[{"href":"https:\/\/chevaux-normandie.com\/en\/wp-json\/wp\/v2\/media?parent=40484"}],"curies":[{"name":"wp","href":"https:\/\/api.w.org\/{rel}","templated":true}]}}