{"id":40733,"date":"2023-07-26T11:39:39","date_gmt":"2023-07-26T09:39:39","guid":{"rendered":"https:\/\/chevaux-normandie.com\/?page_id=40733"},"modified":"2023-09-05T17:16:17","modified_gmt":"2023-09-05T15:16:17","slug":"coming","status":"publish","type":"page","link":"https:\/\/chevaux-normandie.com\/en\/coming\/","title":{"rendered":"VISITING"},"content":{"rendered":"\n<div class=\"b-summary-childs-container alignwide\">\n                                                        <div class=\"child-block-container\">\n                    <div class=\"row\">\n                                            <div class=\"col-md-4\">\n                            <div class=\"desc-block is-left\">\n                                <h3 class=\"title\">Delegation, business and study trip<\/h3>\n                                <p class=\"excerpt\"><\/p>\n                                <a href=\"https:\/\/chevaux-normandie.com\/en\/coming\/delegation-business-and-study-trip\/\" class=\"arrow-block\">\n                                    <span class=\"lnr lnr-arrow-right\"><\/span>\n                                <\/a>\n                            <\/div>\n                        <\/div>\n                        <div class=\"col-md-8\">\n                            <div class=\"child-block\" style=\"background-image: url(https:\/\/chevaux-normandie.com\/wp-content\/uploads\/2023\/08\/ARQANA-YEARLING-DEAUVILLE-2021-189-scaled.jpg)\"><\/div>\n                        <\/div>\n                                        <\/div>\n                <\/div>\n                                            <div class=\"child-block-container\">\n                    <div class=\"row\">\n                                            <div class=\"col-md-8 order-md-1 order-2\">\n                            <div class=\"child-block\" style=\"background-image: url(https:\/\/chevaux-normandie.com\/wp-content\/uploads\/2023\/07\/257658125_5222346531115466_4482989009555248206_n-2.jpg)\"><\/div>\n                        <\/div>\n                        <div class=\"col-md-4 order-md-2 order-1\">\n                            <div class=\"desc-block is-right\">\n                                <h3 class=\"title\">Competition tour<\/h3>\n                                <p class=\"excerpt\"><\/p>\n                                <a href=\"https:\/\/chevaux-normandie.com\/en\/coming\/competition-tour\/\" class=\"arrow-block\">\n                                    <span class=\"lnr lnr-arrow-right\"><\/span>\n                                <\/a>\n                            <\/div>\n                        <\/div>\n                                        <\/div>\n                <\/div>\n                                            <div class=\"child-block-container\">\n                    <div class=\"row\">\n                                            <div class=\"col-md-4\">\n                            <div class=\"desc-block is-left\">\n                                <h3 class=\"title\">Tourism<\/h3>\n                                <p class=\"excerpt\"><\/p>\n                                <a href=\"https:\/\/chevaux-normandie.com\/en\/coming\/tourism\/\" class=\"arrow-block\">\n                                    <span class=\"lnr lnr-arrow-right\"><\/span>\n                                <\/a>\n                            <\/div>\n                        <\/div>\n                        <div class=\"col-md-8\">\n                            <div class=\"child-block\" style=\"background-image: url(https:\/\/chevaux-normandie.com\/wp-content\/uploads\/2023\/08\/CHEVAUX-PLAGE-MANCHE-NORMANDIE-5-scaled.jpg)\"><\/div>\n                        <\/div>\n                                        <\/div>\n                <\/div>\n                        <\/div>\n","protected":false},"excerpt":{"rendered":"","protected":false},"author":20,"featured_media":0,"parent":0,"menu_order":0,"comment_status":"closed","ping_status":"closed","template":"page-templates\/sommaire.php","meta":{"_acf_changed":false,"footnotes":""},"class_list":["post-40733","page","type-page","status-publish","hentry"],"acf":[],"yoast_head":"<!-- This site is optimized with the Yoast SEO plugin v27.1.1 - https:\/\/yoast.com\/product\/yoast-seo-wordpress\/ -->\n<title>VISITING - Conseil des Chevaux de Normandie<\/title>\n<meta name=\"robots\" content=\"index, follow, max-snippet:-1, max-image-preview:large, max-video-preview:-1\" \/>\n<link rel=\"canonical\" href=\"https:\/\/chevaux-normandie.com\/en\/coming\/\" \/>\n<meta property=\"og:locale\" content=\"en_US\" \/>\n<meta property=\"og:type\" content=\"article\" \/>\n<meta property=\"og:title\" content=\"VISITING - Conseil des Chevaux de Normandie\" \/>\n<meta property=\"og:url\" content=\"https:\/\/chevaux-normandie.com\/en\/coming\/\" \/>\n<meta property=\"og:site_name\" content=\"Conseil des Chevaux de Normandie\" \/>\n<meta property=\"article:modified_time\" content=\"2023-09-05T15:16:17+00:00\" \/>\n<meta name=\"twitter:card\" content=\"summary_large_image\" \/>\n<script type=\"application\/ld+json\" class=\"yoast-schema-graph\">{\"@context\":\"https:\/\/schema.org\",\"@graph\":[{\"@type\":\"WebPage\",\"@id\":\"https:\/\/chevaux-normandie.com\/en\/coming\/\",\"url\":\"https:\/\/chevaux-normandie.com\/en\/coming\/\",\"name\":\"VISITING - Conseil des Chevaux de Normandie\",\"isPartOf\":{\"@id\":\"https:\/\/chevaux-normandie.com\/#website\"},\"datePublished\":\"2023-07-26T09:39:39+00:00\",\"dateModified\":\"2023-09-05T15:16:17+00:00\",\"breadcrumb\":{\"@id\":\"https:\/\/chevaux-normandie.com\/en\/coming\/#breadcrumb\"},\"inLanguage\":\"en-US\",\"potentialAction\":[{\"@type\":\"ReadAction\",\"target\":[\"https:\/\/chevaux-normandie.com\/en\/coming\/\"]}]},{\"@type\":\"BreadcrumbList\",\"@id\":\"https:\/\/chevaux-normandie.com\/en\/coming\/#breadcrumb\",\"itemListElement\":[{\"@type\":\"ListItem\",\"position\":1,\"name\":\"Home\",\"item\":\"https:\/\/chevaux-normandie.com\/en\/\"},{\"@type\":\"ListItem\",\"position\":2,\"name\":\"VISITING\"}]},{\"@type\":\"WebSite\",\"@id\":\"https:\/\/chevaux-normandie.com\/#website\",\"url\":\"https:\/\/chevaux-normandie.com\/\",\"name\":\"Conseil des Chevaux de Normandie\",\"description\":\"C\u0153ur de la fili\u00e8re \u00e9quine normande\",\"potentialAction\":[{\"@type\":\"SearchAction\",\"target\":{\"@type\":\"EntryPoint\",\"urlTemplate\":\"https:\/\/chevaux-normandie.com\/?s={search_term_string}\"},\"query-input\":{\"@type\":\"PropertyValueSpecification\",\"valueRequired\":true,\"valueName\":\"search_term_string\"}}],\"inLanguage\":\"en-US\"}]}<\/script>\n<!-- \/ Yoast SEO plugin. -->","yoast_head_json":{"title":"VISITING - Conseil des Chevaux de Normandie","robots":{"index":"index","follow":"follow","max-snippet":"max-snippet:-1","max-image-preview":"max-image-preview:large","max-video-preview":"max-video-preview:-1"},"canonical":"https:\/\/chevaux-normandie.com\/en\/coming\/","og_locale":"en_US","og_type":"article","og_title":"VISITING - Conseil des Chevaux de Normandie","og_url":"https:\/\/chevaux-normandie.com\/en\/coming\/","og_site_name":"Conseil des Chevaux de Normandie","article_modified_time":"2023-09-05T15:16:17+00:00","twitter_card":"summary_large_image","schema":{"@context":"https:\/\/schema.org","@graph":[{"@type":"WebPage","@id":"https:\/\/chevaux-normandie.com\/en\/coming\/","url":"https:\/\/chevaux-normandie.com\/en\/coming\/","name":"VISITING - Conseil des Chevaux de Normandie","isPartOf":{"@id":"https:\/\/chevaux-normandie.com\/#website"},"datePublished":"2023-07-26T09:39:39+00:00","dateModified":"2023-09-05T15:16:17+00:00","breadcrumb":{"@id":"https:\/\/chevaux-normandie.com\/en\/coming\/#breadcrumb"},"inLanguage":"en-US","potentialAction":[{"@type":"ReadAction","target":["https:\/\/chevaux-normandie.com\/en\/coming\/"]}]},{"@type":"BreadcrumbList","@id":"https:\/\/chevaux-normandie.com\/en\/coming\/#breadcrumb","itemListElement":[{"@type":"ListItem","position":1,"name":"Home","item":"https:\/\/chevaux-normandie.com\/en\/"},{"@type":"ListItem","position":2,"name":"VISITING"}]},{"@type":"WebSite","@id":"https:\/\/chevaux-normandie.com\/#website","url":"https:\/\/chevaux-normandie.com\/","name":"Conseil des Chevaux de Normandie","description":"C\u0153ur de la fili\u00e8re \u00e9quine normande","potentialAction":[{"@type":"SearchAction","target":{"@type":"EntryPoint","urlTemplate":"https:\/\/chevaux-normandie.com\/?s={search_term_string}"},"query-input":{"@type":"PropertyValueSpecification","valueRequired":true,"valueName":"search_term_string"}}],"inLanguage":"en-US"}]}},"_links":{"self":[{"href":"https:\/\/chevaux-normandie.com\/en\/wp-json\/wp\/v2\/pages\/40733","targetHints":{"allow":["GET"]}}],"collection":[{"href":"https:\/\/chevaux-normandie.com\/en\/wp-json\/wp\/v2\/pages"}],"about":[{"href":"https:\/\/chevaux-normandie.com\/en\/wp-json\/wp\/v2\/types\/page"}],"author":[{"embeddable":true,"href":"https:\/\/chevaux-normandie.com\/en\/wp-json\/wp\/v2\/users\/20"}],"replies":[{"embeddable":true,"href":"https:\/\/chevaux-normandie.com\/en\/wp-json\/wp\/v2\/comments?post=40733"}],"version-history":[{"count":5,"href":"https:\/\/chevaux-normandie.com\/en\/wp-json\/wp\/v2\/pages\/40733\/revisions"}],"predecessor-version":[{"id":41984,"href":"https:\/\/chevaux-normandie.com\/en\/wp-json\/wp\/v2\/pages\/40733\/revisions\/41984"}],"wp:attachment":[{"href":"https:\/\/chevaux-normandie.com\/en\/wp-json\/wp\/v2\/media?parent=40733"}],"curies":[{"name":"wp","href":"https:\/\/api.w.org\/{rel}","templated":true}]}}