{"id":40736,"date":"2023-07-26T11:40:18","date_gmt":"2023-07-26T09:40:18","guid":{"rendered":"https:\/\/chevaux-normandie.com\/?page_id=40736"},"modified":"2024-06-26T13:48:30","modified_gmt":"2024-06-26T11:48:30","slug":"delegation-business-and-study-trip","status":"publish","type":"page","link":"https:\/\/chevaux-normandie.com\/en\/coming\/delegation-business-and-study-trip\/","title":{"rendered":"Delegation, business and study trip"},"content":{"rendered":"<h2 class=\"wp-block-heading\" id=\"normandy-horse-agency-organizes-your-tailormade-business-stays-and-study-trips-in-normandy\">Normandy Horse Agency organizes your tailor-made business stays and study trips in Normandy<\/h2>\n\n\n<p>Thanks to our network, you can discuss with professionals, who will meet your needs, and enable you to carry out your project.<\/p>\n\n\n\n<p>Whether to <strong>buy horses<\/strong>, meet future <strong>distributors<\/strong>, or initiate <strong>partnerships<\/strong>, we make every effort to make your projects on the following topics a reality:<\/p>\n\n\n\n<div class=\"wp-block-cover alignfull is-style-keynumbers-cover\" style=\"min-height:345px;aspect-ratio:unset;\"><span aria-hidden=\"true\" class=\"wp-block-cover__background has-background-dim\"><\/span><img loading=\"lazy\" decoding=\"async\" width=\"2560\" height=\"1700\" class=\"wp-block-cover__image-background wp-image-40941\" alt=\"\" src=\"https:\/\/chevaux-normandie.com\/wp-content\/uploads\/2023\/07\/Clea-DSC_05331-scaled.jpg\" data-object-fit=\"cover\" srcset=\"https:\/\/chevaux-normandie.com\/wp-content\/uploads\/2023\/07\/Clea-DSC_05331-scaled.jpg 2560w, https:\/\/chevaux-normandie.com\/wp-content\/uploads\/2023\/07\/Clea-DSC_05331-300x199.jpg 300w, https:\/\/chevaux-normandie.com\/wp-content\/uploads\/2023\/07\/Clea-DSC_05331-1024x680.jpg 1024w, https:\/\/chevaux-normandie.com\/wp-content\/uploads\/2023\/07\/Clea-DSC_05331-768x510.jpg 768w, https:\/\/chevaux-normandie.com\/wp-content\/uploads\/2023\/07\/Clea-DSC_05331-1536x1020.jpg 1536w, https:\/\/chevaux-normandie.com\/wp-content\/uploads\/2023\/07\/Clea-DSC_05331-2048x1360.jpg 2048w, https:\/\/chevaux-normandie.com\/wp-content\/uploads\/2023\/07\/Clea-DSC_05331-240x159.jpg 240w\" sizes=\"auto, (max-width: 2560px) 100vw, 2560px\" \/><div class=\"wp-block-cover__inner-container is-layout-flow wp-block-cover-is-layout-flow\">\n<div class=\"wp-block-columns is-layout-flex wp-container-core-columns-is-layout-9d6595d7 wp-block-columns-is-layout-flex\">\n<div class=\"wp-block-column is-layout-flow wp-block-column-is-layout-flow\">\n<p><\/p>\n\n\n\n<p class=\"has-text-align-center\"><strong>\u2022 Trotting<\/strong><\/p>\n\n\n\n<p class=\"has-text-align-center\"><strong>\u2022 Gallop<\/strong><\/p>\n\n\n\n<p class=\"has-text-align-center\"><strong>\u2022 Sport<\/strong><\/p>\n\n\n\n<p class=\"has-text-align-center\"><strong>\u2022 Breeding<\/strong><\/p>\n\n\n\n<p class=\"has-text-align-center\"><strong>\u2022 Health and care<\/strong><\/p>\n\n\n\n<p class=\"has-text-align-center\"><strong>\u2022 Leisure<\/strong><\/p>\n\n\n\n<p><\/p>\n\n\n\n<p><\/p>\n<\/div>\n\n\n\n<div class=\"wp-block-column is-layout-flow wp-block-column-is-layout-flow\">\n<p><\/p>\n\n\n\n<p class=\"has-text-align-center\"><strong>\u2022 Training and research<\/strong><\/p>\n\n\n\n<p class=\"has-text-align-center\"><strong>\u2022 Equipment<\/strong><\/p>\n\n\n\n<p class=\"has-text-align-center\"><strong>\u2022 Feed<\/strong><\/p>\n\n\n\n<p class=\"has-text-align-center\"><strong>\u2022 New technologies<\/strong><\/p>\n\n\n\n<p class=\"has-text-align-center\"><strong>\u2022 Transportation<\/strong><\/p>\n\n\n\n<p class=\"has-text-align-center\"><strong>\u2022 Infrastructure<\/strong><\/p>\n\n\n\n<p><\/p>\n<\/div>\n<\/div>\n<\/div><\/div>\n\n\n\n<p>Including <strong>meetings<\/strong>, <strong>horse trials<\/strong>, <strong>stud farm visits,<\/strong> accommodation, meals, even tourist visits on request, we create stays from a few days to several weeks in Normandy, land of horses.<br><\/p>\n\n\n\n<figure class=\"wp-block-gallery has-nested-images columns-default is-cropped wp-block-gallery-1 is-layout-flex wp-block-gallery-is-layout-flex\">\n<figure class=\"wp-block-image size-large\"><img decoding=\"async\" data-id=\"37867\" src=\"https:\/\/chevaux-normandie.com\/wp-content\/uploads\/2023\/02\/Nicolas-Tellier-LONGINES-DEAUVILLE-CLASSIC-20.jpg\" alt=\"Longines De\" class=\"wp-image-37867\"\/><\/figure>\n\n\n\n<figure class=\"wp-block-image size-large\"><img loading=\"lazy\" decoding=\"async\" width=\"1704\" height=\"1704\" data-id=\"8230\" src=\"https:\/\/chevaux-normandie.com\/wp-content\/uploads\/2019\/12\/lepin-carre.jpg\" alt=\"\" class=\"wp-image-8230\" srcset=\"https:\/\/chevaux-normandie.com\/wp-content\/uploads\/2019\/12\/lepin-carre.jpg 1704w, https:\/\/chevaux-normandie.com\/wp-content\/uploads\/2019\/12\/lepin-carre-150x150.jpg 150w, https:\/\/chevaux-normandie.com\/wp-content\/uploads\/2019\/12\/lepin-carre-300x300.jpg 300w, https:\/\/chevaux-normandie.com\/wp-content\/uploads\/2019\/12\/lepin-carre-768x768.jpg 768w, https:\/\/chevaux-normandie.com\/wp-content\/uploads\/2019\/12\/lepin-carre-1024x1024.jpg 1024w, https:\/\/chevaux-normandie.com\/wp-content\/uploads\/2019\/12\/lepin-carre-32x32.jpg 32w, https:\/\/chevaux-normandie.com\/wp-content\/uploads\/2019\/12\/lepin-carre-48x48.jpg 48w, https:\/\/chevaux-normandie.com\/wp-content\/uploads\/2019\/12\/lepin-carre-80x80.jpg 80w, https:\/\/chevaux-normandie.com\/wp-content\/uploads\/2019\/12\/lepin-carre-180x180.jpg 180w\" sizes=\"auto, (max-width: 1704px) 100vw, 1704px\" \/><\/figure>\n\n\n\n<figure class=\"wp-block-image size-large\"><img loading=\"lazy\" decoding=\"async\" width=\"400\" height=\"350\" data-id=\"31674\" src=\"https:\/\/chevaux-normandie.com\/wp-content\/uploads\/2021\/07\/hippodrome-deauville-la-touques-vu-du-haut-400x350-1.jpg\" alt=\"\" class=\"wp-image-31674\" srcset=\"https:\/\/chevaux-normandie.com\/wp-content\/uploads\/2021\/07\/hippodrome-deauville-la-touques-vu-du-haut-400x350-1.jpg 400w, https:\/\/chevaux-normandie.com\/wp-content\/uploads\/2021\/07\/hippodrome-deauville-la-touques-vu-du-haut-400x350-1-300x263.jpg 300w, https:\/\/chevaux-normandie.com\/wp-content\/uploads\/2021\/07\/hippodrome-deauville-la-touques-vu-du-haut-400x350-1-206x180.jpg 206w\" sizes=\"auto, (max-width: 400px) 100vw, 400px\" \/><\/figure>\n<\/figure>\n\n\n<h2 class=\"wp-block-heading\" id=\"examples-of-planning-for-delegations-hosted-in-2023\"><br>Examples of planning for delegations hosted in 2023<\/h2>\n\n\n<div class=\"wp-block-columns is-layout-flex wp-container-core-columns-is-layout-9d6595d7 wp-block-columns-is-layout-flex\">\n<div class=\"wp-block-column is-layout-flow wp-block-column-is-layout-flow\">\n<p><strong>GALLOP RACING INDUSTRY &#8211; 2 days<\/strong><\/p>\n\n\n\n<p><strong>DAY 1<\/strong><br><strong>Morning: <\/strong>Meeting with professionals at the Normandy Horse Meet\u2019Up event<br><strong>Noon: <\/strong>Discovery of the horse literary collection at the Franciscaines<br><strong>Afternoon: <\/strong>Visit to Normandy Equine Vall\u00e9e and meeting with veterinarians and researchers<br><strong>Evening: <\/strong>Dinner with personalities from the gallop racing industry<\/p>\n\n\n\n<p><strong>DAY 2<\/strong><br><strong>Morning: <\/strong>Visit of a prestigious breeding of English Thoroughbreds<br><strong>Noon: <\/strong>Lunch with the stables directors<br><strong>Afternoon: <\/strong>Visit of a famous stable<\/p>\n<\/div>\n\n\n\n<div class=\"wp-block-column is-layout-flow wp-block-column-is-layout-flow\">\n<p><strong>DRAFT HORSES INDUSTRY \u2013 3 days<\/strong><\/p>\n\n\n\n<p><strong>DAY 1<\/strong><br><strong>Afternoon:<\/strong> Visit to a farm with demonstration of agricultural animal traction and meeting with a trainer<br><strong>Evening: <\/strong>Dinner at the Ch\u00e2teau du Haras national du Pin with personalities from the world of draft horses<\/p>\n\n\n\n<p><strong>DAY 2<\/strong><br><strong>Morning: <\/strong>Meeting with a company and presentation of research on electrical assistance<br><strong>Noon: <\/strong>Visit to the sports center of the Haras national du Pin<br><strong>Afternoon: <\/strong>Demonstration of traditional teams, then participation in a work session with young draft horses at the Norman Draft Horse Center<\/p>\n\n\n\n<p><strong>DAY 3<\/strong><br><strong>Morning: <\/strong>Morning, participation in a working session of sport driving, with horses in preparation for the next world championships<br><strong>Noon: <\/strong>Visit to a Percheron mare dairy, and presentation of food and cosmetic products<br><strong>Afternoon: <\/strong>Participation in a \u201cbeginner\u201d driving training session and discussion on teaching methodology<\/p>\n<\/div>\n<\/div>\n\n\n\n            <div class=\"b-contact-block\">\n                            <div class=\"contact-tag\">\n                    Contact\n                <\/div>\n                        <div class=\"left-container\">\n                                <div>\n                    <div class=\"title\">Florine Hervieu<\/div>\n                    <div class=\"texte\">\n                        <div class=\"texte\">\n<p><span style=\"font-weight: 400;\">Tourism project manager<\/span><\/p>\n<\/div>\n                    <\/div>\n                    <div class=\"phone\">\n                        <span class=\"lnr lnr-phone-handset\"><\/span>\n                         +33 6 17 98 29 60                     <\/div>\n                <\/div>\n            <\/div>\n            <div>\n                <a href=\"mailto:florine.hervieu@chevaux-normandie.com\" class=\"contact-btn\">\n                    <span class=\"lnr lnr-envelope\"><\/span>\n                    Contact                <\/a>\n                <div class=\"socials\">\n                                            <a href=\"https:\/\/www.facebook.com\/conseildeschevauxdenormandie\/\" target=\"_blank\" class=\"icon\">\n                            <span class=\"socicon-facebook\"><\/span>\n                        <\/a>\n                                                                <a href=\"https:\/\/www.linkedin.com\/\" target=\"_blank\" class=\"icon\">\n                            <span class=\"socicon-linkedin\"><\/span>\n                        <\/a>\n                                                                <a href=\"https:\/\/www.youtube.com\/channel\/UCPbT4dQN7Z_uQJIX6STSwRA\" target=\"_blank\" class=\"icon\">\n                            <span class=\"socicon-youtube\"><\/span>\n                        <\/a>\n                                    <\/div>\n            <\/div>\n        <\/div>\n    ","protected":false},"excerpt":{"rendered":"<p>Normandy Horse Agency organizes your tailor-made business stays and study trips in Normandy Thanks to our network, you can discuss with professionals, who will meet your needs, and enable you to carry out your project. Whether to buy horses, meet future distributors, or initiate partnerships, we make every effort to make your projects on the [&hellip;]<\/p>\n","protected":false},"author":22,"featured_media":0,"parent":40733,"menu_order":0,"comment_status":"closed","ping_status":"closed","template":"page-templates\/editorial.php","meta":{"_acf_changed":false,"footnotes":""},"class_list":["post-40736","page","type-page","status-publish","hentry"],"acf":[],"yoast_head":"<!-- This site is optimized with the Yoast SEO plugin v27.1.1 - https:\/\/yoast.com\/product\/yoast-seo-wordpress\/ -->\n<title>Delegation, business and study trip - Conseil des Chevaux de Normandie<\/title>\n<meta name=\"robots\" content=\"index, follow, max-snippet:-1, max-image-preview:large, max-video-preview:-1\" \/>\n<link rel=\"canonical\" href=\"https:\/\/chevaux-normandie.com\/en\/coming\/delegation-business-and-study-trip\/\" \/>\n<meta property=\"og:locale\" content=\"en_US\" \/>\n<meta property=\"og:type\" content=\"article\" \/>\n<meta property=\"og:title\" content=\"Delegation, business and study trip - Conseil des Chevaux de Normandie\" \/>\n<meta property=\"og:description\" content=\"Normandy Horse Agency organizes your tailor-made business stays and study trips in Normandy Thanks to our network, you can discuss with professionals, who will meet your needs, and enable you to carry out your project. Whether to buy horses, meet future distributors, or initiate partnerships, we make every effort to make your projects on the [&hellip;]\" \/>\n<meta property=\"og:url\" content=\"https:\/\/chevaux-normandie.com\/en\/coming\/delegation-business-and-study-trip\/\" \/>\n<meta property=\"og:site_name\" content=\"Conseil des Chevaux de Normandie\" \/>\n<meta property=\"article:modified_time\" content=\"2024-06-26T11:48:30+00:00\" \/>\n<meta property=\"og:image\" content=\"https:\/\/chevaux-normandie.com\/wp-content\/uploads\/2023\/07\/Clea-DSC_05331-scaled.jpg\" \/>\n<meta name=\"twitter:card\" content=\"summary_large_image\" \/>\n<meta name=\"twitter:label1\" content=\"Est. reading time\" \/>\n\t<meta name=\"twitter:data1\" content=\"3 minutes\" \/>\n<script type=\"application\/ld+json\" class=\"yoast-schema-graph\">{\"@context\":\"https:\/\/schema.org\",\"@graph\":[{\"@type\":\"WebPage\",\"@id\":\"https:\/\/chevaux-normandie.com\/en\/coming\/delegation-business-and-study-trip\/\",\"url\":\"https:\/\/chevaux-normandie.com\/en\/coming\/delegation-business-and-study-trip\/\",\"name\":\"Delegation, business and study trip - Conseil des Chevaux de Normandie\",\"isPartOf\":{\"@id\":\"https:\/\/chevaux-normandie.com\/#website\"},\"primaryImageOfPage\":{\"@id\":\"https:\/\/chevaux-normandie.com\/en\/coming\/delegation-business-and-study-trip\/#primaryimage\"},\"image\":{\"@id\":\"https:\/\/chevaux-normandie.com\/en\/coming\/delegation-business-and-study-trip\/#primaryimage\"},\"thumbnailUrl\":\"https:\/\/chevaux-normandie.com\/wp-content\/uploads\/2023\/07\/Clea-DSC_05331-scaled.jpg\",\"datePublished\":\"2023-07-26T09:40:18+00:00\",\"dateModified\":\"2024-06-26T11:48:30+00:00\",\"breadcrumb\":{\"@id\":\"https:\/\/chevaux-normandie.com\/en\/coming\/delegation-business-and-study-trip\/#breadcrumb\"},\"inLanguage\":\"en-US\",\"potentialAction\":[{\"@type\":\"ReadAction\",\"target\":[\"https:\/\/chevaux-normandie.com\/en\/coming\/delegation-business-and-study-trip\/\"]}]},{\"@type\":\"ImageObject\",\"inLanguage\":\"en-US\",\"@id\":\"https:\/\/chevaux-normandie.com\/en\/coming\/delegation-business-and-study-trip\/#primaryimage\",\"url\":\"https:\/\/chevaux-normandie.com\/wp-content\/uploads\/2023\/07\/Clea-DSC_05331-scaled.jpg\",\"contentUrl\":\"https:\/\/chevaux-normandie.com\/wp-content\/uploads\/2023\/07\/Clea-DSC_05331-scaled.jpg\"},{\"@type\":\"BreadcrumbList\",\"@id\":\"https:\/\/chevaux-normandie.com\/en\/coming\/delegation-business-and-study-trip\/#breadcrumb\",\"itemListElement\":[{\"@type\":\"ListItem\",\"position\":1,\"name\":\"Home\",\"item\":\"https:\/\/chevaux-normandie.com\/en\/\"},{\"@type\":\"ListItem\",\"position\":2,\"name\":\"VISITING\",\"item\":\"https:\/\/chevaux-normandie.com\/en\/coming\/\"},{\"@type\":\"ListItem\",\"position\":3,\"name\":\"Delegation, business and study trip\"}]},{\"@type\":\"WebSite\",\"@id\":\"https:\/\/chevaux-normandie.com\/#website\",\"url\":\"https:\/\/chevaux-normandie.com\/\",\"name\":\"Conseil des Chevaux de Normandie\",\"description\":\"C\u0153ur de la fili\u00e8re \u00e9quine normande\",\"potentialAction\":[{\"@type\":\"SearchAction\",\"target\":{\"@type\":\"EntryPoint\",\"urlTemplate\":\"https:\/\/chevaux-normandie.com\/?s={search_term_string}\"},\"query-input\":{\"@type\":\"PropertyValueSpecification\",\"valueRequired\":true,\"valueName\":\"search_term_string\"}}],\"inLanguage\":\"en-US\"}]}<\/script>\n<!-- \/ Yoast SEO plugin. -->","yoast_head_json":{"title":"Delegation, business and study trip - Conseil des Chevaux de Normandie","robots":{"index":"index","follow":"follow","max-snippet":"max-snippet:-1","max-image-preview":"max-image-preview:large","max-video-preview":"max-video-preview:-1"},"canonical":"https:\/\/chevaux-normandie.com\/en\/coming\/delegation-business-and-study-trip\/","og_locale":"en_US","og_type":"article","og_title":"Delegation, business and study trip - Conseil des Chevaux de Normandie","og_description":"Normandy Horse Agency organizes your tailor-made business stays and study trips in Normandy Thanks to our network, you can discuss with professionals, who will meet your needs, and enable you to carry out your project. Whether to buy horses, meet future distributors, or initiate partnerships, we make every effort to make your projects on the [&hellip;]","og_url":"https:\/\/chevaux-normandie.com\/en\/coming\/delegation-business-and-study-trip\/","og_site_name":"Conseil des Chevaux de Normandie","article_modified_time":"2024-06-26T11:48:30+00:00","og_image":[{"url":"https:\/\/chevaux-normandie.com\/wp-content\/uploads\/2023\/07\/Clea-DSC_05331-scaled.jpg","type":"","width":"","height":""}],"twitter_card":"summary_large_image","twitter_misc":{"Est. reading time":"3 minutes"},"schema":{"@context":"https:\/\/schema.org","@graph":[{"@type":"WebPage","@id":"https:\/\/chevaux-normandie.com\/en\/coming\/delegation-business-and-study-trip\/","url":"https:\/\/chevaux-normandie.com\/en\/coming\/delegation-business-and-study-trip\/","name":"Delegation, business and study trip - Conseil des Chevaux de Normandie","isPartOf":{"@id":"https:\/\/chevaux-normandie.com\/#website"},"primaryImageOfPage":{"@id":"https:\/\/chevaux-normandie.com\/en\/coming\/delegation-business-and-study-trip\/#primaryimage"},"image":{"@id":"https:\/\/chevaux-normandie.com\/en\/coming\/delegation-business-and-study-trip\/#primaryimage"},"thumbnailUrl":"https:\/\/chevaux-normandie.com\/wp-content\/uploads\/2023\/07\/Clea-DSC_05331-scaled.jpg","datePublished":"2023-07-26T09:40:18+00:00","dateModified":"2024-06-26T11:48:30+00:00","breadcrumb":{"@id":"https:\/\/chevaux-normandie.com\/en\/coming\/delegation-business-and-study-trip\/#breadcrumb"},"inLanguage":"en-US","potentialAction":[{"@type":"ReadAction","target":["https:\/\/chevaux-normandie.com\/en\/coming\/delegation-business-and-study-trip\/"]}]},{"@type":"ImageObject","inLanguage":"en-US","@id":"https:\/\/chevaux-normandie.com\/en\/coming\/delegation-business-and-study-trip\/#primaryimage","url":"https:\/\/chevaux-normandie.com\/wp-content\/uploads\/2023\/07\/Clea-DSC_05331-scaled.jpg","contentUrl":"https:\/\/chevaux-normandie.com\/wp-content\/uploads\/2023\/07\/Clea-DSC_05331-scaled.jpg"},{"@type":"BreadcrumbList","@id":"https:\/\/chevaux-normandie.com\/en\/coming\/delegation-business-and-study-trip\/#breadcrumb","itemListElement":[{"@type":"ListItem","position":1,"name":"Home","item":"https:\/\/chevaux-normandie.com\/en\/"},{"@type":"ListItem","position":2,"name":"VISITING","item":"https:\/\/chevaux-normandie.com\/en\/coming\/"},{"@type":"ListItem","position":3,"name":"Delegation, business and study trip"}]},{"@type":"WebSite","@id":"https:\/\/chevaux-normandie.com\/#website","url":"https:\/\/chevaux-normandie.com\/","name":"Conseil des Chevaux de Normandie","description":"C\u0153ur de la fili\u00e8re \u00e9quine normande","potentialAction":[{"@type":"SearchAction","target":{"@type":"EntryPoint","urlTemplate":"https:\/\/chevaux-normandie.com\/?s={search_term_string}"},"query-input":{"@type":"PropertyValueSpecification","valueRequired":true,"valueName":"search_term_string"}}],"inLanguage":"en-US"}]}},"_links":{"self":[{"href":"https:\/\/chevaux-normandie.com\/en\/wp-json\/wp\/v2\/pages\/40736","targetHints":{"allow":["GET"]}}],"collection":[{"href":"https:\/\/chevaux-normandie.com\/en\/wp-json\/wp\/v2\/pages"}],"about":[{"href":"https:\/\/chevaux-normandie.com\/en\/wp-json\/wp\/v2\/types\/page"}],"author":[{"embeddable":true,"href":"https:\/\/chevaux-normandie.com\/en\/wp-json\/wp\/v2\/users\/22"}],"replies":[{"embeddable":true,"href":"https:\/\/chevaux-normandie.com\/en\/wp-json\/wp\/v2\/comments?post=40736"}],"version-history":[{"count":31,"href":"https:\/\/chevaux-normandie.com\/en\/wp-json\/wp\/v2\/pages\/40736\/revisions"}],"predecessor-version":[{"id":44901,"href":"https:\/\/chevaux-normandie.com\/en\/wp-json\/wp\/v2\/pages\/40736\/revisions\/44901"}],"up":[{"embeddable":true,"href":"https:\/\/chevaux-normandie.com\/en\/wp-json\/wp\/v2\/pages\/40733"}],"wp:attachment":[{"href":"https:\/\/chevaux-normandie.com\/en\/wp-json\/wp\/v2\/media?parent=40736"}],"curies":[{"name":"wp","href":"https:\/\/api.w.org\/{rel}","templated":true}]}}