{"id":40739,"date":"2023-07-26T11:41:15","date_gmt":"2023-07-26T09:41:15","guid":{"rendered":"https:\/\/chevaux-normandie.com\/?page_id=40739"},"modified":"2024-06-26T13:49:13","modified_gmt":"2024-06-26T11:49:13","slug":"competition-tour","status":"publish","type":"page","link":"https:\/\/chevaux-normandie.com\/en\/coming\/competition-tour\/","title":{"rendered":"Competition tour"},"content":{"rendered":"<h2 class=\"wp-block-heading\" id=\"exceptional-venues-for-competition-and-training\">Exceptional venues for competition and training<\/h2>\n\n\n<p><em>&#8220;More than just a name, an image, or a history, Normandy is first and foremost all about substance. Women and men with exceptional knowledge and skills, using their great talents to promote equine performance and well-being. A host of remarkable sites, all ready to welcome you under the very best of conditions.&#8221;<\/em> <br>Laurence MEUNIER<\/p>\n\n\n\n                <a href=\"https:\/\/chevaux-normandie.com\/wp-content\/uploads\/2023\/07\/2023-03-21-INTERNATIONAL220613-JO2024-terre-daccueil-1.pdf\" download class=\"b-download-link last-link\">\n                <span class=\"lnr lnr-download\"><\/span>\n                <span class=\"file-name\">Discover norman sites<\/span>\n                <span class=\"file-type\">pdf &#8211;<\/span>\n                                    <span class=\"file-size\">11.31mo<\/span>\n                            <\/a>\n            \n\n<h2 class=\"wp-block-heading\" id=\"haras-national-du-pin\">Haras national du Pin<\/h2>\n\n\n<blockquote class=\"wp-block-quote is-layout-flow wp-block-quote-is-layout-flow\">\n<p><em>\u00ab A symbol of French excellence in terms of equestrian breeding\u2018the equine Versailles\u2019 is the oldest and most prestigious of all national stud farms and it was founded in 1715 on the orders of the Sun King, Louis XIV.\u00bb<\/em><\/p>\n<\/blockquote>\n\n\n\n<p><strong>Jumping &#8211; Driving &#8211; Dressage &#8211; Eventing<\/strong><br>Located just 2 hours from Paris, Le Pin National Stud Farm provides quality equine sporting facilities in a prestigious setting.<br>There are various areas set aside for work with horses (arena with sand footing, grass arena, spring garden, lunging ring, Havrincourt arena, cross-country course). <\/p>\n\n\n\n<figure class=\"wp-block-gallery has-nested-images columns-default is-cropped wp-block-gallery-1 is-layout-flex wp-block-gallery-is-layout-flex\">\n<figure class=\"wp-block-image size-large\"><img loading=\"lazy\" decoding=\"async\" width=\"1024\" height=\"683\" data-id=\"40959\" src=\"https:\/\/chevaux-normandie.com\/wp-content\/uploads\/2023\/07\/h.pin_.aer_.2017.316-1024x683.jpg\" alt=\"\" class=\"wp-image-40959\" srcset=\"https:\/\/chevaux-normandie.com\/wp-content\/uploads\/2023\/07\/h.pin_.aer_.2017.316-1024x683.jpg 1024w, https:\/\/chevaux-normandie.com\/wp-content\/uploads\/2023\/07\/h.pin_.aer_.2017.316-300x200.jpg 300w, https:\/\/chevaux-normandie.com\/wp-content\/uploads\/2023\/07\/h.pin_.aer_.2017.316-768x512.jpg 768w, https:\/\/chevaux-normandie.com\/wp-content\/uploads\/2023\/07\/h.pin_.aer_.2017.316-240x160.jpg 240w, https:\/\/chevaux-normandie.com\/wp-content\/uploads\/2023\/07\/h.pin_.aer_.2017.316.jpg 1080w\" sizes=\"auto, (max-width: 1024px) 100vw, 1024px\" \/><\/figure>\n\n\n\n<figure class=\"wp-block-image size-large\"><img loading=\"lazy\" decoding=\"async\" width=\"1024\" height=\"683\" data-id=\"40961\" src=\"https:\/\/chevaux-normandie.com\/wp-content\/uploads\/2023\/07\/h.pin_.aer_.2017.402-1024x683.jpg\" alt=\"\" class=\"wp-image-40961\" srcset=\"https:\/\/chevaux-normandie.com\/wp-content\/uploads\/2023\/07\/h.pin_.aer_.2017.402-1024x683.jpg 1024w, https:\/\/chevaux-normandie.com\/wp-content\/uploads\/2023\/07\/h.pin_.aer_.2017.402-300x200.jpg 300w, https:\/\/chevaux-normandie.com\/wp-content\/uploads\/2023\/07\/h.pin_.aer_.2017.402-768x512.jpg 768w, https:\/\/chevaux-normandie.com\/wp-content\/uploads\/2023\/07\/h.pin_.aer_.2017.402-1536x1024.jpg 1536w, https:\/\/chevaux-normandie.com\/wp-content\/uploads\/2023\/07\/h.pin_.aer_.2017.402-240x160.jpg 240w, https:\/\/chevaux-normandie.com\/wp-content\/uploads\/2023\/07\/h.pin_.aer_.2017.402.jpg 1584w\" sizes=\"auto, (max-width: 1024px) 100vw, 1024px\" \/><\/figure>\n<\/figure>\n\n\n<h2 class=\"wp-block-heading\" id=\"pole-international-du-cheval-longines-deauville\"><br>P\u00f4le International du Cheval Longines \u2013 Deauville<\/h2>\n\n\n<blockquote class=\"wp-block-quote is-layout-flow wp-block-quote-is-layout-flow\">\n<p><em>\u00ab Situated two hours away from Paris and at the entrance of Deauville, the Longines &#8211; Deauville International Equestrian Complex is a real temple of equestrian sports. \u00bb<\/em><\/p>\n<\/blockquote>\n\n\n\n<p><strong>Jumping &#8211; Driving &#8211; Dressage<\/strong><br>Entirely dedicated to a large variety of disciplines focused on racehorses, the centre is a place of excellence that hosts high-quality meetings.<br>Every year, about 80 competition days, including 15 of international level, are organized here for any disciplines and levels: CPEDI 3*, Jump\u2019in Deauville, Dress\u2019in Deauville and Deauville Longines Classic&#8230;<\/p>\n\n\n\n<figure class=\"wp-block-gallery has-nested-images columns-default is-cropped wp-block-gallery-2 is-layout-flex wp-block-gallery-is-layout-flex\">\n<figure class=\"wp-block-image size-large\"><img loading=\"lazy\" decoding=\"async\" width=\"1024\" height=\"682\" data-id=\"40969\" src=\"https:\/\/chevaux-normandie.com\/wp-content\/uploads\/2023\/07\/2a5b5b94-3f6d-4dbb-a4b2-9a10eab690fb.jpg\" alt=\"\" class=\"wp-image-40969\" srcset=\"https:\/\/chevaux-normandie.com\/wp-content\/uploads\/2023\/07\/2a5b5b94-3f6d-4dbb-a4b2-9a10eab690fb.jpg 1024w, https:\/\/chevaux-normandie.com\/wp-content\/uploads\/2023\/07\/2a5b5b94-3f6d-4dbb-a4b2-9a10eab690fb-300x200.jpg 300w, https:\/\/chevaux-normandie.com\/wp-content\/uploads\/2023\/07\/2a5b5b94-3f6d-4dbb-a4b2-9a10eab690fb-768x512.jpg 768w, https:\/\/chevaux-normandie.com\/wp-content\/uploads\/2023\/07\/2a5b5b94-3f6d-4dbb-a4b2-9a10eab690fb-240x160.jpg 240w\" sizes=\"auto, (max-width: 1024px) 100vw, 1024px\" \/><\/figure>\n\n\n\n<figure class=\"wp-block-image size-large\"><img loading=\"lazy\" decoding=\"async\" width=\"1024\" height=\"767\" data-id=\"40963\" src=\"https:\/\/chevaux-normandie.com\/wp-content\/uploads\/2023\/07\/4ccb6143-1580-437c-9e05-69cc9ccf8969-1.jpg\" alt=\"\" class=\"wp-image-40963\" srcset=\"https:\/\/chevaux-normandie.com\/wp-content\/uploads\/2023\/07\/4ccb6143-1580-437c-9e05-69cc9ccf8969-1.jpg 1024w, https:\/\/chevaux-normandie.com\/wp-content\/uploads\/2023\/07\/4ccb6143-1580-437c-9e05-69cc9ccf8969-1-300x225.jpg 300w, https:\/\/chevaux-normandie.com\/wp-content\/uploads\/2023\/07\/4ccb6143-1580-437c-9e05-69cc9ccf8969-1-768x575.jpg 768w, https:\/\/chevaux-normandie.com\/wp-content\/uploads\/2023\/07\/4ccb6143-1580-437c-9e05-69cc9ccf8969-1-240x180.jpg 240w\" sizes=\"auto, (max-width: 1024px) 100vw, 1024px\" \/><\/figure>\n\n\n\n<figure class=\"wp-block-image size-large\"><img loading=\"lazy\" decoding=\"async\" width=\"1024\" height=\"768\" data-id=\"40971\" src=\"https:\/\/chevaux-normandie.com\/wp-content\/uploads\/2023\/07\/5657b5a0-9c01-4686-8daa-539cea592775-1024x768.jpg\" alt=\"\" class=\"wp-image-40971\" srcset=\"https:\/\/chevaux-normandie.com\/wp-content\/uploads\/2023\/07\/5657b5a0-9c01-4686-8daa-539cea592775-1024x768.jpg 1024w, https:\/\/chevaux-normandie.com\/wp-content\/uploads\/2023\/07\/5657b5a0-9c01-4686-8daa-539cea592775-300x225.jpg 300w, https:\/\/chevaux-normandie.com\/wp-content\/uploads\/2023\/07\/5657b5a0-9c01-4686-8daa-539cea592775-768x576.jpg 768w, https:\/\/chevaux-normandie.com\/wp-content\/uploads\/2023\/07\/5657b5a0-9c01-4686-8daa-539cea592775-1536x1152.jpg 1536w, https:\/\/chevaux-normandie.com\/wp-content\/uploads\/2023\/07\/5657b5a0-9c01-4686-8daa-539cea592775-240x180.jpg 240w, https:\/\/chevaux-normandie.com\/wp-content\/uploads\/2023\/07\/5657b5a0-9c01-4686-8daa-539cea592775.jpg 1577w\" sizes=\"auto, (max-width: 1024px) 100vw, 1024px\" \/><\/figure>\n\n\n\n<figure class=\"wp-block-image size-large\"><img loading=\"lazy\" decoding=\"async\" width=\"1024\" height=\"674\" data-id=\"40967\" src=\"https:\/\/chevaux-normandie.com\/wp-content\/uploads\/2023\/07\/d2adefc0-44a0-4504-9363-8ccb5eccafe6.jpg\" alt=\"\" class=\"wp-image-40967\" srcset=\"https:\/\/chevaux-normandie.com\/wp-content\/uploads\/2023\/07\/d2adefc0-44a0-4504-9363-8ccb5eccafe6.jpg 1024w, https:\/\/chevaux-normandie.com\/wp-content\/uploads\/2023\/07\/d2adefc0-44a0-4504-9363-8ccb5eccafe6-300x197.jpg 300w, https:\/\/chevaux-normandie.com\/wp-content\/uploads\/2023\/07\/d2adefc0-44a0-4504-9363-8ccb5eccafe6-768x506.jpg 768w, https:\/\/chevaux-normandie.com\/wp-content\/uploads\/2023\/07\/d2adefc0-44a0-4504-9363-8ccb5eccafe6-240x158.jpg 240w\" sizes=\"auto, (max-width: 1024px) 100vw, 1024px\" \/><\/figure>\n\n\n\n<figure class=\"wp-block-image size-large\"><img loading=\"lazy\" decoding=\"async\" width=\"1024\" height=\"683\" data-id=\"40965\" src=\"https:\/\/chevaux-normandie.com\/wp-content\/uploads\/2023\/07\/db1d1745-4bdd-4973-ab11-04627701a835-1.jpg\" alt=\"\" class=\"wp-image-40965\" srcset=\"https:\/\/chevaux-normandie.com\/wp-content\/uploads\/2023\/07\/db1d1745-4bdd-4973-ab11-04627701a835-1.jpg 1024w, https:\/\/chevaux-normandie.com\/wp-content\/uploads\/2023\/07\/db1d1745-4bdd-4973-ab11-04627701a835-1-300x200.jpg 300w, https:\/\/chevaux-normandie.com\/wp-content\/uploads\/2023\/07\/db1d1745-4bdd-4973-ab11-04627701a835-1-768x512.jpg 768w, https:\/\/chevaux-normandie.com\/wp-content\/uploads\/2023\/07\/db1d1745-4bdd-4973-ab11-04627701a835-1-240x160.jpg 240w\" sizes=\"auto, (max-width: 1024px) 100vw, 1024px\" \/><\/figure>\n<\/figure>\n\n\n<h2 class=\"wp-block-heading\" id=\"pole-hippique-de-saintlo\"><br>P\u00f4le Hippique de Saint-L\u00f4<\/h2>\n\n\n<blockquote class=\"wp-block-quote is-layout-flow wp-block-quote-is-layout-flow\">\n<p><em>\u00ab Equestrian pole of international reference located in the region the most densely populated with horses in France, Normandy. \u00bb<\/em><\/p>\n<\/blockquote>\n\n\n\n<p><strong>Para-dressage &#8211; Jumping &#8211; Dressage<\/strong><br>The P\u00f4le Hippique de Saint- L\u00f4 encompasses the Saint-L\u00f4 national stud which is recognised as being the birthplace of the Selle-Fran\u00e7ais sport horse. It has numerous facilities totally dedicated to the sport horse allowing it to organize a multitude of equestrian competitions like several indoor or outdoor international show-jumping shows (2*, 3* and 4* CSI) welcoming 15 to 20 foreign delegations at each event.<\/p>\n\n\n\n<figure class=\"wp-block-gallery has-nested-images columns-default is-cropped wp-block-gallery-3 is-layout-flex wp-block-gallery-is-layout-flex\">\n<figure class=\"wp-block-image size-large\"><img loading=\"lazy\" decoding=\"async\" width=\"1000\" height=\"667\" data-id=\"40950\" src=\"https:\/\/chevaux-normandie.com\/wp-content\/uploads\/2023\/07\/CARRIERE-URIEL.jpg\" alt=\"\" class=\"wp-image-40950\" srcset=\"https:\/\/chevaux-normandie.com\/wp-content\/uploads\/2023\/07\/CARRIERE-URIEL.jpg 1000w, https:\/\/chevaux-normandie.com\/wp-content\/uploads\/2023\/07\/CARRIERE-URIEL-300x200.jpg 300w, https:\/\/chevaux-normandie.com\/wp-content\/uploads\/2023\/07\/CARRIERE-URIEL-768x512.jpg 768w, https:\/\/chevaux-normandie.com\/wp-content\/uploads\/2023\/07\/CARRIERE-URIEL-240x160.jpg 240w\" sizes=\"auto, (max-width: 1000px) 100vw, 1000px\" \/><\/figure>\n\n\n\n<figure class=\"wp-block-image size-large\"><img loading=\"lazy\" decoding=\"async\" width=\"950\" height=\"713\" data-id=\"40948\" src=\"https:\/\/chevaux-normandie.com\/wp-content\/uploads\/2023\/07\/HALL.jpg\" alt=\"\" class=\"wp-image-40948\" srcset=\"https:\/\/chevaux-normandie.com\/wp-content\/uploads\/2023\/07\/HALL.jpg 950w, https:\/\/chevaux-normandie.com\/wp-content\/uploads\/2023\/07\/HALL-300x225.jpg 300w, https:\/\/chevaux-normandie.com\/wp-content\/uploads\/2023\/07\/HALL-768x576.jpg 768w, https:\/\/chevaux-normandie.com\/wp-content\/uploads\/2023\/07\/HALL-240x180.jpg 240w\" sizes=\"auto, (max-width: 950px) 100vw, 950px\" \/><\/figure>\n\n\n\n<figure class=\"wp-block-image size-large\"><img loading=\"lazy\" decoding=\"async\" width=\"1000\" height=\"667\" data-id=\"40952\" src=\"https:\/\/chevaux-normandie.com\/wp-content\/uploads\/2023\/07\/ALLEE-CAVALIERE-N.2014.jpg\" alt=\"\" class=\"wp-image-40952\" srcset=\"https:\/\/chevaux-normandie.com\/wp-content\/uploads\/2023\/07\/ALLEE-CAVALIERE-N.2014.jpg 1000w, https:\/\/chevaux-normandie.com\/wp-content\/uploads\/2023\/07\/ALLEE-CAVALIERE-N.2014-300x200.jpg 300w, https:\/\/chevaux-normandie.com\/wp-content\/uploads\/2023\/07\/ALLEE-CAVALIERE-N.2014-768x512.jpg 768w, https:\/\/chevaux-normandie.com\/wp-content\/uploads\/2023\/07\/ALLEE-CAVALIERE-N.2014-240x160.jpg 240w\" sizes=\"auto, (max-width: 1000px) 100vw, 1000px\" \/><\/figure>\n<\/figure>\n\n\n<h2 class=\"wp-block-heading\" id=\"equinormandie\"><br>Equi-Normandie<\/h2>\n\n\n<blockquote class=\"wp-block-quote is-layout-flow wp-block-quote-is-layout-flow\">\n<p><em>\u00ab A hub of equestrian skills and innovations to promote the well-being and comfort of horses and riders.\u00bb<\/em><\/p>\n<\/blockquote>\n\n\n\n<p><strong>Jumping<\/strong><br>Equi-Normandie is a sporting excellence site located in Seine- Maritime, just an hour and a half from Paris. It is open to all and is dedicated to promoting all leisure and sports activities involving horses. <br>The entire team working there has all the skills required for hosting and meeting the expectations of demanding top-class competitors, with a focus on their core values: wellbeing, excellence, conviviality and passion.<\/p>\n\n\n\n<figure class=\"wp-block-gallery has-nested-images columns-default is-cropped wp-block-gallery-4 is-layout-flex wp-block-gallery-is-layout-flex\">\n<figure class=\"wp-block-image size-large\"><img loading=\"lazy\" decoding=\"async\" width=\"960\" height=\"720\" data-id=\"40973\" src=\"https:\/\/chevaux-normandie.com\/wp-content\/uploads\/2023\/07\/257658125_5222346531115466_4482989009555248206_n-2.jpg\" alt=\"\" class=\"wp-image-40973\" srcset=\"https:\/\/chevaux-normandie.com\/wp-content\/uploads\/2023\/07\/257658125_5222346531115466_4482989009555248206_n-2.jpg 960w, https:\/\/chevaux-normandie.com\/wp-content\/uploads\/2023\/07\/257658125_5222346531115466_4482989009555248206_n-2-300x225.jpg 300w, https:\/\/chevaux-normandie.com\/wp-content\/uploads\/2023\/07\/257658125_5222346531115466_4482989009555248206_n-2-768x576.jpg 768w, https:\/\/chevaux-normandie.com\/wp-content\/uploads\/2023\/07\/257658125_5222346531115466_4482989009555248206_n-2-240x180.jpg 240w\" sizes=\"auto, (max-width: 960px) 100vw, 960px\" \/><\/figure>\n\n\n\n<figure class=\"wp-block-image size-large\"><img loading=\"lazy\" decoding=\"async\" width=\"1023\" height=\"682\" data-id=\"40975\" src=\"https:\/\/chevaux-normandie.com\/wp-content\/uploads\/2023\/07\/479-CH1_3158.jpg\" alt=\"\" class=\"wp-image-40975\" srcset=\"https:\/\/chevaux-normandie.com\/wp-content\/uploads\/2023\/07\/479-CH1_3158.jpg 1023w, https:\/\/chevaux-normandie.com\/wp-content\/uploads\/2023\/07\/479-CH1_3158-300x200.jpg 300w, https:\/\/chevaux-normandie.com\/wp-content\/uploads\/2023\/07\/479-CH1_3158-768x512.jpg 768w, https:\/\/chevaux-normandie.com\/wp-content\/uploads\/2023\/07\/479-CH1_3158-240x160.jpg 240w\" sizes=\"auto, (max-width: 1023px) 100vw, 1023px\" \/><\/figure>\n\n\n\n<figure class=\"wp-block-image size-large\"><img loading=\"lazy\" decoding=\"async\" width=\"1024\" height=\"819\" data-id=\"40977\" src=\"https:\/\/chevaux-normandie.com\/wp-content\/uploads\/2023\/07\/domaine-8_crop-1024x819.jpg\" alt=\"\" class=\"wp-image-40977\" srcset=\"https:\/\/chevaux-normandie.com\/wp-content\/uploads\/2023\/07\/domaine-8_crop-1024x819.jpg 1024w, https:\/\/chevaux-normandie.com\/wp-content\/uploads\/2023\/07\/domaine-8_crop-300x240.jpg 300w, https:\/\/chevaux-normandie.com\/wp-content\/uploads\/2023\/07\/domaine-8_crop-768x614.jpg 768w, https:\/\/chevaux-normandie.com\/wp-content\/uploads\/2023\/07\/domaine-8_crop-1536x1228.jpg 1536w, https:\/\/chevaux-normandie.com\/wp-content\/uploads\/2023\/07\/domaine-8_crop-225x180.jpg 225w, https:\/\/chevaux-normandie.com\/wp-content\/uploads\/2023\/07\/domaine-8_crop.jpg 1586w\" sizes=\"auto, (max-width: 1024px) 100vw, 1024px\" \/><\/figure>\n<\/figure>\n\n\n\n<p><br><\/p>\n\n\n\n            <div class=\"b-contact-block\">\n                            <div class=\"contact-tag\">\n                    Contact\n                <\/div>\n                        <div class=\"left-container\">\n                                <div>\n                    <div class=\"title\">Florine Hervieu<\/div>\n                    <div class=\"texte\">\n                        <div class=\"texte\">\n<p><span style=\"font-weight: 400;\">Tourism project manager<\/span><\/p>\n<\/div>\n                    <\/div>\n                    <div class=\"phone\">\n                        <span class=\"lnr lnr-phone-handset\"><\/span>\n                         +33 6 17 98 29 60                     <\/div>\n                <\/div>\n            <\/div>\n            <div>\n                <a href=\"mailto:florine.hervieu@chevaux-normandie.com\" class=\"contact-btn\">\n                    <span class=\"lnr lnr-envelope\"><\/span>\n                    Contact                <\/a>\n                <div class=\"socials\">\n                                            <a href=\"https:\/\/www.facebook.com\/conseildeschevauxdenormandie\/\" target=\"_blank\" class=\"icon\">\n                            <span class=\"socicon-facebook\"><\/span>\n                        <\/a>\n                                                                <a href=\"https:\/\/www.linkedin.com\/\" target=\"_blank\" class=\"icon\">\n                            <span class=\"socicon-linkedin\"><\/span>\n                        <\/a>\n                                                                <a href=\"https:\/\/www.youtube.com\/channel\/UCPbT4dQN7Z_uQJIX6STSwRA\" target=\"_blank\" class=\"icon\">\n                            <span class=\"socicon-youtube\"><\/span>\n                        <\/a>\n                                    <\/div>\n            <\/div>\n        <\/div>\n    ","protected":false},"excerpt":{"rendered":"<p>Exceptional venues for competition and training &#8220;More than just a name, an image, or a history, Normandy is first and foremost all about substance. Women and men with exceptional knowledge and skills, using their great talents to promote equine performance and well-being. A host of remarkable sites, all ready to welcome you under the very [&hellip;]<\/p>\n","protected":false},"author":22,"featured_media":0,"parent":40733,"menu_order":0,"comment_status":"closed","ping_status":"closed","template":"page-templates\/editorial.php","meta":{"_acf_changed":false,"footnotes":""},"class_list":["post-40739","page","type-page","status-publish","hentry"],"acf":[],"yoast_head":"<!-- This site is optimized with the Yoast SEO plugin v27.1.1 - https:\/\/yoast.com\/product\/yoast-seo-wordpress\/ -->\n<title>Competition tour - Conseil des Chevaux de Normandie<\/title>\n<meta name=\"robots\" content=\"index, follow, max-snippet:-1, max-image-preview:large, max-video-preview:-1\" \/>\n<link rel=\"canonical\" href=\"https:\/\/chevaux-normandie.com\/en\/coming\/competition-tour\/\" \/>\n<meta property=\"og:locale\" content=\"en_US\" \/>\n<meta property=\"og:type\" content=\"article\" \/>\n<meta property=\"og:title\" content=\"Competition tour - Conseil des Chevaux de Normandie\" \/>\n<meta property=\"og:description\" content=\"Exceptional venues for competition and training &#8220;More than just a name, an image, or a history, Normandy is first and foremost all about substance. Women and men with exceptional knowledge and skills, using their great talents to promote equine performance and well-being. A host of remarkable sites, all ready to welcome you under the very [&hellip;]\" \/>\n<meta property=\"og:url\" content=\"https:\/\/chevaux-normandie.com\/en\/coming\/competition-tour\/\" \/>\n<meta property=\"og:site_name\" content=\"Conseil des Chevaux de Normandie\" \/>\n<meta property=\"article:modified_time\" content=\"2024-06-26T11:49:13+00:00\" \/>\n<meta property=\"og:image\" content=\"https:\/\/chevaux-normandie.com\/wp-content\/uploads\/2023\/07\/h.pin_.aer_.2017.316-1024x683.jpg\" \/>\n<meta name=\"twitter:card\" content=\"summary_large_image\" \/>\n<meta name=\"twitter:label1\" content=\"Est. reading time\" \/>\n\t<meta name=\"twitter:data1\" content=\"5 minutes\" \/>\n<script type=\"application\/ld+json\" class=\"yoast-schema-graph\">{\"@context\":\"https:\/\/schema.org\",\"@graph\":[{\"@type\":\"WebPage\",\"@id\":\"https:\/\/chevaux-normandie.com\/en\/coming\/competition-tour\/\",\"url\":\"https:\/\/chevaux-normandie.com\/en\/coming\/competition-tour\/\",\"name\":\"Competition tour - Conseil des Chevaux de Normandie\",\"isPartOf\":{\"@id\":\"https:\/\/chevaux-normandie.com\/#website\"},\"primaryImageOfPage\":{\"@id\":\"https:\/\/chevaux-normandie.com\/en\/coming\/competition-tour\/#primaryimage\"},\"image\":{\"@id\":\"https:\/\/chevaux-normandie.com\/en\/coming\/competition-tour\/#primaryimage\"},\"thumbnailUrl\":\"https:\/\/chevaux-normandie.com\/wp-content\/uploads\/2023\/07\/h.pin_.aer_.2017.316-1024x683.jpg\",\"datePublished\":\"2023-07-26T09:41:15+00:00\",\"dateModified\":\"2024-06-26T11:49:13+00:00\",\"breadcrumb\":{\"@id\":\"https:\/\/chevaux-normandie.com\/en\/coming\/competition-tour\/#breadcrumb\"},\"inLanguage\":\"en-US\",\"potentialAction\":[{\"@type\":\"ReadAction\",\"target\":[\"https:\/\/chevaux-normandie.com\/en\/coming\/competition-tour\/\"]}]},{\"@type\":\"ImageObject\",\"inLanguage\":\"en-US\",\"@id\":\"https:\/\/chevaux-normandie.com\/en\/coming\/competition-tour\/#primaryimage\",\"url\":\"https:\/\/chevaux-normandie.com\/wp-content\/uploads\/2023\/07\/h.pin_.aer_.2017.316-1024x683.jpg\",\"contentUrl\":\"https:\/\/chevaux-normandie.com\/wp-content\/uploads\/2023\/07\/h.pin_.aer_.2017.316-1024x683.jpg\"},{\"@type\":\"BreadcrumbList\",\"@id\":\"https:\/\/chevaux-normandie.com\/en\/coming\/competition-tour\/#breadcrumb\",\"itemListElement\":[{\"@type\":\"ListItem\",\"position\":1,\"name\":\"Home\",\"item\":\"https:\/\/chevaux-normandie.com\/en\/\"},{\"@type\":\"ListItem\",\"position\":2,\"name\":\"VISITING\",\"item\":\"https:\/\/chevaux-normandie.com\/en\/coming\/\"},{\"@type\":\"ListItem\",\"position\":3,\"name\":\"Competition tour\"}]},{\"@type\":\"WebSite\",\"@id\":\"https:\/\/chevaux-normandie.com\/#website\",\"url\":\"https:\/\/chevaux-normandie.com\/\",\"name\":\"Conseil des Chevaux de Normandie\",\"description\":\"C\u0153ur de la fili\u00e8re \u00e9quine normande\",\"potentialAction\":[{\"@type\":\"SearchAction\",\"target\":{\"@type\":\"EntryPoint\",\"urlTemplate\":\"https:\/\/chevaux-normandie.com\/?s={search_term_string}\"},\"query-input\":{\"@type\":\"PropertyValueSpecification\",\"valueRequired\":true,\"valueName\":\"search_term_string\"}}],\"inLanguage\":\"en-US\"}]}<\/script>\n<!-- \/ Yoast SEO plugin. -->","yoast_head_json":{"title":"Competition tour - Conseil des Chevaux de Normandie","robots":{"index":"index","follow":"follow","max-snippet":"max-snippet:-1","max-image-preview":"max-image-preview:large","max-video-preview":"max-video-preview:-1"},"canonical":"https:\/\/chevaux-normandie.com\/en\/coming\/competition-tour\/","og_locale":"en_US","og_type":"article","og_title":"Competition tour - Conseil des Chevaux de Normandie","og_description":"Exceptional venues for competition and training &#8220;More than just a name, an image, or a history, Normandy is first and foremost all about substance. Women and men with exceptional knowledge and skills, using their great talents to promote equine performance and well-being. A host of remarkable sites, all ready to welcome you under the very [&hellip;]","og_url":"https:\/\/chevaux-normandie.com\/en\/coming\/competition-tour\/","og_site_name":"Conseil des Chevaux de Normandie","article_modified_time":"2024-06-26T11:49:13+00:00","og_image":[{"url":"https:\/\/chevaux-normandie.com\/wp-content\/uploads\/2023\/07\/h.pin_.aer_.2017.316-1024x683.jpg","type":"","width":"","height":""}],"twitter_card":"summary_large_image","twitter_misc":{"Est. reading time":"5 minutes"},"schema":{"@context":"https:\/\/schema.org","@graph":[{"@type":"WebPage","@id":"https:\/\/chevaux-normandie.com\/en\/coming\/competition-tour\/","url":"https:\/\/chevaux-normandie.com\/en\/coming\/competition-tour\/","name":"Competition tour - Conseil des Chevaux de Normandie","isPartOf":{"@id":"https:\/\/chevaux-normandie.com\/#website"},"primaryImageOfPage":{"@id":"https:\/\/chevaux-normandie.com\/en\/coming\/competition-tour\/#primaryimage"},"image":{"@id":"https:\/\/chevaux-normandie.com\/en\/coming\/competition-tour\/#primaryimage"},"thumbnailUrl":"https:\/\/chevaux-normandie.com\/wp-content\/uploads\/2023\/07\/h.pin_.aer_.2017.316-1024x683.jpg","datePublished":"2023-07-26T09:41:15+00:00","dateModified":"2024-06-26T11:49:13+00:00","breadcrumb":{"@id":"https:\/\/chevaux-normandie.com\/en\/coming\/competition-tour\/#breadcrumb"},"inLanguage":"en-US","potentialAction":[{"@type":"ReadAction","target":["https:\/\/chevaux-normandie.com\/en\/coming\/competition-tour\/"]}]},{"@type":"ImageObject","inLanguage":"en-US","@id":"https:\/\/chevaux-normandie.com\/en\/coming\/competition-tour\/#primaryimage","url":"https:\/\/chevaux-normandie.com\/wp-content\/uploads\/2023\/07\/h.pin_.aer_.2017.316-1024x683.jpg","contentUrl":"https:\/\/chevaux-normandie.com\/wp-content\/uploads\/2023\/07\/h.pin_.aer_.2017.316-1024x683.jpg"},{"@type":"BreadcrumbList","@id":"https:\/\/chevaux-normandie.com\/en\/coming\/competition-tour\/#breadcrumb","itemListElement":[{"@type":"ListItem","position":1,"name":"Home","item":"https:\/\/chevaux-normandie.com\/en\/"},{"@type":"ListItem","position":2,"name":"VISITING","item":"https:\/\/chevaux-normandie.com\/en\/coming\/"},{"@type":"ListItem","position":3,"name":"Competition tour"}]},{"@type":"WebSite","@id":"https:\/\/chevaux-normandie.com\/#website","url":"https:\/\/chevaux-normandie.com\/","name":"Conseil des Chevaux de Normandie","description":"C\u0153ur de la fili\u00e8re \u00e9quine normande","potentialAction":[{"@type":"SearchAction","target":{"@type":"EntryPoint","urlTemplate":"https:\/\/chevaux-normandie.com\/?s={search_term_string}"},"query-input":{"@type":"PropertyValueSpecification","valueRequired":true,"valueName":"search_term_string"}}],"inLanguage":"en-US"}]}},"_links":{"self":[{"href":"https:\/\/chevaux-normandie.com\/en\/wp-json\/wp\/v2\/pages\/40739","targetHints":{"allow":["GET"]}}],"collection":[{"href":"https:\/\/chevaux-normandie.com\/en\/wp-json\/wp\/v2\/pages"}],"about":[{"href":"https:\/\/chevaux-normandie.com\/en\/wp-json\/wp\/v2\/types\/page"}],"author":[{"embeddable":true,"href":"https:\/\/chevaux-normandie.com\/en\/wp-json\/wp\/v2\/users\/22"}],"replies":[{"embeddable":true,"href":"https:\/\/chevaux-normandie.com\/en\/wp-json\/wp\/v2\/comments?post=40739"}],"version-history":[{"count":36,"href":"https:\/\/chevaux-normandie.com\/en\/wp-json\/wp\/v2\/pages\/40739\/revisions"}],"predecessor-version":[{"id":44902,"href":"https:\/\/chevaux-normandie.com\/en\/wp-json\/wp\/v2\/pages\/40739\/revisions\/44902"}],"up":[{"embeddable":true,"href":"https:\/\/chevaux-normandie.com\/en\/wp-json\/wp\/v2\/pages\/40733"}],"wp:attachment":[{"href":"https:\/\/chevaux-normandie.com\/en\/wp-json\/wp\/v2\/media?parent=40739"}],"curies":[{"name":"wp","href":"https:\/\/api.w.org\/{rel}","templated":true}]}}