{"id":40742,"date":"2023-07-26T11:42:05","date_gmt":"2023-07-26T09:42:05","guid":{"rendered":"https:\/\/chevaux-normandie.com\/?page_id=40742"},"modified":"2024-06-26T13:50:47","modified_gmt":"2024-06-26T11:50:47","slug":"tourism","status":"publish","type":"page","link":"https:\/\/chevaux-normandie.com\/en\/coming\/tourism\/","title":{"rendered":"Tourism"},"content":{"rendered":"<h2 class=\"wp-block-heading\" id=\"take-a-vacation-in-normandy\">Take a vacation in Normandy<\/h2>\n\n\n<p>Located on the shores of the Channel and close to Paris and its surrounding area, Normandy has an exceptionally rich equine, historical and cultural heritage. From the Mont-Saint-Michel to the landing beaches via the Bayeux Tapestry and Le Pin National Stud Farm, it is home to several sites that are emblematic for France as a whole.<\/p>\n\n\n<h2 class=\"wp-block-heading\" id=\"normandy-land-of-horses\">Normandy Land of Horses<\/h2>\n\n\n<p>National Stud Farms, prestigious stables, training centers, competition sites and famous racecourses such as Deauville, Caen, Cabourg and Mauquenchy. Wherever you go, you will come across exceptional sites that constitute the identity and confirm the reputation of this land of horses.<\/p>\n\n\n\n                <a href=\"https:\/\/chevaux-normandie.com\/wp-content\/uploads\/2021\/07\/Normandy-Land-of-Horses-2021.pdf\" download class=\"b-download-link \">\n                <span class=\"lnr lnr-download\"><\/span>\n                <span class=\"file-name\">Download the guide<\/span>\n                <span class=\"file-type\">pdf &#8211;<\/span>\n                                    <span class=\"file-size\">11.99mo<\/span>\n                            <\/a>\n                        <a href=\"https:\/\/chevaux-normandie.com\/wp-content\/uploads\/2020\/07\/CCN200610-guide-tourisme-DE-VF.pdf\" download class=\"b-download-link last-link\">\n                <span class=\"lnr lnr-download\"><\/span>\n                <span class=\"file-name\">Herunterladen<\/span>\n                <span class=\"file-type\">pdf &#8211;<\/span>\n                                    <span class=\"file-size\">9.2mo<\/span>\n                            <\/a>\n            \n\n<h2 class=\"wp-block-heading\" id=\"normandie-grands-evenements\">Normandie Grands Ev\u00e9nements<\/h2>\n\n\n<p>Normandy is still the benchmark region for the equine sector in France, and every year it hosts the most prestigious international equestrian events. Le Grand Complet Three-Day Event at Le Pin, the Arqana sales and the Deauville Meeting as well as the Normandy Horse Show are all opportunities to enjoy the rhythm and sound of horses\u2019 hooves. Don\u2019t miss them !<\/p>\n\n\n\n                <a href=\"https:\/\/chevaux-normandie.com\/wp-content\/uploads\/2023\/03\/NGE230227-brochure-2023-VF-numerique-ordre-OK-1.pdf\" download class=\"b-download-link last-link\">\n                <span class=\"lnr lnr-download\"><\/span>\n                <span class=\"file-name\">Download Normandie Grands  \u00c9v\u00e9nements 2023<\/span>\n                <span class=\"file-type\">pdf &#8211;<\/span>\n                                    <span class=\"file-size\">3.93mo<\/span>\n                            <\/a>\n            \n\n<h2 class=\"wp-block-heading\" id=\"our-partners\">Our partners<\/h2>\n\n\n<div class=\"b-banner-blocks-container alignfull\" style=\"background-image: url(https:\/\/chevaux-normandie.com\/wp-content\/uploads\/2021\/11\/Bannieres-articles-site-CCN.jpg)\">\n            <div class=\"container mx-0\">\n            <div class=\"row\">\n                                    <div class=\"col-lg col-12 mb-lg-0 mb-5\">\n                                                                                <a href=\"https:\/\/www.normandie-tourisme.fr\/actif\/cheval-equitation\/\" target=\"_blank\" class=\"banner-block-link\">\n                                                    <div class=\"banner-block\">\n                                <img decoding=\"async\" src=\"https:\/\/chevaux-normandie.com\/wp-content\/uploads\/2020\/06\/100NORMANDIE_DESTI_CHEVAL_QUADRI_CRT-V2.png\" alt=\"\" class=\"picto\">\n                                <span class=\"title\">Normandie Tourisme<\/span>\n                                <p class=\"text\">Organize your stay to discover horses in Normandy!<\/p>\n                                                                    <span class=\"general-arrow\"><\/span>\n                                                            <\/div>\n                                                    <\/a>\n                                            <\/div>\n                                    <div class=\"col-lg col-12 mb-lg-0 mb-5\">\n                                                                                <a href=\"https:\/\/www.tourismeequestre-normandie.fr\/\" target=\"_self\" class=\"banner-block-link\">\n                                                    <div class=\"banner-block\">\n                                <img decoding=\"async\" src=\"https:\/\/chevaux-normandie.com\/wp-content\/uploads\/2023\/02\/CRTE-NORMANDIE_4C150-CMJN-e1675247225497.jpg\" alt=\"\" class=\"picto\">\n                                <span class=\"title\">Comit\u00e9 R\u00e9gional de Tourisme \u00c9questre de Normandie<\/span>\n                                <p class=\"text\">Discover the hiking routes and equestrian tourism providers!<\/p>\n                                                                    <span class=\"general-arrow\"><\/span>\n                                                            <\/div>\n                                                    <\/a>\n                                            <\/div>\n                                    <div class=\"col-lg col-12 mb-lg-0 mb-5\">\n                                                                                <a href=\"https:\/\/www.chevalnormandie.com\/\" target=\"_blank\" class=\"banner-block-link\">\n                                                    <div class=\"banner-block\">\n                                <img decoding=\"async\" src=\"https:\/\/chevaux-normandie.com\/wp-content\/uploads\/2023\/02\/logo-coren-header-x2-e1675247561291.png\" alt=\"\" class=\"picto\">\n                                <span class=\"title\">Comit\u00e9 R\u00e9gional d&#8217;\u00c9quitation de Normandie<\/span>\n                                <p class=\"text\">Practice horse riding near you!<\/p>\n                                                                    <span class=\"general-arrow\"><\/span>\n                                                            <\/div>\n                                                    <\/a>\n                                            <\/div>\n                            <\/div>\n        <\/div>\n    <\/div>\n\n\n\n            <div class=\"b-contact-block\">\n                            <div class=\"contact-tag\">\n                    Contact\n                <\/div>\n                        <div class=\"left-container\">\n                                <div>\n                    <div class=\"title\">Florine Hervieu<\/div>\n                    <div class=\"texte\">\n                        <div class=\"texte\">\n<p><span style=\"font-weight: 400;\">Tourism project manager<\/span><\/p>\n<\/div>\n                    <\/div>\n                    <div class=\"phone\">\n                        <span class=\"lnr lnr-phone-handset\"><\/span>\n                         +33 6 17 98 29 60                     <\/div>\n                <\/div>\n            <\/div>\n            <div>\n                <a href=\"mailto:florine.hervieu@chevaux-normandie.com\" class=\"contact-btn\">\n                    <span class=\"lnr lnr-envelope\"><\/span>\n                    Contact                <\/a>\n                <div class=\"socials\">\n                                            <a href=\"https:\/\/www.facebook.com\/conseildeschevauxdenormandie\/\" target=\"_blank\" class=\"icon\">\n                            <span class=\"socicon-facebook\"><\/span>\n                        <\/a>\n                                                                <a href=\"https:\/\/www.linkedin.com\/\" target=\"_blank\" class=\"icon\">\n                            <span class=\"socicon-linkedin\"><\/span>\n                        <\/a>\n                                                                <a href=\"https:\/\/www.youtube.com\/channel\/UCPbT4dQN7Z_uQJIX6STSwRA\" target=\"_blank\" class=\"icon\">\n                            <span class=\"socicon-youtube\"><\/span>\n                        <\/a>\n                                    <\/div>\n            <\/div>\n        <\/div>\n    ","protected":false},"excerpt":{"rendered":"<p>Take a vacation in Normandy Located on the shores of the Channel and close to Paris and its surrounding area, Normandy has an exceptionally rich equine, historical and cultural heritage. From the Mont-Saint-Michel to the landing beaches via the Bayeux Tapestry and Le Pin National Stud Farm, it is home to several sites that are [&hellip;]<\/p>\n","protected":false},"author":22,"featured_media":0,"parent":40733,"menu_order":0,"comment_status":"closed","ping_status":"closed","template":"page-templates\/editorial.php","meta":{"_acf_changed":false,"footnotes":""},"class_list":["post-40742","page","type-page","status-publish","hentry"],"acf":[],"yoast_head":"<!-- This site is optimized with the Yoast SEO plugin v27.1.1 - https:\/\/yoast.com\/product\/yoast-seo-wordpress\/ -->\n<title>Tourism - Conseil des Chevaux de Normandie<\/title>\n<meta name=\"robots\" content=\"index, follow, max-snippet:-1, max-image-preview:large, max-video-preview:-1\" \/>\n<link rel=\"canonical\" href=\"https:\/\/chevaux-normandie.com\/en\/coming\/tourism\/\" \/>\n<meta property=\"og:locale\" content=\"en_US\" \/>\n<meta property=\"og:type\" content=\"article\" \/>\n<meta property=\"og:title\" content=\"Tourism - Conseil des Chevaux de Normandie\" \/>\n<meta property=\"og:description\" content=\"Take a vacation in Normandy Located on the shores of the Channel and close to Paris and its surrounding area, Normandy has an exceptionally rich equine, historical and cultural heritage. From the Mont-Saint-Michel to the landing beaches via the Bayeux Tapestry and Le Pin National Stud Farm, it is home to several sites that are [&hellip;]\" \/>\n<meta property=\"og:url\" content=\"https:\/\/chevaux-normandie.com\/en\/coming\/tourism\/\" \/>\n<meta property=\"og:site_name\" content=\"Conseil des Chevaux de Normandie\" \/>\n<meta property=\"article:modified_time\" content=\"2024-06-26T11:50:47+00:00\" \/>\n<meta name=\"twitter:card\" content=\"summary_large_image\" \/>\n<meta name=\"twitter:label1\" content=\"Est. reading time\" \/>\n\t<meta name=\"twitter:data1\" content=\"1 minute\" \/>\n<script type=\"application\/ld+json\" class=\"yoast-schema-graph\">{\"@context\":\"https:\/\/schema.org\",\"@graph\":[{\"@type\":\"WebPage\",\"@id\":\"https:\/\/chevaux-normandie.com\/en\/coming\/tourism\/\",\"url\":\"https:\/\/chevaux-normandie.com\/en\/coming\/tourism\/\",\"name\":\"Tourism - Conseil des Chevaux de Normandie\",\"isPartOf\":{\"@id\":\"https:\/\/chevaux-normandie.com\/#website\"},\"datePublished\":\"2023-07-26T09:42:05+00:00\",\"dateModified\":\"2024-06-26T11:50:47+00:00\",\"breadcrumb\":{\"@id\":\"https:\/\/chevaux-normandie.com\/en\/coming\/tourism\/#breadcrumb\"},\"inLanguage\":\"en-US\",\"potentialAction\":[{\"@type\":\"ReadAction\",\"target\":[\"https:\/\/chevaux-normandie.com\/en\/coming\/tourism\/\"]}]},{\"@type\":\"BreadcrumbList\",\"@id\":\"https:\/\/chevaux-normandie.com\/en\/coming\/tourism\/#breadcrumb\",\"itemListElement\":[{\"@type\":\"ListItem\",\"position\":1,\"name\":\"Home\",\"item\":\"https:\/\/chevaux-normandie.com\/en\/\"},{\"@type\":\"ListItem\",\"position\":2,\"name\":\"VISITING\",\"item\":\"https:\/\/chevaux-normandie.com\/en\/coming\/\"},{\"@type\":\"ListItem\",\"position\":3,\"name\":\"Tourism\"}]},{\"@type\":\"WebSite\",\"@id\":\"https:\/\/chevaux-normandie.com\/#website\",\"url\":\"https:\/\/chevaux-normandie.com\/\",\"name\":\"Conseil des Chevaux de Normandie\",\"description\":\"C\u0153ur de la fili\u00e8re \u00e9quine normande\",\"potentialAction\":[{\"@type\":\"SearchAction\",\"target\":{\"@type\":\"EntryPoint\",\"urlTemplate\":\"https:\/\/chevaux-normandie.com\/?s={search_term_string}\"},\"query-input\":{\"@type\":\"PropertyValueSpecification\",\"valueRequired\":true,\"valueName\":\"search_term_string\"}}],\"inLanguage\":\"en-US\"}]}<\/script>\n<!-- \/ Yoast SEO plugin. -->","yoast_head_json":{"title":"Tourism - Conseil des Chevaux de Normandie","robots":{"index":"index","follow":"follow","max-snippet":"max-snippet:-1","max-image-preview":"max-image-preview:large","max-video-preview":"max-video-preview:-1"},"canonical":"https:\/\/chevaux-normandie.com\/en\/coming\/tourism\/","og_locale":"en_US","og_type":"article","og_title":"Tourism - Conseil des Chevaux de Normandie","og_description":"Take a vacation in Normandy Located on the shores of the Channel and close to Paris and its surrounding area, Normandy has an exceptionally rich equine, historical and cultural heritage. From the Mont-Saint-Michel to the landing beaches via the Bayeux Tapestry and Le Pin National Stud Farm, it is home to several sites that are [&hellip;]","og_url":"https:\/\/chevaux-normandie.com\/en\/coming\/tourism\/","og_site_name":"Conseil des Chevaux de Normandie","article_modified_time":"2024-06-26T11:50:47+00:00","twitter_card":"summary_large_image","twitter_misc":{"Est. reading time":"1 minute"},"schema":{"@context":"https:\/\/schema.org","@graph":[{"@type":"WebPage","@id":"https:\/\/chevaux-normandie.com\/en\/coming\/tourism\/","url":"https:\/\/chevaux-normandie.com\/en\/coming\/tourism\/","name":"Tourism - Conseil des Chevaux de Normandie","isPartOf":{"@id":"https:\/\/chevaux-normandie.com\/#website"},"datePublished":"2023-07-26T09:42:05+00:00","dateModified":"2024-06-26T11:50:47+00:00","breadcrumb":{"@id":"https:\/\/chevaux-normandie.com\/en\/coming\/tourism\/#breadcrumb"},"inLanguage":"en-US","potentialAction":[{"@type":"ReadAction","target":["https:\/\/chevaux-normandie.com\/en\/coming\/tourism\/"]}]},{"@type":"BreadcrumbList","@id":"https:\/\/chevaux-normandie.com\/en\/coming\/tourism\/#breadcrumb","itemListElement":[{"@type":"ListItem","position":1,"name":"Home","item":"https:\/\/chevaux-normandie.com\/en\/"},{"@type":"ListItem","position":2,"name":"VISITING","item":"https:\/\/chevaux-normandie.com\/en\/coming\/"},{"@type":"ListItem","position":3,"name":"Tourism"}]},{"@type":"WebSite","@id":"https:\/\/chevaux-normandie.com\/#website","url":"https:\/\/chevaux-normandie.com\/","name":"Conseil des Chevaux de Normandie","description":"C\u0153ur de la fili\u00e8re \u00e9quine normande","potentialAction":[{"@type":"SearchAction","target":{"@type":"EntryPoint","urlTemplate":"https:\/\/chevaux-normandie.com\/?s={search_term_string}"},"query-input":{"@type":"PropertyValueSpecification","valueRequired":true,"valueName":"search_term_string"}}],"inLanguage":"en-US"}]}},"_links":{"self":[{"href":"https:\/\/chevaux-normandie.com\/en\/wp-json\/wp\/v2\/pages\/40742","targetHints":{"allow":["GET"]}}],"collection":[{"href":"https:\/\/chevaux-normandie.com\/en\/wp-json\/wp\/v2\/pages"}],"about":[{"href":"https:\/\/chevaux-normandie.com\/en\/wp-json\/wp\/v2\/types\/page"}],"author":[{"embeddable":true,"href":"https:\/\/chevaux-normandie.com\/en\/wp-json\/wp\/v2\/users\/22"}],"replies":[{"embeddable":true,"href":"https:\/\/chevaux-normandie.com\/en\/wp-json\/wp\/v2\/comments?post=40742"}],"version-history":[{"count":22,"href":"https:\/\/chevaux-normandie.com\/en\/wp-json\/wp\/v2\/pages\/40742\/revisions"}],"predecessor-version":[{"id":44903,"href":"https:\/\/chevaux-normandie.com\/en\/wp-json\/wp\/v2\/pages\/40742\/revisions\/44903"}],"up":[{"embeddable":true,"href":"https:\/\/chevaux-normandie.com\/en\/wp-json\/wp\/v2\/pages\/40733"}],"wp:attachment":[{"href":"https:\/\/chevaux-normandie.com\/en\/wp-json\/wp\/v2\/media?parent=40742"}],"curies":[{"name":"wp","href":"https:\/\/api.w.org\/{rel}","templated":true}]}}