{"id":41935,"date":"2023-09-04T16:09:14","date_gmt":"2023-09-04T14:09:14","guid":{"rendered":"https:\/\/chevaux-normandie.com\/?page_id=41935"},"modified":"2023-12-18T10:34:43","modified_gmt":"2023-12-18T09:34:43","slug":"scientific-parterships","status":"publish","type":"page","link":"https:\/\/chevaux-normandie.com\/en\/scientific-parterships\/","title":{"rendered":"PARTNERSHIP"},"content":{"rendered":"<h2 class=\"wp-block-heading\" id=\"becoming-partner\">Becoming partner<\/h2>\n\n\n<p>If your project is based around research or innovation, in Normandy you will find a number of partners and experts in horse health and literature.<\/p>\n\n\n<h2 class=\"wp-block-heading\" id=\"our-norman-structures\">Our Norman structures<\/h2>\n\n<h3 class=\"wp-block-heading\" id=\"normandie-equine-vallee\">NORMANDIE EQUINE VALLEE<\/h3>\n\n\n<p>Normandie Equine Vall\u00e9e was founded in order to welcome and assist world renowned scientific teams working in the field of equine health in Normandy.<br>This joint association has developed an international campus across two sites, Goustranville and Saint-Contest, both of which host researchers who specialise in preventing, diagnosing and treating equine health conditions. There are also businesses based on the two campuses.<\/p>\n\n\n<h3 class=\"wp-block-heading\" id=\"gis-centaure\">GIS CENTAURE<\/h3>\n\n\n<p><strong>CIRALE<\/strong><em>, Goustranville, Calvados<\/em><br>The CIRALE is an internationally recognised reference in the field of imaging and locomotor conditions in horses.<\/p>\n\n\n\n<p><strong>LABEO<\/strong><em>, Saint-Contest, Calvados<\/em><br>This is the number one European equine analysis laboratory and the number one analysis and research hub in Normandy.<\/p>\n\n\n\n<p><strong>The Scientific Interest Group<\/strong> (SIG) CENTAURE Equine Research is a research cluster that gathers<br>four organisations with complementary skills: <\/p>\n\n\n\n<p><strong>BIOTARGEN<\/strong><em> <\/em><strong>UniCaen<\/strong><em>, Saint-Contest, Calvados<\/em><br>This Caen-Normandie University research unit is the first to base its research around equine health<br>therapeutic diagnosis.<\/p>\n\n\n\n<p><strong>ANSES<\/strong><em>, Goustranville, Calvados <\/em><br>ANSES (National Agency for Sanitary Security) the figurehead network for research. Normandy is the only place you can find a laboratory specialising in equine pathology.<\/p>\n\n\n\n                <a href=\"https:\/\/chevaux-normandie.com\/wp-content\/uploads\/2023\/12\/Anses-Equine-diseases-partnerships.pdf\" download class=\"b-download-link last-link\">\n                <span class=\"lnr lnr-download\"><\/span>\n                <span class=\"file-name\">Equine diseases partnerships<\/span>\n                <span class=\"file-type\">pdf &#8211;<\/span>\n                                    <span class=\"file-size\">1.31mo<\/span>\n                            <\/a>\n            \n\n<h2 class=\"wp-block-heading\" id=\"le-pin-national-stud-farm-brood-mares-section\">Le Pin National Stud Farm Brood Mares Section<\/h2>\n\n\n<p>Le Pin National Stud Farm provides internationally recognised training to students from across the globe. It is specialised in genetics, reproduction techniques and breeding techniques.<\/p>\n\n\n<h2 class=\"wp-block-heading\" id=\"world-horse-library\">WORLD HORSE LIBRARY<\/h2>\n\n\n<p>The heritage of notable books and libraries is quite extensive, and at the same time it is not very accessible. The World Horse Library is a research center represented by the MRSH CNRS University of Caen who created a virtual library. Its aim is to make accessible and give value to the contents<br>of multiple libraries in a large virtual library. With just a few clicks, specialists, expert amateurs, and the public will find texts, printed matter, manuscripts, images, drawings and photos.<br><\/p>\n\n\n\n            <div class=\"b-contact-block\">\n                            <div class=\"contact-tag\">\n                    Contact\n                <\/div>\n                        <div class=\"left-container\">\n                                    <div class=\"portrait\">\n                        <img decoding=\"async\" src=\"https:\/\/chevaux-normandie.com\/wp-content\/uploads\/2021\/04\/EQUIPE210413-visuel-site-internet-pascal-bouille.jpg\" alt=\"\">\n                    <\/div>\n                                <div>\n                    <div class=\"title\">Pascal BOUILLE<\/div>\n                    <div class=\"texte\">\n                        <p><span style=\"font-weight: 400;\">Economic Development Coordinator<\/span><\/p>\n                    <\/div>\n                    <div class=\"phone\">\n                        <span class=\"lnr lnr-phone-handset\"><\/span>\n                        +33 6 17 98 29 13                    <\/div>\n                <\/div>\n            <\/div>\n            <div>\n                <a href=\"mailto:pascal.bouille@chevaux-normandie.com\" class=\"contact-btn\">\n                    <span class=\"lnr lnr-envelope\"><\/span>\n                    Contact                <\/a>\n                <div class=\"socials\">\n                                            <a href=\"https:\/\/www.facebook.com\/conseildeschevauxdenormandie\/\" target=\"_blank\" class=\"icon\">\n                            <span class=\"socicon-facebook\"><\/span>\n                        <\/a>\n                                                                <a href=\"https:\/\/www.linkedin.com\/\" target=\"_blank\" class=\"icon\">\n                            <span class=\"socicon-linkedin\"><\/span>\n                        <\/a>\n                                                                <a href=\"https:\/\/www.youtube.com\/channel\/UCPbT4dQN7Z_uQJIX6STSwRA\" target=\"_blank\" class=\"icon\">\n                            <span class=\"socicon-youtube\"><\/span>\n                        <\/a>\n                                    <\/div>\n            <\/div>\n        <\/div>\n    ","protected":false},"excerpt":{"rendered":"<p>Becoming partner If your project is based around research or innovation, in Normandy you will find a number of partners and experts in horse health and literature. Our Norman structures NORMANDIE EQUINE VALLEE Normandie Equine Vall\u00e9e was founded in order to welcome and assist world renowned scientific teams working in the field of equine health [&hellip;]<\/p>\n","protected":false},"author":22,"featured_media":0,"parent":0,"menu_order":0,"comment_status":"closed","ping_status":"closed","template":"page-templates\/editorial.php","meta":{"_acf_changed":false,"footnotes":""},"class_list":["post-41935","page","type-page","status-publish","hentry"],"acf":[],"yoast_head":"<!-- This site is optimized with the Yoast SEO plugin v27.1.1 - https:\/\/yoast.com\/product\/yoast-seo-wordpress\/ -->\n<title>PARTNERSHIP - Conseil des Chevaux de Normandie<\/title>\n<meta name=\"robots\" content=\"index, follow, max-snippet:-1, max-image-preview:large, max-video-preview:-1\" \/>\n<link rel=\"canonical\" href=\"https:\/\/chevaux-normandie.com\/en\/scientific-parterships\/\" \/>\n<meta property=\"og:locale\" content=\"en_US\" \/>\n<meta property=\"og:type\" content=\"article\" \/>\n<meta property=\"og:title\" content=\"PARTNERSHIP - Conseil des Chevaux de Normandie\" \/>\n<meta property=\"og:description\" content=\"Becoming partner If your project is based around research or innovation, in Normandy you will find a number of partners and experts in horse health and literature. Our Norman structures NORMANDIE EQUINE VALLEE Normandie Equine Vall\u00e9e was founded in order to welcome and assist world renowned scientific teams working in the field of equine health [&hellip;]\" \/>\n<meta property=\"og:url\" content=\"https:\/\/chevaux-normandie.com\/en\/scientific-parterships\/\" \/>\n<meta property=\"og:site_name\" content=\"Conseil des Chevaux de Normandie\" \/>\n<meta property=\"article:modified_time\" content=\"2023-12-18T09:34:43+00:00\" \/>\n<meta name=\"twitter:card\" content=\"summary_large_image\" \/>\n<meta name=\"twitter:label1\" content=\"Est. reading time\" \/>\n\t<meta name=\"twitter:data1\" content=\"2 minutes\" \/>\n<script type=\"application\/ld+json\" class=\"yoast-schema-graph\">{\"@context\":\"https:\/\/schema.org\",\"@graph\":[{\"@type\":\"WebPage\",\"@id\":\"https:\/\/chevaux-normandie.com\/en\/scientific-parterships\/\",\"url\":\"https:\/\/chevaux-normandie.com\/en\/scientific-parterships\/\",\"name\":\"PARTNERSHIP - Conseil des Chevaux de Normandie\",\"isPartOf\":{\"@id\":\"https:\/\/chevaux-normandie.com\/#website\"},\"datePublished\":\"2023-09-04T14:09:14+00:00\",\"dateModified\":\"2023-12-18T09:34:43+00:00\",\"breadcrumb\":{\"@id\":\"https:\/\/chevaux-normandie.com\/en\/scientific-parterships\/#breadcrumb\"},\"inLanguage\":\"en-US\",\"potentialAction\":[{\"@type\":\"ReadAction\",\"target\":[\"https:\/\/chevaux-normandie.com\/en\/scientific-parterships\/\"]}]},{\"@type\":\"BreadcrumbList\",\"@id\":\"https:\/\/chevaux-normandie.com\/en\/scientific-parterships\/#breadcrumb\",\"itemListElement\":[{\"@type\":\"ListItem\",\"position\":1,\"name\":\"Home\",\"item\":\"https:\/\/chevaux-normandie.com\/en\/\"},{\"@type\":\"ListItem\",\"position\":2,\"name\":\"PARTNERSHIP\"}]},{\"@type\":\"WebSite\",\"@id\":\"https:\/\/chevaux-normandie.com\/#website\",\"url\":\"https:\/\/chevaux-normandie.com\/\",\"name\":\"Conseil des Chevaux de Normandie\",\"description\":\"C\u0153ur de la fili\u00e8re \u00e9quine normande\",\"potentialAction\":[{\"@type\":\"SearchAction\",\"target\":{\"@type\":\"EntryPoint\",\"urlTemplate\":\"https:\/\/chevaux-normandie.com\/?s={search_term_string}\"},\"query-input\":{\"@type\":\"PropertyValueSpecification\",\"valueRequired\":true,\"valueName\":\"search_term_string\"}}],\"inLanguage\":\"en-US\"}]}<\/script>\n<!-- \/ Yoast SEO plugin. -->","yoast_head_json":{"title":"PARTNERSHIP - Conseil des Chevaux de Normandie","robots":{"index":"index","follow":"follow","max-snippet":"max-snippet:-1","max-image-preview":"max-image-preview:large","max-video-preview":"max-video-preview:-1"},"canonical":"https:\/\/chevaux-normandie.com\/en\/scientific-parterships\/","og_locale":"en_US","og_type":"article","og_title":"PARTNERSHIP - Conseil des Chevaux de Normandie","og_description":"Becoming partner If your project is based around research or innovation, in Normandy you will find a number of partners and experts in horse health and literature. Our Norman structures NORMANDIE EQUINE VALLEE Normandie Equine Vall\u00e9e was founded in order to welcome and assist world renowned scientific teams working in the field of equine health [&hellip;]","og_url":"https:\/\/chevaux-normandie.com\/en\/scientific-parterships\/","og_site_name":"Conseil des Chevaux de Normandie","article_modified_time":"2023-12-18T09:34:43+00:00","twitter_card":"summary_large_image","twitter_misc":{"Est. reading time":"2 minutes"},"schema":{"@context":"https:\/\/schema.org","@graph":[{"@type":"WebPage","@id":"https:\/\/chevaux-normandie.com\/en\/scientific-parterships\/","url":"https:\/\/chevaux-normandie.com\/en\/scientific-parterships\/","name":"PARTNERSHIP - Conseil des Chevaux de Normandie","isPartOf":{"@id":"https:\/\/chevaux-normandie.com\/#website"},"datePublished":"2023-09-04T14:09:14+00:00","dateModified":"2023-12-18T09:34:43+00:00","breadcrumb":{"@id":"https:\/\/chevaux-normandie.com\/en\/scientific-parterships\/#breadcrumb"},"inLanguage":"en-US","potentialAction":[{"@type":"ReadAction","target":["https:\/\/chevaux-normandie.com\/en\/scientific-parterships\/"]}]},{"@type":"BreadcrumbList","@id":"https:\/\/chevaux-normandie.com\/en\/scientific-parterships\/#breadcrumb","itemListElement":[{"@type":"ListItem","position":1,"name":"Home","item":"https:\/\/chevaux-normandie.com\/en\/"},{"@type":"ListItem","position":2,"name":"PARTNERSHIP"}]},{"@type":"WebSite","@id":"https:\/\/chevaux-normandie.com\/#website","url":"https:\/\/chevaux-normandie.com\/","name":"Conseil des Chevaux de Normandie","description":"C\u0153ur de la fili\u00e8re \u00e9quine normande","potentialAction":[{"@type":"SearchAction","target":{"@type":"EntryPoint","urlTemplate":"https:\/\/chevaux-normandie.com\/?s={search_term_string}"},"query-input":{"@type":"PropertyValueSpecification","valueRequired":true,"valueName":"search_term_string"}}],"inLanguage":"en-US"}]}},"_links":{"self":[{"href":"https:\/\/chevaux-normandie.com\/en\/wp-json\/wp\/v2\/pages\/41935","targetHints":{"allow":["GET"]}}],"collection":[{"href":"https:\/\/chevaux-normandie.com\/en\/wp-json\/wp\/v2\/pages"}],"about":[{"href":"https:\/\/chevaux-normandie.com\/en\/wp-json\/wp\/v2\/types\/page"}],"author":[{"embeddable":true,"href":"https:\/\/chevaux-normandie.com\/en\/wp-json\/wp\/v2\/users\/22"}],"replies":[{"embeddable":true,"href":"https:\/\/chevaux-normandie.com\/en\/wp-json\/wp\/v2\/comments?post=41935"}],"version-history":[{"count":22,"href":"https:\/\/chevaux-normandie.com\/en\/wp-json\/wp\/v2\/pages\/41935\/revisions"}],"predecessor-version":[{"id":42657,"href":"https:\/\/chevaux-normandie.com\/en\/wp-json\/wp\/v2\/pages\/41935\/revisions\/42657"}],"wp:attachment":[{"href":"https:\/\/chevaux-normandie.com\/en\/wp-json\/wp\/v2\/media?parent=41935"}],"curies":[{"name":"wp","href":"https:\/\/api.w.org\/{rel}","templated":true}]}}