{"id":44835,"date":"2024-06-18T13:44:48","date_gmt":"2024-06-18T11:44:48","guid":{"rendered":"https:\/\/chevaux-normandie.com\/?page_id=44835"},"modified":"2024-07-18T09:08:47","modified_gmt":"2024-07-18T07:08:47","slug":"our-stays-in-normandy","status":"publish","type":"page","link":"https:\/\/chevaux-normandie.com\/en\/coming\/our-stays-in-normandy\/","title":{"rendered":"Our stays in Normandy"},"content":{"rendered":"<h2 class=\"wp-block-heading\" id=\"weekend-behind-the-scenes-with-sports-horses-in-normandy-%25c2%25a0%25c2%25a0\"><strong>Weekend behind the scenes with sports horses in Normandy \u00a0\u00a0<\/strong><\/h2>\n\n\n<p>For the very first time in the equine world, a holiday that provides enthusiasts with an opportunity to visit famous places and talk with renowned professionals.&nbsp;<em>Take a closer look at this new offer from the Normandy Horse Council and its partner <a href=\"https:\/\/racinesvoyages.com\">Racines Voyages<\/a>.<\/em><\/p>\n\n\n\n<p>The Normandy Horse Council, in partnership with Racines Voyages, is presenting its first holiday aimed at horse enthusiasts and professionals. With the Paris Olympics in full swing, a break in Normandy will be just the ticket in between the team Show Jumping events on 1 and 2 August and the individual ones on 5 and 6 August.<strong>&nbsp;On 3 and 4 August 2024, a weekend dedicated to show jumping is being organised in La Manche, with a chance to discover the Normandy Horse Show and the Semilly Stud Farm.<\/strong>&nbsp;Through discussion and a guided visit from a professional, visitors will be able to take a look behind the scenes of the equine sector in Normandy and immerse themselves in the heart of a leading sport horse breeding operation.<\/p>\n\n\n\n<figure class=\"wp-block-embed is-type-video is-provider-youtube wp-block-embed-youtube wp-embed-aspect-16-9 wp-has-aspect-ratio\"><div class=\"wp-block-embed__wrapper\">\n<iframe loading=\"lazy\" title=\"Stay in Normandy\" width=\"500\" height=\"281\" src=\"https:\/\/www.youtube.com\/embed\/dLnYB-tSpPs?feature=oembed\" frameborder=\"0\" allow=\"accelerometer; autoplay; clipboard-write; encrypted-media; gyroscope; picture-in-picture; web-share\" referrerpolicy=\"strict-origin-when-cross-origin\" allowfullscreen><\/iframe>\n<\/div><\/figure>\n\n\n<h3 class=\"wp-block-heading\" id=\"the-programme-in\"><strong>The programme in<\/strong> : <\/h3>\n\n\n<ul class=\"wp-block-list\">\n<li><strong>Day  1<\/strong><\/li>\n<\/ul>\n\n\n\n<div class=\"wp-block-media-text alignfull is-stacked-on-mobile\"><figure class=\"wp-block-media-text__media\"><img loading=\"lazy\" decoding=\"async\" width=\"1024\" height=\"577\" src=\"https:\/\/chevaux-normandie.com\/wp-content\/uploads\/2024\/06\/Normandie-Horse-Show-1024x577.jpg\" alt=\"\" class=\"wp-image-44704 size-full\" srcset=\"https:\/\/chevaux-normandie.com\/wp-content\/uploads\/2024\/06\/Normandie-Horse-Show-1024x577.jpg 1024w, https:\/\/chevaux-normandie.com\/wp-content\/uploads\/2024\/06\/Normandie-Horse-Show-300x169.jpg 300w, https:\/\/chevaux-normandie.com\/wp-content\/uploads\/2024\/06\/Normandie-Horse-Show-768x433.jpg 768w, https:\/\/chevaux-normandie.com\/wp-content\/uploads\/2024\/06\/Normandie-Horse-Show-200x113.jpg 200w, https:\/\/chevaux-normandie.com\/wp-content\/uploads\/2024\/06\/Normandie-Horse-Show-240x135.jpg 240w, https:\/\/chevaux-normandie.com\/wp-content\/uploads\/2024\/06\/Normandie-Horse-Show.jpg 1037w\" sizes=\"auto, (max-width: 1024px) 100vw, 1024px\" \/><\/figure><div class=\"wp-block-media-text__content\">\n<p>Setting out from Versailles, we will head for Normandy in the early hours of the morning, where we will be met at the P\u00f4le Hippique in Saint-L\u00f4.<\/p>\n\n\n\n<p>After lunch, we will meet up with a member of the P\u00f4le Hippique in Saint-L\u00f4 for a guided visit of the historic stud farm as well as a look behind the scenes of this not-to-be-missed event in the Manche department.<\/p>\n\n\n\n<p>We will then head for the delightful town of Bayeux, where we will visit the Bayeux Tapestry museum, a UNESCO World Heritage Site, to admire the epic story of William the Conqueror featuring 200 embroidered horses.<\/p>\n\n\n\n<p>The late afternoon will be free, then we will meet up in the early evening to eat at a restaurant in the town centre, before heading home to rest.<\/p>\n<\/div><\/div>\n\n\n\n<ul class=\"wp-block-list\">\n<li><strong>Day 2<\/strong><\/li>\n<\/ul>\n\n\n\n<div class=\"wp-block-media-text alignfull has-media-on-the-right is-stacked-on-mobile\"><div class=\"wp-block-media-text__content\">\n<p>After an early breakfast, we will head to one of the most famous stud farms in the world, the Haras de Semilly, home to the world\u2019s number 1 stallion Diamant de Semilly, for a guided visit with the Levallois family.<\/p>\n\n\n\n<p>We will then return to the P\u00f4le Hippique in Saint-L\u00f4 to see the end of the foal fair, an exceptional and unique sale in the courtyard of the stud farm.<\/p>\n\n\n\n<p>We will then eat lunch together in the VIP area of the jumping competition, which will also provide a great view of the competition.<\/p>\n\n\n\n<p>The afternoon will be free, allowing you to admire the performances of the horses and their riders during the grand prix. In mid-afternoon, it will be time to set off again for Versailles and Paris.<\/p>\n<\/div><figure class=\"wp-block-media-text__media\"><img loading=\"lazy\" decoding=\"async\" width=\"756\" height=\"456\" src=\"https:\/\/chevaux-normandie.com\/wp-content\/uploads\/2024\/05\/Haras-de-Semilly.jpg\" alt=\"\" class=\"wp-image-44706 size-full\" srcset=\"https:\/\/chevaux-normandie.com\/wp-content\/uploads\/2024\/05\/Haras-de-Semilly.jpg 756w, https:\/\/chevaux-normandie.com\/wp-content\/uploads\/2024\/05\/Haras-de-Semilly-300x181.jpg 300w, https:\/\/chevaux-normandie.com\/wp-content\/uploads\/2024\/05\/Haras-de-Semilly-200x121.jpg 200w, https:\/\/chevaux-normandie.com\/wp-content\/uploads\/2024\/05\/Haras-de-Semilly-240x145.jpg 240w\" sizes=\"auto, (max-width: 756px) 100vw, 756px\" \/><\/figure><\/div>\n\n\n\n<p>Duration: 2 days, 1 night<br>Period: Saturday 3 and Sunday 4 August 2024<br>Public: horse-breeding and equestrian sports enthusiasts, amateurs and professionals<br>Price: 845\u20ac per person<br>Stay including: transport, accommodation (4* hotel), meals and visits<br>Not including: personal expenses, extra drinks, tips and travel insurance<\/p>\n\n\n<div class=\"arrow-btn-link-container\">\n    <a href=\"https:\/\/racinesvoyages.com\/#offers\/459-1206-week-end-cheval-de-sport-en-Normandie\" target=\"_blank\" class=\"bordered-btn is-green\">\n        Booking        <span class=\"general-arrow\"><\/span>\n    <\/a>\n<\/div>\n\n\n\n<p><strong>Coming soon\u2026<\/strong><\/p>\n\n\n\n<p>To complement this offer, in 2025 several other holidays to explore the equine sector will be made&nbsp; available. There will be something for everyone! The general public will have a chance to enjoy package deals combining visits to Normandy\u2019s must-sees, gastronomy, along with surprising and interesting activities involving horses. Enthusiasts and professionals will not be left out. Specialised stays based around the themes of sport horses, trotting and galloping will also be on offer, providing a behind-the-scenes look at our industry of excellence.<\/p>\n\n\n\n<p><\/p>\n","protected":false},"excerpt":{"rendered":"<p>Weekend behind the scenes with sports horses in Normandy \u00a0\u00a0 For the very first time in the equine world, a holiday that provides enthusiasts with an opportunity to visit famous places and talk with renowned professionals.&nbsp;Take a closer look at this new offer from the Normandy Horse Council and its partner Racines Voyages. The Normandy [&hellip;]<\/p>\n","protected":false},"author":20,"featured_media":0,"parent":40733,"menu_order":0,"comment_status":"closed","ping_status":"closed","template":"page-templates\/editorial.php","meta":{"_acf_changed":false,"footnotes":""},"class_list":["post-44835","page","type-page","status-publish","hentry"],"acf":[],"yoast_head":"<!-- This site is optimized with the Yoast SEO plugin v27.1.1 - https:\/\/yoast.com\/product\/yoast-seo-wordpress\/ -->\n<title>Our stays in Normandy - Conseil des Chevaux de Normandie<\/title>\n<meta name=\"robots\" content=\"index, follow, max-snippet:-1, max-image-preview:large, max-video-preview:-1\" \/>\n<link rel=\"canonical\" href=\"https:\/\/chevaux-normandie.com\/en\/coming\/our-stays-in-normandy\/\" \/>\n<meta property=\"og:locale\" content=\"en_US\" \/>\n<meta property=\"og:type\" content=\"article\" \/>\n<meta property=\"og:title\" content=\"Our stays in Normandy - Conseil des Chevaux de Normandie\" \/>\n<meta property=\"og:description\" content=\"Weekend behind the scenes with sports horses in Normandy \u00a0\u00a0 For the very first time in the equine world, a holiday that provides enthusiasts with an opportunity to visit famous places and talk with renowned professionals.&nbsp;Take a closer look at this new offer from the Normandy Horse Council and its partner Racines Voyages. The Normandy [&hellip;]\" \/>\n<meta property=\"og:url\" content=\"https:\/\/chevaux-normandie.com\/en\/coming\/our-stays-in-normandy\/\" \/>\n<meta property=\"og:site_name\" content=\"Conseil des Chevaux de Normandie\" \/>\n<meta property=\"article:modified_time\" content=\"2024-07-18T07:08:47+00:00\" \/>\n<meta property=\"og:image\" content=\"https:\/\/chevaux-normandie.com\/wp-content\/uploads\/2024\/06\/Normandie-Horse-Show-1024x577.jpg\" \/>\n<meta name=\"twitter:card\" content=\"summary_large_image\" \/>\n<meta name=\"twitter:label1\" content=\"Est. reading time\" \/>\n\t<meta name=\"twitter:data1\" content=\"3 minutes\" \/>\n<script type=\"application\/ld+json\" class=\"yoast-schema-graph\">{\"@context\":\"https:\/\/schema.org\",\"@graph\":[{\"@type\":\"WebPage\",\"@id\":\"https:\/\/chevaux-normandie.com\/en\/coming\/our-stays-in-normandy\/\",\"url\":\"https:\/\/chevaux-normandie.com\/en\/coming\/our-stays-in-normandy\/\",\"name\":\"Our stays in Normandy - Conseil des Chevaux de Normandie\",\"isPartOf\":{\"@id\":\"https:\/\/chevaux-normandie.com\/#website\"},\"primaryImageOfPage\":{\"@id\":\"https:\/\/chevaux-normandie.com\/en\/coming\/our-stays-in-normandy\/#primaryimage\"},\"image\":{\"@id\":\"https:\/\/chevaux-normandie.com\/en\/coming\/our-stays-in-normandy\/#primaryimage\"},\"thumbnailUrl\":\"https:\/\/chevaux-normandie.com\/wp-content\/uploads\/2024\/06\/Normandie-Horse-Show-1024x577.jpg\",\"datePublished\":\"2024-06-18T11:44:48+00:00\",\"dateModified\":\"2024-07-18T07:08:47+00:00\",\"breadcrumb\":{\"@id\":\"https:\/\/chevaux-normandie.com\/en\/coming\/our-stays-in-normandy\/#breadcrumb\"},\"inLanguage\":\"en-US\",\"potentialAction\":[{\"@type\":\"ReadAction\",\"target\":[\"https:\/\/chevaux-normandie.com\/en\/coming\/our-stays-in-normandy\/\"]}]},{\"@type\":\"ImageObject\",\"inLanguage\":\"en-US\",\"@id\":\"https:\/\/chevaux-normandie.com\/en\/coming\/our-stays-in-normandy\/#primaryimage\",\"url\":\"https:\/\/chevaux-normandie.com\/wp-content\/uploads\/2024\/06\/Normandie-Horse-Show-1024x577.jpg\",\"contentUrl\":\"https:\/\/chevaux-normandie.com\/wp-content\/uploads\/2024\/06\/Normandie-Horse-Show-1024x577.jpg\"},{\"@type\":\"BreadcrumbList\",\"@id\":\"https:\/\/chevaux-normandie.com\/en\/coming\/our-stays-in-normandy\/#breadcrumb\",\"itemListElement\":[{\"@type\":\"ListItem\",\"position\":1,\"name\":\"Home\",\"item\":\"https:\/\/chevaux-normandie.com\/en\/\"},{\"@type\":\"ListItem\",\"position\":2,\"name\":\"VISITING\",\"item\":\"https:\/\/chevaux-normandie.com\/en\/coming\/\"},{\"@type\":\"ListItem\",\"position\":3,\"name\":\"Our stays in Normandy\"}]},{\"@type\":\"WebSite\",\"@id\":\"https:\/\/chevaux-normandie.com\/#website\",\"url\":\"https:\/\/chevaux-normandie.com\/\",\"name\":\"Conseil des Chevaux de Normandie\",\"description\":\"C\u0153ur de la fili\u00e8re \u00e9quine normande\",\"potentialAction\":[{\"@type\":\"SearchAction\",\"target\":{\"@type\":\"EntryPoint\",\"urlTemplate\":\"https:\/\/chevaux-normandie.com\/?s={search_term_string}\"},\"query-input\":{\"@type\":\"PropertyValueSpecification\",\"valueRequired\":true,\"valueName\":\"search_term_string\"}}],\"inLanguage\":\"en-US\"}]}<\/script>\n<!-- \/ Yoast SEO plugin. -->","yoast_head_json":{"title":"Our stays in Normandy - Conseil des Chevaux de Normandie","robots":{"index":"index","follow":"follow","max-snippet":"max-snippet:-1","max-image-preview":"max-image-preview:large","max-video-preview":"max-video-preview:-1"},"canonical":"https:\/\/chevaux-normandie.com\/en\/coming\/our-stays-in-normandy\/","og_locale":"en_US","og_type":"article","og_title":"Our stays in Normandy - Conseil des Chevaux de Normandie","og_description":"Weekend behind the scenes with sports horses in Normandy \u00a0\u00a0 For the very first time in the equine world, a holiday that provides enthusiasts with an opportunity to visit famous places and talk with renowned professionals.&nbsp;Take a closer look at this new offer from the Normandy Horse Council and its partner Racines Voyages. The Normandy [&hellip;]","og_url":"https:\/\/chevaux-normandie.com\/en\/coming\/our-stays-in-normandy\/","og_site_name":"Conseil des Chevaux de Normandie","article_modified_time":"2024-07-18T07:08:47+00:00","og_image":[{"url":"https:\/\/chevaux-normandie.com\/wp-content\/uploads\/2024\/06\/Normandie-Horse-Show-1024x577.jpg","type":"","width":"","height":""}],"twitter_card":"summary_large_image","twitter_misc":{"Est. reading time":"3 minutes"},"schema":{"@context":"https:\/\/schema.org","@graph":[{"@type":"WebPage","@id":"https:\/\/chevaux-normandie.com\/en\/coming\/our-stays-in-normandy\/","url":"https:\/\/chevaux-normandie.com\/en\/coming\/our-stays-in-normandy\/","name":"Our stays in Normandy - Conseil des Chevaux de Normandie","isPartOf":{"@id":"https:\/\/chevaux-normandie.com\/#website"},"primaryImageOfPage":{"@id":"https:\/\/chevaux-normandie.com\/en\/coming\/our-stays-in-normandy\/#primaryimage"},"image":{"@id":"https:\/\/chevaux-normandie.com\/en\/coming\/our-stays-in-normandy\/#primaryimage"},"thumbnailUrl":"https:\/\/chevaux-normandie.com\/wp-content\/uploads\/2024\/06\/Normandie-Horse-Show-1024x577.jpg","datePublished":"2024-06-18T11:44:48+00:00","dateModified":"2024-07-18T07:08:47+00:00","breadcrumb":{"@id":"https:\/\/chevaux-normandie.com\/en\/coming\/our-stays-in-normandy\/#breadcrumb"},"inLanguage":"en-US","potentialAction":[{"@type":"ReadAction","target":["https:\/\/chevaux-normandie.com\/en\/coming\/our-stays-in-normandy\/"]}]},{"@type":"ImageObject","inLanguage":"en-US","@id":"https:\/\/chevaux-normandie.com\/en\/coming\/our-stays-in-normandy\/#primaryimage","url":"https:\/\/chevaux-normandie.com\/wp-content\/uploads\/2024\/06\/Normandie-Horse-Show-1024x577.jpg","contentUrl":"https:\/\/chevaux-normandie.com\/wp-content\/uploads\/2024\/06\/Normandie-Horse-Show-1024x577.jpg"},{"@type":"BreadcrumbList","@id":"https:\/\/chevaux-normandie.com\/en\/coming\/our-stays-in-normandy\/#breadcrumb","itemListElement":[{"@type":"ListItem","position":1,"name":"Home","item":"https:\/\/chevaux-normandie.com\/en\/"},{"@type":"ListItem","position":2,"name":"VISITING","item":"https:\/\/chevaux-normandie.com\/en\/coming\/"},{"@type":"ListItem","position":3,"name":"Our stays in Normandy"}]},{"@type":"WebSite","@id":"https:\/\/chevaux-normandie.com\/#website","url":"https:\/\/chevaux-normandie.com\/","name":"Conseil des Chevaux de Normandie","description":"C\u0153ur de la fili\u00e8re \u00e9quine normande","potentialAction":[{"@type":"SearchAction","target":{"@type":"EntryPoint","urlTemplate":"https:\/\/chevaux-normandie.com\/?s={search_term_string}"},"query-input":{"@type":"PropertyValueSpecification","valueRequired":true,"valueName":"search_term_string"}}],"inLanguage":"en-US"}]}},"_links":{"self":[{"href":"https:\/\/chevaux-normandie.com\/en\/wp-json\/wp\/v2\/pages\/44835","targetHints":{"allow":["GET"]}}],"collection":[{"href":"https:\/\/chevaux-normandie.com\/en\/wp-json\/wp\/v2\/pages"}],"about":[{"href":"https:\/\/chevaux-normandie.com\/en\/wp-json\/wp\/v2\/types\/page"}],"author":[{"embeddable":true,"href":"https:\/\/chevaux-normandie.com\/en\/wp-json\/wp\/v2\/users\/20"}],"replies":[{"embeddable":true,"href":"https:\/\/chevaux-normandie.com\/en\/wp-json\/wp\/v2\/comments?post=44835"}],"version-history":[{"count":5,"href":"https:\/\/chevaux-normandie.com\/en\/wp-json\/wp\/v2\/pages\/44835\/revisions"}],"predecessor-version":[{"id":45059,"href":"https:\/\/chevaux-normandie.com\/en\/wp-json\/wp\/v2\/pages\/44835\/revisions\/45059"}],"up":[{"embeddable":true,"href":"https:\/\/chevaux-normandie.com\/en\/wp-json\/wp\/v2\/pages\/40733"}],"wp:attachment":[{"href":"https:\/\/chevaux-normandie.com\/en\/wp-json\/wp\/v2\/media?parent=44835"}],"curies":[{"name":"wp","href":"https:\/\/api.w.org\/{rel}","templated":true}]}}