{"id":46922,"date":"2025-06-06T09:13:21","date_gmt":"2025-06-06T07:13:21","guid":{"rendered":"https:\/\/chevaux-normandie.com\/exceptional-weekend-on-the-normandy-coast-at-the-heart-of-the-d-day-beaches\/"},"modified":"2025-06-06T12:09:28","modified_gmt":"2025-06-06T10:09:28","slug":"exceptional-weekend-on-the-normandy-coast-at-the-heart-of-the-d-day-beaches","status":"publish","type":"page","link":"https:\/\/chevaux-normandie.com\/en\/exceptional-weekend-on-the-normandy-coast-at-the-heart-of-the-d-day-beaches\/","title":{"rendered":"Exceptional Weekend on the Normandy Coast at the Heart of the D-Day Beaches"},"content":{"rendered":"\n<p>With family or friends, enjoy a stay combining historical discoveries and outdoor activities in the heart of Norman heritage.<\/p>\n\n\n\n<p><strong><em>Day 1<\/em><\/strong><\/p>\n\n\n\n<div class=\"wp-block-media-text is-stacked-on-mobile\" style=\"grid-template-columns:40% auto\"><figure class=\"wp-block-media-text__media\"><img loading=\"lazy\" decoding=\"async\" width=\"940\" height=\"788\" src=\"https:\/\/chevaux-normandie.com\/wp-content\/uploads\/2025\/04\/Sejour-Saint-Lo-5.png\" alt=\"\" class=\"wp-image-46556 size-full\" srcset=\"https:\/\/chevaux-normandie.com\/wp-content\/uploads\/2025\/04\/Sejour-Saint-Lo-5.png 940w, https:\/\/chevaux-normandie.com\/wp-content\/uploads\/2025\/04\/Sejour-Saint-Lo-5-300x251.png 300w, https:\/\/chevaux-normandie.com\/wp-content\/uploads\/2025\/04\/Sejour-Saint-Lo-5-768x644.png 768w, https:\/\/chevaux-normandie.com\/wp-content\/uploads\/2025\/04\/Sejour-Saint-Lo-5-200x168.png 200w, https:\/\/chevaux-normandie.com\/wp-content\/uploads\/2025\/04\/Sejour-Saint-Lo-5-215x180.png 215w\" sizes=\"auto, (max-width: 940px) 100vw, 940px\" \/><\/figure><div class=\"wp-block-media-text__content\">\n<p>Upon your arrival in Normandy on your own, come and discover the world of horses and the Norman equestrian heritage with a self-guided visit of the National Stud Farm of Saint-L\u00f4. Immerse yourself in history, explore the facilities, and let yourself be carried away by the richness of this place.\r\nDelve into history, explore the facilities, and be captivated by the richness of this site.<\/p>\n\n\n\n<p>\u00a9Conseil des Chevaux de Normandie<\/p>\n<\/div><\/div>\n\n\n\n<p>Next, saddle up for a\u00a0<strong>private one-hour horseback ride<\/strong>, accompanied by a riding instructor. This route takes you through the facilities and surrounding natural trails, offering you a panorama of equestrian Normandy. An adventure full of discoveries and sensations!<\/p>\n\n\n\n<p>Lunch is on your own and at your expense. Take this break to explore Norman flavors at a restaurant of your choice.<\/p>\n\n\n\n<p>After a morning in Saint-L\u00f4, continue your day with an immersion at the D-Day Experience. This site invites you to live the Landing, an incredible experience combining education and entertainment with a museum, a flight simulator, and a 3D cinema.\r\nDinner is on your own and at your expense. Treat yourself to local cuisine at a restaurant of your choice.\r\n\r\nFor the night, accommodation in a guesthouse or lodging near the horses is included, your choice, offering you the chance to extend your stay in the authentic charm of Normandy.Dinner is at your leisure and expense. Treat yourself to local cuisine at a restaurant of your choice.\r\n\r\nFor the night, accommodation is included, either in a guesthouse or a lodging close to the horses, allowing you to extend your stay in the authentic charm of Normandy<\/p>\n\n\n\n<p class=\"has-noir-color has-text-color has-link-color has-normal-font-size wp-elements-1d2434dce6dfc2ced1a007d3347c30b0\"><em>Day 2<\/em><strong><\/strong><\/p>\n\n\n\n<div class=\"wp-block-media-text has-media-on-the-right is-stacked-on-mobile\" style=\"grid-template-columns:auto 40%\"><div class=\"wp-block-media-text__content\">\n<p>To start your day off right, breakfast is included and will be thoughtfully served in your guesthouse. Then, get ready for an unforgettable immersion on the D-Day beaches, beginning with Pointe du Hoc.<\/p>\n\n\n\n<p>Walk among the bunkers and craters, with a breathtaking view of the English Channel.<\/p>\n\n\n\n<p>\u00a9<em><em>Valentin Pacaut \/ The Explorers<\/em><\/em><\/p>\n<\/div><figure class=\"wp-block-media-text__media\"><img loading=\"lazy\" decoding=\"async\" width=\"940\" height=\"788\" src=\"https:\/\/chevaux-normandie.com\/wp-content\/uploads\/2025\/04\/Sejour-Pointe-du-Hoc-2.png\" alt=\"\" class=\"wp-image-46535 size-full\" srcset=\"https:\/\/chevaux-normandie.com\/wp-content\/uploads\/2025\/04\/Sejour-Pointe-du-Hoc-2.png 940w, https:\/\/chevaux-normandie.com\/wp-content\/uploads\/2025\/04\/Sejour-Pointe-du-Hoc-2-300x251.png 300w, https:\/\/chevaux-normandie.com\/wp-content\/uploads\/2025\/04\/Sejour-Pointe-du-Hoc-2-768x644.png 768w, https:\/\/chevaux-normandie.com\/wp-content\/uploads\/2025\/04\/Sejour-Pointe-du-Hoc-2-200x168.png 200w, https:\/\/chevaux-normandie.com\/wp-content\/uploads\/2025\/04\/Sejour-Pointe-du-Hoc-2-215x180.png 215w\" sizes=\"auto, (max-width: 940px) 100vw, 940px\" \/><\/figure><\/div>\n\n\n\n<div class=\"wp-block-media-text is-stacked-on-mobile\" style=\"grid-template-columns:40% auto\"><figure class=\"wp-block-media-text__media\"><img loading=\"lazy\" decoding=\"async\" width=\"940\" height=\"788\" src=\"https:\/\/chevaux-normandie.com\/wp-content\/uploads\/2025\/04\/Sejour-Omaha-Beach-2.png\" alt=\"\" class=\"wp-image-46537 size-full\" srcset=\"https:\/\/chevaux-normandie.com\/wp-content\/uploads\/2025\/04\/Sejour-Omaha-Beach-2.png 940w, https:\/\/chevaux-normandie.com\/wp-content\/uploads\/2025\/04\/Sejour-Omaha-Beach-2-300x251.png 300w, https:\/\/chevaux-normandie.com\/wp-content\/uploads\/2025\/04\/Sejour-Omaha-Beach-2-768x644.png 768w, https:\/\/chevaux-normandie.com\/wp-content\/uploads\/2025\/04\/Sejour-Omaha-Beach-2-200x168.png 200w, https:\/\/chevaux-normandie.com\/wp-content\/uploads\/2025\/04\/Sejour-Omaha-Beach-2-215x180.png 215w\" sizes=\"auto, (max-width: 940px) 100vw, 940px\" \/><\/figure><div class=\"wp-block-media-text__content\">\n<p>Then continue with a visit to the American Cemetery at Omaha Beach, where the 9,387 graves, aligned facing the sea, honor the commitment of these heroes. You will discover a site full of emotion and history.<\/p>\n\n\n\n<p>After this captivating morning, enjoy a free lunch at your own expense to savor the local cuisine.\r\n<\/p>\n\n\n\n<p><em><em>\u00a9Marie-Ana\u00efs Thierry \/ Normandie Tourisme<\/em><\/em><\/p>\n<\/div><\/div>\n\n\n\n<div class=\"wp-block-media-text has-media-on-the-right is-stacked-on-mobile\" style=\"grid-template-columns:auto 40%\"><div class=\"wp-block-media-text__content\">\n<p>Then, end your stay on a high note with a horseback ride along the beach of Courseulles-sur-Mer. This unique experience will allow you to enjoy the vast stretches of sand.<\/p>\n\n\n\n<p>The horses, accustomed to beach rides, provide a relaxing and liberating experience. It will undoubtedly be an unforgettable memory to close this stay!<\/p>\n\n\n\n<p><em>\u00a9Conseil des Chevaux de Normandie<\/em><\/p>\n<\/div><figure class=\"wp-block-media-text__media\"><img loading=\"lazy\" decoding=\"async\" width=\"940\" height=\"788\" src=\"https:\/\/chevaux-normandie.com\/wp-content\/uploads\/2025\/04\/Sejour-Courseulles-sur-Mer-2.png\" alt=\"\" class=\"wp-image-46539 size-full\" srcset=\"https:\/\/chevaux-normandie.com\/wp-content\/uploads\/2025\/04\/Sejour-Courseulles-sur-Mer-2.png 940w, https:\/\/chevaux-normandie.com\/wp-content\/uploads\/2025\/04\/Sejour-Courseulles-sur-Mer-2-300x251.png 300w, https:\/\/chevaux-normandie.com\/wp-content\/uploads\/2025\/04\/Sejour-Courseulles-sur-Mer-2-768x644.png 768w, https:\/\/chevaux-normandie.com\/wp-content\/uploads\/2025\/04\/Sejour-Courseulles-sur-Mer-2-200x168.png 200w, https:\/\/chevaux-normandie.com\/wp-content\/uploads\/2025\/04\/Sejour-Courseulles-sur-Mer-2-215x180.png 215w\" sizes=\"auto, (max-width: 940px) 100vw, 940px\" \/><\/figure><\/div>\n\n\n\n<figure class=\"wp-block-pullquote\"><blockquote><p>For reservations, contact the agency Les Carnets d\u2019Evatours at +33 (0)2 61 45 30 94 or visit their website:\r\n\ud83d\udc49 <a href=\"https:\/\/www.lescarnets-evatours.fr\/sejours\/les-plages-du-debarquement-a-cheval\/\" target=\"_blank\">www.lescarnets-evatours.fr<\/a><\/p><\/blockquote><\/figure>\n\n\n<h2 class=\"wp-block-heading\" id=\"\"><\/h2>\n\n\n<div class=\"wp-block-columns are-vertically-aligned-center is-layout-flex wp-container-core-columns-is-layout-9d6595d7 wp-block-columns-is-layout-flex\">\n<div class=\"wp-block-column is-vertically-aligned-center is-layout-flow wp-block-column-is-layout-flow\">\n<p>This stay is offered by <\/p>\n<\/div>\n\n\n\n<div class=\"wp-block-column is-vertically-aligned-center is-layout-flow wp-block-column-is-layout-flow\">\n<figure class=\"wp-block-image size-full\"><img loading=\"lazy\" decoding=\"async\" width=\"1020\" height=\"538\" src=\"https:\/\/chevaux-normandie.com\/wp-content\/uploads\/2024\/05\/logoCCNcmjn-v2018-1.png\" alt=\"\" class=\"wp-image-44389\" srcset=\"https:\/\/chevaux-normandie.com\/wp-content\/uploads\/2024\/05\/logoCCNcmjn-v2018-1.png 1020w, https:\/\/chevaux-normandie.com\/wp-content\/uploads\/2024\/05\/logoCCNcmjn-v2018-1-300x158.png 300w, https:\/\/chevaux-normandie.com\/wp-content\/uploads\/2024\/05\/logoCCNcmjn-v2018-1-768x405.png 768w, https:\/\/chevaux-normandie.com\/wp-content\/uploads\/2024\/05\/logoCCNcmjn-v2018-1-200x105.png 200w, https:\/\/chevaux-normandie.com\/wp-content\/uploads\/2024\/05\/logoCCNcmjn-v2018-1-240x127.png 240w\" sizes=\"auto, (max-width: 1020px) 100vw, 1020px\" \/><\/figure>\n<\/div>\n\n\n\n<div class=\"wp-block-column is-vertically-aligned-center is-layout-flow wp-block-column-is-layout-flow\">\n<figure class=\"wp-block-image size-large\"><img loading=\"lazy\" decoding=\"async\" width=\"1024\" height=\"909\" src=\"https:\/\/chevaux-normandie.com\/wp-content\/uploads\/2020\/06\/NORMANDIE_DESTI_CHEVAL_QUADRI_CRT-V2-1024x909.jpg\" alt=\"\" class=\"wp-image-27306\" srcset=\"https:\/\/chevaux-normandie.com\/wp-content\/uploads\/2020\/06\/NORMANDIE_DESTI_CHEVAL_QUADRI_CRT-V2-1024x909.jpg 1024w, https:\/\/chevaux-normandie.com\/wp-content\/uploads\/2020\/06\/NORMANDIE_DESTI_CHEVAL_QUADRI_CRT-V2-300x266.jpg 300w, https:\/\/chevaux-normandie.com\/wp-content\/uploads\/2020\/06\/NORMANDIE_DESTI_CHEVAL_QUADRI_CRT-V2-768x682.jpg 768w, https:\/\/chevaux-normandie.com\/wp-content\/uploads\/2020\/06\/NORMANDIE_DESTI_CHEVAL_QUADRI_CRT-V2-1536x1364.jpg 1536w, https:\/\/chevaux-normandie.com\/wp-content\/uploads\/2020\/06\/NORMANDIE_DESTI_CHEVAL_QUADRI_CRT-V2-2048x1818.jpg 2048w, https:\/\/chevaux-normandie.com\/wp-content\/uploads\/2020\/06\/NORMANDIE_DESTI_CHEVAL_QUADRI_CRT-V2-203x180.jpg 203w\" sizes=\"auto, (max-width: 1024px) 100vw, 1024px\" \/><\/figure>\n<\/div>\n\n\n\n<div class=\"wp-block-column is-vertically-aligned-center is-layout-flow wp-block-column-is-layout-flow\">\n<figure class=\"wp-block-image size-large\"><img loading=\"lazy\" decoding=\"async\" width=\"1024\" height=\"604\" src=\"https:\/\/chevaux-normandie.com\/wp-content\/uploads\/2024\/10\/LOGO-Les-Carnets-d-Evatours-1024x604.png\" alt=\"\" class=\"wp-image-45582\" srcset=\"https:\/\/chevaux-normandie.com\/wp-content\/uploads\/2024\/10\/LOGO-Les-Carnets-d-Evatours-1024x604.png 1024w, https:\/\/chevaux-normandie.com\/wp-content\/uploads\/2024\/10\/LOGO-Les-Carnets-d-Evatours-300x177.png 300w, https:\/\/chevaux-normandie.com\/wp-content\/uploads\/2024\/10\/LOGO-Les-Carnets-d-Evatours-768x453.png 768w, https:\/\/chevaux-normandie.com\/wp-content\/uploads\/2024\/10\/LOGO-Les-Carnets-d-Evatours-200x118.png 200w, https:\/\/chevaux-normandie.com\/wp-content\/uploads\/2024\/10\/LOGO-Les-Carnets-d-Evatours-240x142.png 240w, https:\/\/chevaux-normandie.com\/wp-content\/uploads\/2024\/10\/LOGO-Les-Carnets-d-Evatours.png 1200w\" sizes=\"auto, (max-width: 1024px) 100vw, 1024px\" \/><\/figure>\n<\/div>\n<\/div>\n","protected":false},"excerpt":{"rendered":"<p>With family or friends, enjoy a stay combining historical discoveries and outdoor activities in the heart of Norman heritage. Day 1 Upon your arrival in Normandy on your own, come and discover the world of horses and the Norman equestrian heritage with a self-guided visit of the National Stud Farm of Saint-L\u00f4. Immerse yourself in [&hellip;]<\/p>\n","protected":false},"author":20,"featured_media":0,"parent":0,"menu_order":0,"comment_status":"closed","ping_status":"closed","template":"page-templates\/editorial.php","meta":{"_acf_changed":false,"footnotes":""},"class_list":["post-46922","page","type-page","status-publish","hentry"],"acf":[],"yoast_head":"<!-- This site is optimized with the Yoast SEO plugin v27.1.1 - https:\/\/yoast.com\/product\/yoast-seo-wordpress\/ -->\n<title>Exceptional Weekend on the Normandy Coast at the Heart of the D-Day Beaches - Conseil des Chevaux de Normandie<\/title>\n<meta name=\"description\" content=\"With family or friends, enjoy a stay combining historical discoveries and outdoor activities in the heart of Norman heritage\" \/>\n<meta name=\"robots\" content=\"index, follow, max-snippet:-1, max-image-preview:large, max-video-preview:-1\" \/>\n<link rel=\"canonical\" href=\"https:\/\/chevaux-normandie.com\/en\/exceptional-weekend-on-the-normandy-coast-at-the-heart-of-the-d-day-beaches\/\" \/>\n<meta property=\"og:locale\" content=\"en_US\" \/>\n<meta property=\"og:type\" content=\"article\" \/>\n<meta property=\"og:title\" content=\"Exceptional Weekend on the Normandy Coast at the Heart of the D-Day Beaches - Conseil des Chevaux de Normandie\" \/>\n<meta property=\"og:description\" content=\"With family or friends, enjoy a stay combining historical discoveries and outdoor activities in the heart of Norman heritage\" \/>\n<meta property=\"og:url\" content=\"https:\/\/chevaux-normandie.com\/en\/exceptional-weekend-on-the-normandy-coast-at-the-heart-of-the-d-day-beaches\/\" \/>\n<meta property=\"og:site_name\" content=\"Conseil des Chevaux de Normandie\" \/>\n<meta property=\"article:modified_time\" content=\"2025-06-06T10:09:28+00:00\" \/>\n<meta property=\"og:image\" content=\"https:\/\/chevaux-normandie.com\/wp-content\/uploads\/2025\/04\/Sejour-Saint-Lo-5.png\" \/>\n\t<meta property=\"og:image:width\" content=\"940\" \/>\n\t<meta property=\"og:image:height\" content=\"788\" \/>\n\t<meta property=\"og:image:type\" content=\"image\/png\" \/>\n<meta name=\"twitter:card\" content=\"summary_large_image\" \/>\n<meta name=\"twitter:label1\" content=\"Est. reading time\" \/>\n\t<meta name=\"twitter:data1\" content=\"4 minutes\" \/>\n<script type=\"application\/ld+json\" class=\"yoast-schema-graph\">{\"@context\":\"https:\/\/schema.org\",\"@graph\":[{\"@type\":\"WebPage\",\"@id\":\"https:\/\/chevaux-normandie.com\/en\/exceptional-weekend-on-the-normandy-coast-at-the-heart-of-the-d-day-beaches\/\",\"url\":\"https:\/\/chevaux-normandie.com\/en\/exceptional-weekend-on-the-normandy-coast-at-the-heart-of-the-d-day-beaches\/\",\"name\":\"Exceptional Weekend on the Normandy Coast at the Heart of the D-Day Beaches - Conseil des Chevaux de Normandie\",\"isPartOf\":{\"@id\":\"https:\/\/chevaux-normandie.com\/#website\"},\"primaryImageOfPage\":{\"@id\":\"https:\/\/chevaux-normandie.com\/en\/exceptional-weekend-on-the-normandy-coast-at-the-heart-of-the-d-day-beaches\/#primaryimage\"},\"image\":{\"@id\":\"https:\/\/chevaux-normandie.com\/en\/exceptional-weekend-on-the-normandy-coast-at-the-heart-of-the-d-day-beaches\/#primaryimage\"},\"thumbnailUrl\":\"https:\/\/chevaux-normandie.com\/wp-content\/uploads\/2025\/04\/Sejour-Saint-Lo-5.png\",\"datePublished\":\"2025-06-06T07:13:21+00:00\",\"dateModified\":\"2025-06-06T10:09:28+00:00\",\"description\":\"With family or friends, enjoy a stay combining historical discoveries and outdoor activities in the heart of Norman heritage\",\"breadcrumb\":{\"@id\":\"https:\/\/chevaux-normandie.com\/en\/exceptional-weekend-on-the-normandy-coast-at-the-heart-of-the-d-day-beaches\/#breadcrumb\"},\"inLanguage\":\"en-US\",\"potentialAction\":[{\"@type\":\"ReadAction\",\"target\":[\"https:\/\/chevaux-normandie.com\/en\/exceptional-weekend-on-the-normandy-coast-at-the-heart-of-the-d-day-beaches\/\"]}]},{\"@type\":\"ImageObject\",\"inLanguage\":\"en-US\",\"@id\":\"https:\/\/chevaux-normandie.com\/en\/exceptional-weekend-on-the-normandy-coast-at-the-heart-of-the-d-day-beaches\/#primaryimage\",\"url\":\"https:\/\/chevaux-normandie.com\/wp-content\/uploads\/2025\/04\/Sejour-Saint-Lo-5.png\",\"contentUrl\":\"https:\/\/chevaux-normandie.com\/wp-content\/uploads\/2025\/04\/Sejour-Saint-Lo-5.png\"},{\"@type\":\"BreadcrumbList\",\"@id\":\"https:\/\/chevaux-normandie.com\/en\/exceptional-weekend-on-the-normandy-coast-at-the-heart-of-the-d-day-beaches\/#breadcrumb\",\"itemListElement\":[{\"@type\":\"ListItem\",\"position\":1,\"name\":\"Home\",\"item\":\"https:\/\/chevaux-normandie.com\/en\/\"},{\"@type\":\"ListItem\",\"position\":2,\"name\":\"Exceptional Weekend on the Normandy Coast at the Heart of the D-Day Beaches\"}]},{\"@type\":\"WebSite\",\"@id\":\"https:\/\/chevaux-normandie.com\/#website\",\"url\":\"https:\/\/chevaux-normandie.com\/\",\"name\":\"Conseil des Chevaux de Normandie\",\"description\":\"C\u0153ur de la fili\u00e8re \u00e9quine normande\",\"potentialAction\":[{\"@type\":\"SearchAction\",\"target\":{\"@type\":\"EntryPoint\",\"urlTemplate\":\"https:\/\/chevaux-normandie.com\/?s={search_term_string}\"},\"query-input\":{\"@type\":\"PropertyValueSpecification\",\"valueRequired\":true,\"valueName\":\"search_term_string\"}}],\"inLanguage\":\"en-US\"}]}<\/script>\n<!-- \/ Yoast SEO plugin. -->","yoast_head_json":{"title":"Exceptional Weekend on the Normandy Coast at the Heart of the D-Day Beaches - Conseil des Chevaux de Normandie","description":"With family or friends, enjoy a stay combining historical discoveries and outdoor activities in the heart of Norman heritage","robots":{"index":"index","follow":"follow","max-snippet":"max-snippet:-1","max-image-preview":"max-image-preview:large","max-video-preview":"max-video-preview:-1"},"canonical":"https:\/\/chevaux-normandie.com\/en\/exceptional-weekend-on-the-normandy-coast-at-the-heart-of-the-d-day-beaches\/","og_locale":"en_US","og_type":"article","og_title":"Exceptional Weekend on the Normandy Coast at the Heart of the D-Day Beaches - Conseil des Chevaux de Normandie","og_description":"With family or friends, enjoy a stay combining historical discoveries and outdoor activities in the heart of Norman heritage","og_url":"https:\/\/chevaux-normandie.com\/en\/exceptional-weekend-on-the-normandy-coast-at-the-heart-of-the-d-day-beaches\/","og_site_name":"Conseil des Chevaux de Normandie","article_modified_time":"2025-06-06T10:09:28+00:00","og_image":[{"width":940,"height":788,"url":"https:\/\/chevaux-normandie.com\/wp-content\/uploads\/2025\/04\/Sejour-Saint-Lo-5.png","type":"image\/png"}],"twitter_card":"summary_large_image","twitter_misc":{"Est. reading time":"4 minutes"},"schema":{"@context":"https:\/\/schema.org","@graph":[{"@type":"WebPage","@id":"https:\/\/chevaux-normandie.com\/en\/exceptional-weekend-on-the-normandy-coast-at-the-heart-of-the-d-day-beaches\/","url":"https:\/\/chevaux-normandie.com\/en\/exceptional-weekend-on-the-normandy-coast-at-the-heart-of-the-d-day-beaches\/","name":"Exceptional Weekend on the Normandy Coast at the Heart of the D-Day Beaches - Conseil des Chevaux de Normandie","isPartOf":{"@id":"https:\/\/chevaux-normandie.com\/#website"},"primaryImageOfPage":{"@id":"https:\/\/chevaux-normandie.com\/en\/exceptional-weekend-on-the-normandy-coast-at-the-heart-of-the-d-day-beaches\/#primaryimage"},"image":{"@id":"https:\/\/chevaux-normandie.com\/en\/exceptional-weekend-on-the-normandy-coast-at-the-heart-of-the-d-day-beaches\/#primaryimage"},"thumbnailUrl":"https:\/\/chevaux-normandie.com\/wp-content\/uploads\/2025\/04\/Sejour-Saint-Lo-5.png","datePublished":"2025-06-06T07:13:21+00:00","dateModified":"2025-06-06T10:09:28+00:00","description":"With family or friends, enjoy a stay combining historical discoveries and outdoor activities in the heart of Norman heritage","breadcrumb":{"@id":"https:\/\/chevaux-normandie.com\/en\/exceptional-weekend-on-the-normandy-coast-at-the-heart-of-the-d-day-beaches\/#breadcrumb"},"inLanguage":"en-US","potentialAction":[{"@type":"ReadAction","target":["https:\/\/chevaux-normandie.com\/en\/exceptional-weekend-on-the-normandy-coast-at-the-heart-of-the-d-day-beaches\/"]}]},{"@type":"ImageObject","inLanguage":"en-US","@id":"https:\/\/chevaux-normandie.com\/en\/exceptional-weekend-on-the-normandy-coast-at-the-heart-of-the-d-day-beaches\/#primaryimage","url":"https:\/\/chevaux-normandie.com\/wp-content\/uploads\/2025\/04\/Sejour-Saint-Lo-5.png","contentUrl":"https:\/\/chevaux-normandie.com\/wp-content\/uploads\/2025\/04\/Sejour-Saint-Lo-5.png"},{"@type":"BreadcrumbList","@id":"https:\/\/chevaux-normandie.com\/en\/exceptional-weekend-on-the-normandy-coast-at-the-heart-of-the-d-day-beaches\/#breadcrumb","itemListElement":[{"@type":"ListItem","position":1,"name":"Home","item":"https:\/\/chevaux-normandie.com\/en\/"},{"@type":"ListItem","position":2,"name":"Exceptional Weekend on the Normandy Coast at the Heart of the D-Day Beaches"}]},{"@type":"WebSite","@id":"https:\/\/chevaux-normandie.com\/#website","url":"https:\/\/chevaux-normandie.com\/","name":"Conseil des Chevaux de Normandie","description":"C\u0153ur de la fili\u00e8re \u00e9quine normande","potentialAction":[{"@type":"SearchAction","target":{"@type":"EntryPoint","urlTemplate":"https:\/\/chevaux-normandie.com\/?s={search_term_string}"},"query-input":{"@type":"PropertyValueSpecification","valueRequired":true,"valueName":"search_term_string"}}],"inLanguage":"en-US"}]}},"_links":{"self":[{"href":"https:\/\/chevaux-normandie.com\/en\/wp-json\/wp\/v2\/pages\/46922","targetHints":{"allow":["GET"]}}],"collection":[{"href":"https:\/\/chevaux-normandie.com\/en\/wp-json\/wp\/v2\/pages"}],"about":[{"href":"https:\/\/chevaux-normandie.com\/en\/wp-json\/wp\/v2\/types\/page"}],"author":[{"embeddable":true,"href":"https:\/\/chevaux-normandie.com\/en\/wp-json\/wp\/v2\/users\/20"}],"replies":[{"embeddable":true,"href":"https:\/\/chevaux-normandie.com\/en\/wp-json\/wp\/v2\/comments?post=46922"}],"version-history":[{"count":20,"href":"https:\/\/chevaux-normandie.com\/en\/wp-json\/wp\/v2\/pages\/46922\/revisions"}],"predecessor-version":[{"id":46985,"href":"https:\/\/chevaux-normandie.com\/en\/wp-json\/wp\/v2\/pages\/46922\/revisions\/46985"}],"wp:attachment":[{"href":"https:\/\/chevaux-normandie.com\/en\/wp-json\/wp\/v2\/media?parent=46922"}],"curies":[{"name":"wp","href":"https:\/\/api.w.org\/{rel}","templated":true}]}}