{"id":46933,"date":"2025-06-06T09:36:24","date_gmt":"2025-06-06T07:36:24","guid":{"rendered":"https:\/\/chevaux-normandie.com\/exceptional-discovery-weekend-at-the-haras-national-du-pin\/"},"modified":"2025-06-06T11:52:15","modified_gmt":"2025-06-06T09:52:15","slug":"exceptional-discovery-weekend-at-the-haras-national-du-pin","status":"publish","type":"page","link":"https:\/\/chevaux-normandie.com\/en\/exceptional-discovery-weekend-at-the-haras-national-du-pin\/","title":{"rendered":"Exceptional Discovery Weekend at the Haras national du Pin"},"content":{"rendered":"\n<p>This stay at the Haras du Pin offers an immersion into equestrian traditions, where every moment plunges you into the history and expertise of an iconic place. Come and discover the secrets of the equestrian world!<\/p>\n\n\n\n<p><em>Day 1<\/em><strong><\/strong><\/p>\n\n\n\n<div class=\"wp-block-media-text is-stacked-on-mobile\" style=\"grid-template-columns:40% auto\"><figure class=\"wp-block-media-text__media\"><img loading=\"lazy\" decoding=\"async\" width=\"940\" height=\"788\" src=\"https:\/\/chevaux-normandie.com\/wp-content\/uploads\/2025\/04\/Sejour-Haras-national-du-Pin.png\" alt=\"\" class=\"wp-image-46602 size-full\" srcset=\"https:\/\/chevaux-normandie.com\/wp-content\/uploads\/2025\/04\/Sejour-Haras-national-du-Pin.png 940w, https:\/\/chevaux-normandie.com\/wp-content\/uploads\/2025\/04\/Sejour-Haras-national-du-Pin-300x251.png 300w, https:\/\/chevaux-normandie.com\/wp-content\/uploads\/2025\/04\/Sejour-Haras-national-du-Pin-768x644.png 768w, https:\/\/chevaux-normandie.com\/wp-content\/uploads\/2025\/04\/Sejour-Haras-national-du-Pin-200x168.png 200w, https:\/\/chevaux-normandie.com\/wp-content\/uploads\/2025\/04\/Sejour-Haras-national-du-Pin-215x180.png 215w\" sizes=\"auto, (max-width: 940px) 100vw, 940px\" \/><\/figure><div class=\"wp-block-media-text__content\">\n<p>Arrive early in the day to explore the Haras national du Pin, nicknamed the &#8220;Versailles of the Horse&#8221;! Embark on a carriage ride through the landscapes of the Haras du Pin. Then, let yourself be carried away by the soothing rhythm of the horses and discover the estate from a new perspective.<\/p>\n\n\n\n<p>\u00a9<em>Maxime Coquard<\/em><\/p>\n<\/div><\/div>\n\n\n\n<p>Next, continue your morning with a bike ride to explore the estate! Ride along tree-lined paths and admire the vast meadows and historic buildings while enjoying a refreshing and invigorating outing.\r\nAt noon, enjoy a gourmet carriage ride, tasting local specialties to the sound of hooves.<\/p>\n\n\n\n<div class=\"wp-block-media-text has-media-on-the-right is-stacked-on-mobile\" style=\"grid-template-columns:auto 40%\"><div class=\"wp-block-media-text__content\">\n<p>In the afternoon, explore the Haras du Pin at your own pace during a self-guided tour. Stroll through the estate&#8217;s paths, discover the historic stables, and admire the horses in their environment.\r\nThen, conclude your day with an equestrian show\u2014an unforgettable experience that combines art, tradition, and equestrian passion!<\/p>\n\n\n\n<p><em>\u00a9Valentin Pacaut<\/em><\/p>\n<\/div><figure class=\"wp-block-media-text__media\"><img loading=\"lazy\" decoding=\"async\" width=\"940\" height=\"788\" src=\"https:\/\/chevaux-normandie.com\/wp-content\/uploads\/2025\/04\/Sejour-Haras-du-Pin.png\" alt=\"\" class=\"wp-image-46604 size-full\" srcset=\"https:\/\/chevaux-normandie.com\/wp-content\/uploads\/2025\/04\/Sejour-Haras-du-Pin.png 940w, https:\/\/chevaux-normandie.com\/wp-content\/uploads\/2025\/04\/Sejour-Haras-du-Pin-300x251.png 300w, https:\/\/chevaux-normandie.com\/wp-content\/uploads\/2025\/04\/Sejour-Haras-du-Pin-768x644.png 768w, https:\/\/chevaux-normandie.com\/wp-content\/uploads\/2025\/04\/Sejour-Haras-du-Pin-200x168.png 200w, https:\/\/chevaux-normandie.com\/wp-content\/uploads\/2025\/04\/Sejour-Haras-du-Pin-215x180.png 215w\" sizes=\"auto, (max-width: 940px) 100vw, 940px\" \/><\/figure><\/div>\n\n\n\n<p>Dinner is at your leisure and expense. Treat yourself to local cuisine at a restaurant of your choice.\r\n\r\nFor the night, accommodation is included, either in a guesthouse or a lodging close to the horses, allowing you to extend your stay in the authentic charm of Normandy.<\/p>\n\n\n\n<p><em><strong>Day 2<\/strong><\/em><\/p>\n\n\n\n<div class=\"wp-block-media-text is-stacked-on-mobile\" style=\"grid-template-columns:40% auto\"><figure class=\"wp-block-media-text__media\"><img loading=\"lazy\" decoding=\"async\" width=\"940\" height=\"788\" src=\"https:\/\/chevaux-normandie.com\/wp-content\/uploads\/2025\/04\/Sejour-chateau-de-Sassy.png\" alt=\"\" class=\"wp-image-46606 size-full\" srcset=\"https:\/\/chevaux-normandie.com\/wp-content\/uploads\/2025\/04\/Sejour-chateau-de-Sassy.png 940w, https:\/\/chevaux-normandie.com\/wp-content\/uploads\/2025\/04\/Sejour-chateau-de-Sassy-300x251.png 300w, https:\/\/chevaux-normandie.com\/wp-content\/uploads\/2025\/04\/Sejour-chateau-de-Sassy-768x644.png 768w, https:\/\/chevaux-normandie.com\/wp-content\/uploads\/2025\/04\/Sejour-chateau-de-Sassy-200x168.png 200w, https:\/\/chevaux-normandie.com\/wp-content\/uploads\/2025\/04\/Sejour-chateau-de-Sassy-215x180.png 215w\" sizes=\"auto, (max-width: 940px) 100vw, 940px\" \/><\/figure><div class=\"wp-block-media-text__content\">\n<p>Begin the day with a visit to the Ch\u00e2teau de Sassy, featuring its French gardens and library\u2014one of the most beautiful private libraries in France.<\/p>\n\n\n\n<p>Lunch is at your leisure and expense. Take this break as an opportunity to explore Norman flavors at a restaurant of your choice.<\/p>\n\n\n\n<p><em><em>\u00a9Danielle D<\/em><\/em>umas<\/p>\n<\/div><\/div>\n\n\n\n<div class=\"wp-block-media-text has-media-on-the-right is-stacked-on-mobile\" style=\"grid-template-columns:auto 40%\"><div class=\"wp-block-media-text__content\">\n<p>Next, head to the Maison du Camembert, where you&#8217;ll delve into the history of one of France&#8217;s most iconic cheeses, right in the village of Camembert. This visit will guide you through the steps of traditional AOP Camembert production, with the opportunity to taste this cheese. In the heart of this Norman terroir, you&#8217;ll discover why Camembert has become a symbol of French gastronomic culture.<\/p>\n\n\n\n<p>\u00a9<em>Marie-Ana\u00efs Thierry \/ Normandie Tourisme<\/em><\/p>\n<\/div><figure class=\"wp-block-media-text__media\"><img loading=\"lazy\" decoding=\"async\" width=\"940\" height=\"788\" src=\"https:\/\/chevaux-normandie.com\/wp-content\/uploads\/2025\/04\/Sejour-Maison-du-Camembert.png\" alt=\"\" class=\"wp-image-46608 size-full\" srcset=\"https:\/\/chevaux-normandie.com\/wp-content\/uploads\/2025\/04\/Sejour-Maison-du-Camembert.png 940w, https:\/\/chevaux-normandie.com\/wp-content\/uploads\/2025\/04\/Sejour-Maison-du-Camembert-300x251.png 300w, https:\/\/chevaux-normandie.com\/wp-content\/uploads\/2025\/04\/Sejour-Maison-du-Camembert-768x644.png 768w, https:\/\/chevaux-normandie.com\/wp-content\/uploads\/2025\/04\/Sejour-Maison-du-Camembert-200x168.png 200w, https:\/\/chevaux-normandie.com\/wp-content\/uploads\/2025\/04\/Sejour-Maison-du-Camembert-215x180.png 215w\" sizes=\"auto, (max-width: 940px) 100vw, 940px\" \/><\/figure><\/div>\n\n\n\n<figure class=\"wp-block-pullquote\"><blockquote><p>For reservations, contact the agency Les Carnets d\u2019Evatours at +33 (0)2 61 45 30 94 or visit their website:\r\n\ud83d\udc49 www.lescarnets-evatours.fr<\/p><\/blockquote><\/figure>\n\n\n<h2 class=\"wp-block-heading\" id=\"\"><\/h2>\n\n\n<div class=\"wp-block-columns are-vertically-aligned-center is-layout-flex wp-container-core-columns-is-layout-9d6595d7 wp-block-columns-is-layout-flex\">\n<div class=\"wp-block-column is-vertically-aligned-center is-layout-flow wp-block-column-is-layout-flow\">\n<p>This stay is offered by<\/p>\n<\/div>\n\n\n\n<div class=\"wp-block-column is-vertically-aligned-center is-layout-flow wp-block-column-is-layout-flow\">\n<figure class=\"wp-block-image size-full\"><img loading=\"lazy\" decoding=\"async\" width=\"1020\" height=\"538\" src=\"https:\/\/chevaux-normandie.com\/wp-content\/uploads\/2024\/05\/logoCCNcmjn-v2018-1.png\" alt=\"\" class=\"wp-image-44389\" srcset=\"https:\/\/chevaux-normandie.com\/wp-content\/uploads\/2024\/05\/logoCCNcmjn-v2018-1.png 1020w, https:\/\/chevaux-normandie.com\/wp-content\/uploads\/2024\/05\/logoCCNcmjn-v2018-1-300x158.png 300w, https:\/\/chevaux-normandie.com\/wp-content\/uploads\/2024\/05\/logoCCNcmjn-v2018-1-768x405.png 768w, https:\/\/chevaux-normandie.com\/wp-content\/uploads\/2024\/05\/logoCCNcmjn-v2018-1-200x105.png 200w, https:\/\/chevaux-normandie.com\/wp-content\/uploads\/2024\/05\/logoCCNcmjn-v2018-1-240x127.png 240w\" sizes=\"auto, (max-width: 1020px) 100vw, 1020px\" \/><\/figure>\n<\/div>\n\n\n\n<div class=\"wp-block-column is-vertically-aligned-center is-layout-flow wp-block-column-is-layout-flow\">\n<figure class=\"wp-block-image size-large\"><img loading=\"lazy\" decoding=\"async\" width=\"1024\" height=\"909\" src=\"https:\/\/chevaux-normandie.com\/wp-content\/uploads\/2020\/06\/NORMANDIE_DESTI_CHEVAL_QUADRI_CRT-V2-1024x909.jpg\" alt=\"\" class=\"wp-image-27306\" srcset=\"https:\/\/chevaux-normandie.com\/wp-content\/uploads\/2020\/06\/NORMANDIE_DESTI_CHEVAL_QUADRI_CRT-V2-1024x909.jpg 1024w, https:\/\/chevaux-normandie.com\/wp-content\/uploads\/2020\/06\/NORMANDIE_DESTI_CHEVAL_QUADRI_CRT-V2-300x266.jpg 300w, https:\/\/chevaux-normandie.com\/wp-content\/uploads\/2020\/06\/NORMANDIE_DESTI_CHEVAL_QUADRI_CRT-V2-768x682.jpg 768w, https:\/\/chevaux-normandie.com\/wp-content\/uploads\/2020\/06\/NORMANDIE_DESTI_CHEVAL_QUADRI_CRT-V2-1536x1364.jpg 1536w, https:\/\/chevaux-normandie.com\/wp-content\/uploads\/2020\/06\/NORMANDIE_DESTI_CHEVAL_QUADRI_CRT-V2-2048x1818.jpg 2048w, https:\/\/chevaux-normandie.com\/wp-content\/uploads\/2020\/06\/NORMANDIE_DESTI_CHEVAL_QUADRI_CRT-V2-203x180.jpg 203w\" sizes=\"auto, (max-width: 1024px) 100vw, 1024px\" \/><\/figure>\n<\/div>\n\n\n\n<div class=\"wp-block-column is-vertically-aligned-center is-layout-flow wp-block-column-is-layout-flow\">\n<figure class=\"wp-block-image size-large\"><img loading=\"lazy\" decoding=\"async\" width=\"1024\" height=\"604\" src=\"https:\/\/chevaux-normandie.com\/wp-content\/uploads\/2024\/10\/LOGO-Les-Carnets-d-Evatours-1024x604.png\" alt=\"\" class=\"wp-image-45582\" srcset=\"https:\/\/chevaux-normandie.com\/wp-content\/uploads\/2024\/10\/LOGO-Les-Carnets-d-Evatours-1024x604.png 1024w, https:\/\/chevaux-normandie.com\/wp-content\/uploads\/2024\/10\/LOGO-Les-Carnets-d-Evatours-300x177.png 300w, https:\/\/chevaux-normandie.com\/wp-content\/uploads\/2024\/10\/LOGO-Les-Carnets-d-Evatours-768x453.png 768w, https:\/\/chevaux-normandie.com\/wp-content\/uploads\/2024\/10\/LOGO-Les-Carnets-d-Evatours-200x118.png 200w, https:\/\/chevaux-normandie.com\/wp-content\/uploads\/2024\/10\/LOGO-Les-Carnets-d-Evatours-240x142.png 240w, https:\/\/chevaux-normandie.com\/wp-content\/uploads\/2024\/10\/LOGO-Les-Carnets-d-Evatours.png 1200w\" sizes=\"auto, (max-width: 1024px) 100vw, 1024px\" \/><\/figure>\n<\/div>\n<\/div>\n","protected":false},"excerpt":{"rendered":"<p>This stay at the Haras du Pin offers an immersion into equestrian traditions, where every moment plunges you into the history and expertise of an iconic place. Come and discover the secrets of the equestrian world! Day 1 Arrive early in the day to explore the Haras national du Pin, nicknamed the &#8220;Versailles of the [&hellip;]<\/p>\n","protected":false},"author":20,"featured_media":0,"parent":0,"menu_order":0,"comment_status":"closed","ping_status":"closed","template":"page-templates\/editorial.php","meta":{"_acf_changed":false,"footnotes":""},"class_list":["post-46933","page","type-page","status-publish","hentry"],"acf":[],"yoast_head":"<!-- This site is optimized with the Yoast SEO plugin v27.1.1 - https:\/\/yoast.com\/product\/yoast-seo-wordpress\/ -->\n<title>Exceptional Discovery Weekend at the Haras national du Pin - Conseil des Chevaux de Normandie<\/title>\n<meta name=\"description\" content=\"This stay at the Haras du Pin offers an immersion into equestrian traditions, where every moment plunges you into the history and expertise of an iconic place. Come and discover the secrets of the equestrian world!\" \/>\n<meta name=\"robots\" content=\"index, follow, max-snippet:-1, max-image-preview:large, max-video-preview:-1\" \/>\n<link rel=\"canonical\" href=\"https:\/\/chevaux-normandie.com\/en\/exceptional-discovery-weekend-at-the-haras-national-du-pin\/\" \/>\n<meta property=\"og:locale\" content=\"en_US\" \/>\n<meta property=\"og:type\" content=\"article\" \/>\n<meta property=\"og:title\" content=\"Exceptional Discovery Weekend at the Haras national du Pin - Conseil des Chevaux de Normandie\" \/>\n<meta property=\"og:description\" content=\"This stay at the Haras du Pin offers an immersion into equestrian traditions, where every moment plunges you into the history and expertise of an iconic place. Come and discover the secrets of the equestrian world!\" \/>\n<meta property=\"og:url\" content=\"https:\/\/chevaux-normandie.com\/en\/exceptional-discovery-weekend-at-the-haras-national-du-pin\/\" \/>\n<meta property=\"og:site_name\" content=\"Conseil des Chevaux de Normandie\" \/>\n<meta property=\"article:modified_time\" content=\"2025-06-06T09:52:15+00:00\" \/>\n<meta property=\"og:image\" content=\"https:\/\/chevaux-normandie.com\/wp-content\/uploads\/2025\/04\/Sejour-Haras-national-du-Pin.png\" \/>\n\t<meta property=\"og:image:width\" content=\"940\" \/>\n\t<meta property=\"og:image:height\" content=\"788\" \/>\n\t<meta property=\"og:image:type\" content=\"image\/png\" \/>\n<meta name=\"twitter:card\" content=\"summary_large_image\" \/>\n<meta name=\"twitter:label1\" content=\"Est. reading time\" \/>\n\t<meta name=\"twitter:data1\" content=\"4 minutes\" \/>\n<script type=\"application\/ld+json\" class=\"yoast-schema-graph\">{\"@context\":\"https:\/\/schema.org\",\"@graph\":[{\"@type\":\"WebPage\",\"@id\":\"https:\/\/chevaux-normandie.com\/en\/exceptional-discovery-weekend-at-the-haras-national-du-pin\/\",\"url\":\"https:\/\/chevaux-normandie.com\/en\/exceptional-discovery-weekend-at-the-haras-national-du-pin\/\",\"name\":\"Exceptional Discovery Weekend at the Haras national du Pin - Conseil des Chevaux de Normandie\",\"isPartOf\":{\"@id\":\"https:\/\/chevaux-normandie.com\/#website\"},\"primaryImageOfPage\":{\"@id\":\"https:\/\/chevaux-normandie.com\/en\/exceptional-discovery-weekend-at-the-haras-national-du-pin\/#primaryimage\"},\"image\":{\"@id\":\"https:\/\/chevaux-normandie.com\/en\/exceptional-discovery-weekend-at-the-haras-national-du-pin\/#primaryimage\"},\"thumbnailUrl\":\"https:\/\/chevaux-normandie.com\/wp-content\/uploads\/2025\/04\/Sejour-Haras-national-du-Pin.png\",\"datePublished\":\"2025-06-06T07:36:24+00:00\",\"dateModified\":\"2025-06-06T09:52:15+00:00\",\"description\":\"This stay at the Haras du Pin offers an immersion into equestrian traditions, where every moment plunges you into the history and expertise of an iconic place. Come and discover the secrets of the equestrian world!\",\"breadcrumb\":{\"@id\":\"https:\/\/chevaux-normandie.com\/en\/exceptional-discovery-weekend-at-the-haras-national-du-pin\/#breadcrumb\"},\"inLanguage\":\"en-US\",\"potentialAction\":[{\"@type\":\"ReadAction\",\"target\":[\"https:\/\/chevaux-normandie.com\/en\/exceptional-discovery-weekend-at-the-haras-national-du-pin\/\"]}]},{\"@type\":\"ImageObject\",\"inLanguage\":\"en-US\",\"@id\":\"https:\/\/chevaux-normandie.com\/en\/exceptional-discovery-weekend-at-the-haras-national-du-pin\/#primaryimage\",\"url\":\"https:\/\/chevaux-normandie.com\/wp-content\/uploads\/2025\/04\/Sejour-Haras-national-du-Pin.png\",\"contentUrl\":\"https:\/\/chevaux-normandie.com\/wp-content\/uploads\/2025\/04\/Sejour-Haras-national-du-Pin.png\"},{\"@type\":\"BreadcrumbList\",\"@id\":\"https:\/\/chevaux-normandie.com\/en\/exceptional-discovery-weekend-at-the-haras-national-du-pin\/#breadcrumb\",\"itemListElement\":[{\"@type\":\"ListItem\",\"position\":1,\"name\":\"Home\",\"item\":\"https:\/\/chevaux-normandie.com\/en\/\"},{\"@type\":\"ListItem\",\"position\":2,\"name\":\"Exceptional Discovery Weekend at the Haras national du Pin\"}]},{\"@type\":\"WebSite\",\"@id\":\"https:\/\/chevaux-normandie.com\/#website\",\"url\":\"https:\/\/chevaux-normandie.com\/\",\"name\":\"Conseil des Chevaux de Normandie\",\"description\":\"C\u0153ur de la fili\u00e8re \u00e9quine normande\",\"potentialAction\":[{\"@type\":\"SearchAction\",\"target\":{\"@type\":\"EntryPoint\",\"urlTemplate\":\"https:\/\/chevaux-normandie.com\/?s={search_term_string}\"},\"query-input\":{\"@type\":\"PropertyValueSpecification\",\"valueRequired\":true,\"valueName\":\"search_term_string\"}}],\"inLanguage\":\"en-US\"}]}<\/script>\n<!-- \/ Yoast SEO plugin. -->","yoast_head_json":{"title":"Exceptional Discovery Weekend at the Haras national du Pin - Conseil des Chevaux de Normandie","description":"This stay at the Haras du Pin offers an immersion into equestrian traditions, where every moment plunges you into the history and expertise of an iconic place. Come and discover the secrets of the equestrian world!","robots":{"index":"index","follow":"follow","max-snippet":"max-snippet:-1","max-image-preview":"max-image-preview:large","max-video-preview":"max-video-preview:-1"},"canonical":"https:\/\/chevaux-normandie.com\/en\/exceptional-discovery-weekend-at-the-haras-national-du-pin\/","og_locale":"en_US","og_type":"article","og_title":"Exceptional Discovery Weekend at the Haras national du Pin - Conseil des Chevaux de Normandie","og_description":"This stay at the Haras du Pin offers an immersion into equestrian traditions, where every moment plunges you into the history and expertise of an iconic place. Come and discover the secrets of the equestrian world!","og_url":"https:\/\/chevaux-normandie.com\/en\/exceptional-discovery-weekend-at-the-haras-national-du-pin\/","og_site_name":"Conseil des Chevaux de Normandie","article_modified_time":"2025-06-06T09:52:15+00:00","og_image":[{"width":940,"height":788,"url":"https:\/\/chevaux-normandie.com\/wp-content\/uploads\/2025\/04\/Sejour-Haras-national-du-Pin.png","type":"image\/png"}],"twitter_card":"summary_large_image","twitter_misc":{"Est. reading time":"4 minutes"},"schema":{"@context":"https:\/\/schema.org","@graph":[{"@type":"WebPage","@id":"https:\/\/chevaux-normandie.com\/en\/exceptional-discovery-weekend-at-the-haras-national-du-pin\/","url":"https:\/\/chevaux-normandie.com\/en\/exceptional-discovery-weekend-at-the-haras-national-du-pin\/","name":"Exceptional Discovery Weekend at the Haras national du Pin - Conseil des Chevaux de Normandie","isPartOf":{"@id":"https:\/\/chevaux-normandie.com\/#website"},"primaryImageOfPage":{"@id":"https:\/\/chevaux-normandie.com\/en\/exceptional-discovery-weekend-at-the-haras-national-du-pin\/#primaryimage"},"image":{"@id":"https:\/\/chevaux-normandie.com\/en\/exceptional-discovery-weekend-at-the-haras-national-du-pin\/#primaryimage"},"thumbnailUrl":"https:\/\/chevaux-normandie.com\/wp-content\/uploads\/2025\/04\/Sejour-Haras-national-du-Pin.png","datePublished":"2025-06-06T07:36:24+00:00","dateModified":"2025-06-06T09:52:15+00:00","description":"This stay at the Haras du Pin offers an immersion into equestrian traditions, where every moment plunges you into the history and expertise of an iconic place. Come and discover the secrets of the equestrian world!","breadcrumb":{"@id":"https:\/\/chevaux-normandie.com\/en\/exceptional-discovery-weekend-at-the-haras-national-du-pin\/#breadcrumb"},"inLanguage":"en-US","potentialAction":[{"@type":"ReadAction","target":["https:\/\/chevaux-normandie.com\/en\/exceptional-discovery-weekend-at-the-haras-national-du-pin\/"]}]},{"@type":"ImageObject","inLanguage":"en-US","@id":"https:\/\/chevaux-normandie.com\/en\/exceptional-discovery-weekend-at-the-haras-national-du-pin\/#primaryimage","url":"https:\/\/chevaux-normandie.com\/wp-content\/uploads\/2025\/04\/Sejour-Haras-national-du-Pin.png","contentUrl":"https:\/\/chevaux-normandie.com\/wp-content\/uploads\/2025\/04\/Sejour-Haras-national-du-Pin.png"},{"@type":"BreadcrumbList","@id":"https:\/\/chevaux-normandie.com\/en\/exceptional-discovery-weekend-at-the-haras-national-du-pin\/#breadcrumb","itemListElement":[{"@type":"ListItem","position":1,"name":"Home","item":"https:\/\/chevaux-normandie.com\/en\/"},{"@type":"ListItem","position":2,"name":"Exceptional Discovery Weekend at the Haras national du Pin"}]},{"@type":"WebSite","@id":"https:\/\/chevaux-normandie.com\/#website","url":"https:\/\/chevaux-normandie.com\/","name":"Conseil des Chevaux de Normandie","description":"C\u0153ur de la fili\u00e8re \u00e9quine normande","potentialAction":[{"@type":"SearchAction","target":{"@type":"EntryPoint","urlTemplate":"https:\/\/chevaux-normandie.com\/?s={search_term_string}"},"query-input":{"@type":"PropertyValueSpecification","valueRequired":true,"valueName":"search_term_string"}}],"inLanguage":"en-US"}]}},"_links":{"self":[{"href":"https:\/\/chevaux-normandie.com\/en\/wp-json\/wp\/v2\/pages\/46933","targetHints":{"allow":["GET"]}}],"collection":[{"href":"https:\/\/chevaux-normandie.com\/en\/wp-json\/wp\/v2\/pages"}],"about":[{"href":"https:\/\/chevaux-normandie.com\/en\/wp-json\/wp\/v2\/types\/page"}],"author":[{"embeddable":true,"href":"https:\/\/chevaux-normandie.com\/en\/wp-json\/wp\/v2\/users\/20"}],"replies":[{"embeddable":true,"href":"https:\/\/chevaux-normandie.com\/en\/wp-json\/wp\/v2\/comments?post=46933"}],"version-history":[{"count":4,"href":"https:\/\/chevaux-normandie.com\/en\/wp-json\/wp\/v2\/pages\/46933\/revisions"}],"predecessor-version":[{"id":46972,"href":"https:\/\/chevaux-normandie.com\/en\/wp-json\/wp\/v2\/pages\/46933\/revisions\/46972"}],"wp:attachment":[{"href":"https:\/\/chevaux-normandie.com\/en\/wp-json\/wp\/v2\/media?parent=46933"}],"curies":[{"name":"wp","href":"https:\/\/api.w.org\/{rel}","templated":true}]}}