{"id":46941,"date":"2025-06-06T09:49:33","date_gmt":"2025-06-06T07:49:33","guid":{"rendered":"https:\/\/chevaux-normandie.com\/immersion-in-the-heart-of-the-pays-dauge-authenticity-and-art-of-living\/"},"modified":"2025-06-06T11:56:43","modified_gmt":"2025-06-06T09:56:43","slug":"immersion-in-the-heart-of-the-pays-dauge-authenticity-and-art-of-living","status":"publish","type":"page","link":"https:\/\/chevaux-normandie.com\/en\/immersion-in-the-heart-of-the-pays-dauge-authenticity-and-art-of-living\/","title":{"rendered":"Immersion in the Heart of the Pays d\u2019Auge: Authenticity and Art of Living"},"content":{"rendered":"\n<p>Whether with family or friends, this stay combines relaxation and the discovery of sites and know-how that embody the soul of this region.<\/p>\n\n\n\n<p><strong><em>Day 1<\/em><\/strong><\/p>\n\n\n\n<div class=\"wp-block-media-text alignwide is-stacked-on-mobile\" style=\"grid-template-columns:40% auto\"><figure class=\"wp-block-media-text__media\"><img loading=\"lazy\" decoding=\"async\" width=\"940\" height=\"788\" src=\"https:\/\/chevaux-normandie.com\/wp-content\/uploads\/2025\/04\/Sejour-Firfol.png\" alt=\"\" class=\"wp-image-46560 size-full\" srcset=\"https:\/\/chevaux-normandie.com\/wp-content\/uploads\/2025\/04\/Sejour-Firfol.png 940w, https:\/\/chevaux-normandie.com\/wp-content\/uploads\/2025\/04\/Sejour-Firfol-300x251.png 300w, https:\/\/chevaux-normandie.com\/wp-content\/uploads\/2025\/04\/Sejour-Firfol-768x644.png 768w, https:\/\/chevaux-normandie.com\/wp-content\/uploads\/2025\/04\/Sejour-Firfol-200x168.png 200w, https:\/\/chevaux-normandie.com\/wp-content\/uploads\/2025\/04\/Sejour-Firfol-215x180.png 215w\" sizes=\"auto, (max-width: 940px) 100vw, 940px\" \/><\/figure><div class=\"wp-block-media-text__content\">\n<p>Arrive peacefully in Normandy and head to the Firfol Behavioral Teaching Academy to discover carriage driving. No need to be an experienced rider to enjoy connecting with horses! Conclude your morning with a carriage ride along the paths of the Pays d\u2019Auge<\/p>\n\n\n\n<p>Lunch is at your leisure and expense. Take this opportunity to explore Norman flavors at a restaurant of your choice.\r\n<\/p>\n\n\n\n<p>\u00a9<em>AEC FIRFOL<\/em><\/p>\n<\/div><\/div>\n\n\n\n<div class=\"wp-block-media-text alignwide has-media-on-the-right is-stacked-on-mobile\" style=\"grid-template-columns:auto 40%\"><div class=\"wp-block-media-text__content\">\n<p>In the afternoon, make a stop at Beuvron-en-Auge, ranked among the most beautiful villages in France. Stroll through its picturesque streets, admire the half-timbered houses, and soak in the authentic charm of this Norman village. End your day with a visit to a Norman cider estate, where you&#8217;ll discover the secrets of local beverages, followed by a tasting session.<\/p>\n\n\n\n<p>Dinner is at your leisure and expense. Indulge in local cuisine at a restaurant of your choice. For the night, accommodation is included, either in a guesthouse or a lodging close to the horses, allowing you to fully enjoy the authentic charm of Normandy.<\/p>\n\n\n\n<p>\u00a9<em>Ben Collier<\/em><\/p>\n<\/div><figure class=\"wp-block-media-text__media\"><img loading=\"lazy\" decoding=\"async\" width=\"940\" height=\"788\" src=\"https:\/\/chevaux-normandie.com\/wp-content\/uploads\/2025\/04\/Sejour-Beuvron-en-Auge.png\" alt=\"\" class=\"wp-image-46562 size-full\" srcset=\"https:\/\/chevaux-normandie.com\/wp-content\/uploads\/2025\/04\/Sejour-Beuvron-en-Auge.png 940w, https:\/\/chevaux-normandie.com\/wp-content\/uploads\/2025\/04\/Sejour-Beuvron-en-Auge-300x251.png 300w, https:\/\/chevaux-normandie.com\/wp-content\/uploads\/2025\/04\/Sejour-Beuvron-en-Auge-768x644.png 768w, https:\/\/chevaux-normandie.com\/wp-content\/uploads\/2025\/04\/Sejour-Beuvron-en-Auge-200x168.png 200w, https:\/\/chevaux-normandie.com\/wp-content\/uploads\/2025\/04\/Sejour-Beuvron-en-Auge-215x180.png 215w\" sizes=\"auto, (max-width: 940px) 100vw, 940px\" \/><\/figure><\/div>\n\n\n\n<p><strong><em>Day 2<\/em><\/strong><\/p>\n\n\n\n<div class=\"wp-block-media-text alignwide is-stacked-on-mobile\" style=\"grid-template-columns:40% auto\"><figure class=\"wp-block-media-text__media\"><img loading=\"lazy\" decoding=\"async\" width=\"940\" height=\"788\" src=\"https:\/\/chevaux-normandie.com\/wp-content\/uploads\/2025\/04\/Sejour-Pole-International-du-Cheval.png\" alt=\"\" class=\"wp-image-46564 size-full\" srcset=\"https:\/\/chevaux-normandie.com\/wp-content\/uploads\/2025\/04\/Sejour-Pole-International-du-Cheval.png 940w, https:\/\/chevaux-normandie.com\/wp-content\/uploads\/2025\/04\/Sejour-Pole-International-du-Cheval-300x251.png 300w, https:\/\/chevaux-normandie.com\/wp-content\/uploads\/2025\/04\/Sejour-Pole-International-du-Cheval-768x644.png 768w, https:\/\/chevaux-normandie.com\/wp-content\/uploads\/2025\/04\/Sejour-Pole-International-du-Cheval-200x168.png 200w, https:\/\/chevaux-normandie.com\/wp-content\/uploads\/2025\/04\/Sejour-Pole-International-du-Cheval-215x180.png 215w\" sizes=\"auto, (max-width: 940px) 100vw, 940px\" \/><\/figure><div class=\"wp-block-media-text__content\">\n<p>After a well-deserved rest, head to the P\u00f4le International du Cheval. There, you&#8217;ll meet Franck Le Mestre, the director, who will unveil the secrets behind organizing international show jumping and dressage competitions through guided backstage tours. Participants will access areas usually reserved for professionals and get up close to the horses!\r\n<\/p>\n\n\n\n<p>Lunch is at your leisure and expense. Savor the local cuisine at a restaurant of your choice.<\/p>\n\n\n\n<p><em><em>\u00a9<em>Normandie Tourisme<\/em><\/em><\/em><\/p>\n<\/div><\/div>\n\n\n\n<div class=\"wp-block-media-text alignwide has-media-on-the-right is-stacked-on-mobile\" style=\"grid-template-columns:auto 40%\"><div class=\"wp-block-media-text__content\">\n<p>To conclude your day, we invite you to visit the city of Deauville, immerse yourself in its ambiance by strolling along Les Planches on the beach. A guided tour can also be arranged upon request.<\/p>\n\n\n\n<p><em><em>\u00a9<em>Coraline et Leo<\/em><\/em><\/em><\/p>\n<\/div><figure class=\"wp-block-media-text__media\"><img loading=\"lazy\" decoding=\"async\" width=\"940\" height=\"788\" src=\"https:\/\/chevaux-normandie.com\/wp-content\/uploads\/2025\/04\/Sejour-Deauville-1.png\" alt=\"\" class=\"wp-image-46579 size-full\" srcset=\"https:\/\/chevaux-normandie.com\/wp-content\/uploads\/2025\/04\/Sejour-Deauville-1.png 940w, https:\/\/chevaux-normandie.com\/wp-content\/uploads\/2025\/04\/Sejour-Deauville-1-300x251.png 300w, https:\/\/chevaux-normandie.com\/wp-content\/uploads\/2025\/04\/Sejour-Deauville-1-768x644.png 768w, https:\/\/chevaux-normandie.com\/wp-content\/uploads\/2025\/04\/Sejour-Deauville-1-200x168.png 200w, https:\/\/chevaux-normandie.com\/wp-content\/uploads\/2025\/04\/Sejour-Deauville-1-215x180.png 215w\" sizes=\"auto, (max-width: 940px) 100vw, 940px\" \/><\/figure><\/div>\n\n\n\n<p><\/p>\n\n\n\n<figure class=\"wp-block-pullquote\"><blockquote><p>For reservations, contact the agency Les Carnets d\u2019Evatours at +33 (0)2 61 45 30 94 or visit their website:\r\n\ud83d\udc49 <a href=\"https:\/\/www.lescarnets-evatours.fr\/sejours\/le-pays-dauge-a-cheval\/\" target=\"_blank\">www.lescarnets-evatours.fr<\/a><\/p><\/blockquote><\/figure>\n\n\n<h2 class=\"wp-block-heading\" id=\"\"><\/h2>\n\n\n<div class=\"wp-block-columns are-vertically-aligned-center is-layout-flex wp-container-core-columns-is-layout-9d6595d7 wp-block-columns-is-layout-flex\">\n<div class=\"wp-block-column is-vertically-aligned-center is-layout-flow wp-block-column-is-layout-flow\">\n<p>This stay is offered by<\/p>\n<\/div>\n\n\n\n<div class=\"wp-block-column is-vertically-aligned-center is-layout-flow wp-block-column-is-layout-flow\">\n<figure class=\"wp-block-image size-full\"><img loading=\"lazy\" decoding=\"async\" width=\"1020\" height=\"538\" src=\"https:\/\/chevaux-normandie.com\/wp-content\/uploads\/2024\/05\/logoCCNcmjn-v2018-1.png\" alt=\"\" class=\"wp-image-44389\" srcset=\"https:\/\/chevaux-normandie.com\/wp-content\/uploads\/2024\/05\/logoCCNcmjn-v2018-1.png 1020w, https:\/\/chevaux-normandie.com\/wp-content\/uploads\/2024\/05\/logoCCNcmjn-v2018-1-300x158.png 300w, https:\/\/chevaux-normandie.com\/wp-content\/uploads\/2024\/05\/logoCCNcmjn-v2018-1-768x405.png 768w, https:\/\/chevaux-normandie.com\/wp-content\/uploads\/2024\/05\/logoCCNcmjn-v2018-1-200x105.png 200w, https:\/\/chevaux-normandie.com\/wp-content\/uploads\/2024\/05\/logoCCNcmjn-v2018-1-240x127.png 240w\" sizes=\"auto, (max-width: 1020px) 100vw, 1020px\" \/><\/figure>\n<\/div>\n\n\n\n<div class=\"wp-block-column is-vertically-aligned-center is-layout-flow wp-block-column-is-layout-flow\">\n<figure class=\"wp-block-image size-large\"><img loading=\"lazy\" decoding=\"async\" width=\"1024\" height=\"909\" src=\"https:\/\/chevaux-normandie.com\/wp-content\/uploads\/2020\/06\/NORMANDIE_DESTI_CHEVAL_QUADRI_CRT-V2-1024x909.jpg\" alt=\"\" class=\"wp-image-27306\" srcset=\"https:\/\/chevaux-normandie.com\/wp-content\/uploads\/2020\/06\/NORMANDIE_DESTI_CHEVAL_QUADRI_CRT-V2-1024x909.jpg 1024w, https:\/\/chevaux-normandie.com\/wp-content\/uploads\/2020\/06\/NORMANDIE_DESTI_CHEVAL_QUADRI_CRT-V2-300x266.jpg 300w, https:\/\/chevaux-normandie.com\/wp-content\/uploads\/2020\/06\/NORMANDIE_DESTI_CHEVAL_QUADRI_CRT-V2-768x682.jpg 768w, https:\/\/chevaux-normandie.com\/wp-content\/uploads\/2020\/06\/NORMANDIE_DESTI_CHEVAL_QUADRI_CRT-V2-1536x1364.jpg 1536w, https:\/\/chevaux-normandie.com\/wp-content\/uploads\/2020\/06\/NORMANDIE_DESTI_CHEVAL_QUADRI_CRT-V2-2048x1818.jpg 2048w, https:\/\/chevaux-normandie.com\/wp-content\/uploads\/2020\/06\/NORMANDIE_DESTI_CHEVAL_QUADRI_CRT-V2-203x180.jpg 203w\" sizes=\"auto, (max-width: 1024px) 100vw, 1024px\" \/><\/figure>\n<\/div>\n\n\n\n<div class=\"wp-block-column is-vertically-aligned-center is-layout-flow wp-block-column-is-layout-flow\">\n<figure class=\"wp-block-image size-large\"><img loading=\"lazy\" decoding=\"async\" width=\"1024\" height=\"604\" src=\"https:\/\/chevaux-normandie.com\/wp-content\/uploads\/2024\/10\/LOGO-Les-Carnets-d-Evatours-1024x604.png\" alt=\"\" class=\"wp-image-45582\" srcset=\"https:\/\/chevaux-normandie.com\/wp-content\/uploads\/2024\/10\/LOGO-Les-Carnets-d-Evatours-1024x604.png 1024w, https:\/\/chevaux-normandie.com\/wp-content\/uploads\/2024\/10\/LOGO-Les-Carnets-d-Evatours-300x177.png 300w, https:\/\/chevaux-normandie.com\/wp-content\/uploads\/2024\/10\/LOGO-Les-Carnets-d-Evatours-768x453.png 768w, https:\/\/chevaux-normandie.com\/wp-content\/uploads\/2024\/10\/LOGO-Les-Carnets-d-Evatours-200x118.png 200w, https:\/\/chevaux-normandie.com\/wp-content\/uploads\/2024\/10\/LOGO-Les-Carnets-d-Evatours-240x142.png 240w, https:\/\/chevaux-normandie.com\/wp-content\/uploads\/2024\/10\/LOGO-Les-Carnets-d-Evatours.png 1200w\" sizes=\"auto, (max-width: 1024px) 100vw, 1024px\" \/><\/figure>\n<\/div>\n<\/div>\n","protected":false},"excerpt":{"rendered":"<p>Whether with family or friends, this stay combines relaxation and the discovery of sites and know-how that embody the soul of this region. Day 1 Arrive peacefully in Normandy and head to the Firfol Behavioral Teaching Academy to discover carriage driving. No need to be an experienced rider to enjoy connecting with horses! Conclude your [&hellip;]<\/p>\n","protected":false},"author":20,"featured_media":0,"parent":0,"menu_order":0,"comment_status":"closed","ping_status":"closed","template":"page-templates\/editorial.php","meta":{"_acf_changed":false,"footnotes":""},"class_list":["post-46941","page","type-page","status-publish","hentry"],"acf":[],"yoast_head":"<!-- This site is optimized with the Yoast SEO plugin v27.1.1 - https:\/\/yoast.com\/product\/yoast-seo-wordpress\/ -->\n<title>Immersion in the Heart of the Pays d\u2019Auge: Authenticity and Art of Living - Conseil des Chevaux de Normandie<\/title>\n<meta name=\"description\" content=\"Whether with family or friends, this stay combines relaxation and the discovery of sites and know-how that embody the soul of this region.\" \/>\n<meta name=\"robots\" content=\"index, follow, max-snippet:-1, max-image-preview:large, max-video-preview:-1\" \/>\n<link rel=\"canonical\" href=\"https:\/\/chevaux-normandie.com\/en\/immersion-in-the-heart-of-the-pays-dauge-authenticity-and-art-of-living\/\" \/>\n<meta property=\"og:locale\" content=\"en_US\" \/>\n<meta property=\"og:type\" content=\"article\" \/>\n<meta property=\"og:title\" content=\"Immersion in the Heart of the Pays d\u2019Auge: Authenticity and Art of Living - Conseil des Chevaux de Normandie\" \/>\n<meta property=\"og:description\" content=\"Whether with family or friends, this stay combines relaxation and the discovery of sites and know-how that embody the soul of this region.\" \/>\n<meta property=\"og:url\" content=\"https:\/\/chevaux-normandie.com\/en\/immersion-in-the-heart-of-the-pays-dauge-authenticity-and-art-of-living\/\" \/>\n<meta property=\"og:site_name\" content=\"Conseil des Chevaux de Normandie\" \/>\n<meta property=\"article:modified_time\" content=\"2025-06-06T09:56:43+00:00\" \/>\n<meta property=\"og:image\" content=\"https:\/\/chevaux-normandie.com\/wp-content\/uploads\/2024\/12\/Cour-Anteol-Sejour-Normandie-Cheval-1024x469.jpg\" \/>\n<meta name=\"twitter:card\" content=\"summary_large_image\" \/>\n<meta name=\"twitter:label1\" content=\"Est. reading time\" \/>\n\t<meta name=\"twitter:data1\" content=\"4 minutes\" \/>\n<script type=\"application\/ld+json\" class=\"yoast-schema-graph\">{\"@context\":\"https:\/\/schema.org\",\"@graph\":[{\"@type\":\"WebPage\",\"@id\":\"https:\/\/chevaux-normandie.com\/en\/immersion-in-the-heart-of-the-pays-dauge-authenticity-and-art-of-living\/\",\"url\":\"https:\/\/chevaux-normandie.com\/en\/immersion-in-the-heart-of-the-pays-dauge-authenticity-and-art-of-living\/\",\"name\":\"Immersion in the Heart of the Pays d\u2019Auge: Authenticity and Art of Living - Conseil des Chevaux de Normandie\",\"isPartOf\":{\"@id\":\"https:\/\/chevaux-normandie.com\/#website\"},\"primaryImageOfPage\":{\"@id\":\"https:\/\/chevaux-normandie.com\/en\/immersion-in-the-heart-of-the-pays-dauge-authenticity-and-art-of-living\/#primaryimage\"},\"image\":{\"@id\":\"https:\/\/chevaux-normandie.com\/en\/immersion-in-the-heart-of-the-pays-dauge-authenticity-and-art-of-living\/#primaryimage\"},\"thumbnailUrl\":\"https:\/\/chevaux-normandie.com\/wp-content\/uploads\/2025\/04\/Sejour-Firfol.png\",\"datePublished\":\"2025-06-06T07:49:33+00:00\",\"dateModified\":\"2025-06-06T09:56:43+00:00\",\"description\":\"Whether with family or friends, this stay combines relaxation and the discovery of sites and know-how that embody the soul of this region.\",\"breadcrumb\":{\"@id\":\"https:\/\/chevaux-normandie.com\/en\/immersion-in-the-heart-of-the-pays-dauge-authenticity-and-art-of-living\/#breadcrumb\"},\"inLanguage\":\"en-US\",\"potentialAction\":[{\"@type\":\"ReadAction\",\"target\":[\"https:\/\/chevaux-normandie.com\/en\/immersion-in-the-heart-of-the-pays-dauge-authenticity-and-art-of-living\/\"]}]},{\"@type\":\"ImageObject\",\"inLanguage\":\"en-US\",\"@id\":\"https:\/\/chevaux-normandie.com\/en\/immersion-in-the-heart-of-the-pays-dauge-authenticity-and-art-of-living\/#primaryimage\",\"url\":\"https:\/\/chevaux-normandie.com\/wp-content\/uploads\/2025\/04\/Sejour-Firfol.png\",\"contentUrl\":\"https:\/\/chevaux-normandie.com\/wp-content\/uploads\/2025\/04\/Sejour-Firfol.png\"},{\"@type\":\"BreadcrumbList\",\"@id\":\"https:\/\/chevaux-normandie.com\/en\/immersion-in-the-heart-of-the-pays-dauge-authenticity-and-art-of-living\/#breadcrumb\",\"itemListElement\":[{\"@type\":\"ListItem\",\"position\":1,\"name\":\"Home\",\"item\":\"https:\/\/chevaux-normandie.com\/en\/\"},{\"@type\":\"ListItem\",\"position\":2,\"name\":\"Immersion in the Heart of the Pays d\u2019Auge: Authenticity and Art of Living\"}]},{\"@type\":\"WebSite\",\"@id\":\"https:\/\/chevaux-normandie.com\/#website\",\"url\":\"https:\/\/chevaux-normandie.com\/\",\"name\":\"Conseil des Chevaux de Normandie\",\"description\":\"C\u0153ur de la fili\u00e8re \u00e9quine normande\",\"potentialAction\":[{\"@type\":\"SearchAction\",\"target\":{\"@type\":\"EntryPoint\",\"urlTemplate\":\"https:\/\/chevaux-normandie.com\/?s={search_term_string}\"},\"query-input\":{\"@type\":\"PropertyValueSpecification\",\"valueRequired\":true,\"valueName\":\"search_term_string\"}}],\"inLanguage\":\"en-US\"}]}<\/script>\n<!-- \/ Yoast SEO plugin. -->","yoast_head_json":{"title":"Immersion in the Heart of the Pays d\u2019Auge: Authenticity and Art of Living - Conseil des Chevaux de Normandie","description":"Whether with family or friends, this stay combines relaxation and the discovery of sites and know-how that embody the soul of this region.","robots":{"index":"index","follow":"follow","max-snippet":"max-snippet:-1","max-image-preview":"max-image-preview:large","max-video-preview":"max-video-preview:-1"},"canonical":"https:\/\/chevaux-normandie.com\/en\/immersion-in-the-heart-of-the-pays-dauge-authenticity-and-art-of-living\/","og_locale":"en_US","og_type":"article","og_title":"Immersion in the Heart of the Pays d\u2019Auge: Authenticity and Art of Living - Conseil des Chevaux de Normandie","og_description":"Whether with family or friends, this stay combines relaxation and the discovery of sites and know-how that embody the soul of this region.","og_url":"https:\/\/chevaux-normandie.com\/en\/immersion-in-the-heart-of-the-pays-dauge-authenticity-and-art-of-living\/","og_site_name":"Conseil des Chevaux de Normandie","article_modified_time":"2025-06-06T09:56:43+00:00","og_image":[{"url":"https:\/\/chevaux-normandie.com\/wp-content\/uploads\/2024\/12\/Cour-Anteol-Sejour-Normandie-Cheval-1024x469.jpg","type":"","width":"","height":""}],"twitter_card":"summary_large_image","twitter_misc":{"Est. reading time":"4 minutes"},"schema":{"@context":"https:\/\/schema.org","@graph":[{"@type":"WebPage","@id":"https:\/\/chevaux-normandie.com\/en\/immersion-in-the-heart-of-the-pays-dauge-authenticity-and-art-of-living\/","url":"https:\/\/chevaux-normandie.com\/en\/immersion-in-the-heart-of-the-pays-dauge-authenticity-and-art-of-living\/","name":"Immersion in the Heart of the Pays d\u2019Auge: Authenticity and Art of Living - Conseil des Chevaux de Normandie","isPartOf":{"@id":"https:\/\/chevaux-normandie.com\/#website"},"primaryImageOfPage":{"@id":"https:\/\/chevaux-normandie.com\/en\/immersion-in-the-heart-of-the-pays-dauge-authenticity-and-art-of-living\/#primaryimage"},"image":{"@id":"https:\/\/chevaux-normandie.com\/en\/immersion-in-the-heart-of-the-pays-dauge-authenticity-and-art-of-living\/#primaryimage"},"thumbnailUrl":"https:\/\/chevaux-normandie.com\/wp-content\/uploads\/2025\/04\/Sejour-Firfol.png","datePublished":"2025-06-06T07:49:33+00:00","dateModified":"2025-06-06T09:56:43+00:00","description":"Whether with family or friends, this stay combines relaxation and the discovery of sites and know-how that embody the soul of this region.","breadcrumb":{"@id":"https:\/\/chevaux-normandie.com\/en\/immersion-in-the-heart-of-the-pays-dauge-authenticity-and-art-of-living\/#breadcrumb"},"inLanguage":"en-US","potentialAction":[{"@type":"ReadAction","target":["https:\/\/chevaux-normandie.com\/en\/immersion-in-the-heart-of-the-pays-dauge-authenticity-and-art-of-living\/"]}]},{"@type":"ImageObject","inLanguage":"en-US","@id":"https:\/\/chevaux-normandie.com\/en\/immersion-in-the-heart-of-the-pays-dauge-authenticity-and-art-of-living\/#primaryimage","url":"https:\/\/chevaux-normandie.com\/wp-content\/uploads\/2025\/04\/Sejour-Firfol.png","contentUrl":"https:\/\/chevaux-normandie.com\/wp-content\/uploads\/2025\/04\/Sejour-Firfol.png"},{"@type":"BreadcrumbList","@id":"https:\/\/chevaux-normandie.com\/en\/immersion-in-the-heart-of-the-pays-dauge-authenticity-and-art-of-living\/#breadcrumb","itemListElement":[{"@type":"ListItem","position":1,"name":"Home","item":"https:\/\/chevaux-normandie.com\/en\/"},{"@type":"ListItem","position":2,"name":"Immersion in the Heart of the Pays d\u2019Auge: Authenticity and Art of Living"}]},{"@type":"WebSite","@id":"https:\/\/chevaux-normandie.com\/#website","url":"https:\/\/chevaux-normandie.com\/","name":"Conseil des Chevaux de Normandie","description":"C\u0153ur de la fili\u00e8re \u00e9quine normande","potentialAction":[{"@type":"SearchAction","target":{"@type":"EntryPoint","urlTemplate":"https:\/\/chevaux-normandie.com\/?s={search_term_string}"},"query-input":{"@type":"PropertyValueSpecification","valueRequired":true,"valueName":"search_term_string"}}],"inLanguage":"en-US"}]}},"_links":{"self":[{"href":"https:\/\/chevaux-normandie.com\/en\/wp-json\/wp\/v2\/pages\/46941","targetHints":{"allow":["GET"]}}],"collection":[{"href":"https:\/\/chevaux-normandie.com\/en\/wp-json\/wp\/v2\/pages"}],"about":[{"href":"https:\/\/chevaux-normandie.com\/en\/wp-json\/wp\/v2\/types\/page"}],"author":[{"embeddable":true,"href":"https:\/\/chevaux-normandie.com\/en\/wp-json\/wp\/v2\/users\/20"}],"replies":[{"embeddable":true,"href":"https:\/\/chevaux-normandie.com\/en\/wp-json\/wp\/v2\/comments?post=46941"}],"version-history":[{"count":5,"href":"https:\/\/chevaux-normandie.com\/en\/wp-json\/wp\/v2\/pages\/46941\/revisions"}],"predecessor-version":[{"id":46976,"href":"https:\/\/chevaux-normandie.com\/en\/wp-json\/wp\/v2\/pages\/46941\/revisions\/46976"}],"wp:attachment":[{"href":"https:\/\/chevaux-normandie.com\/en\/wp-json\/wp\/v2\/media?parent=46941"}],"curies":[{"name":"wp","href":"https:\/\/api.w.org\/{rel}","templated":true}]}}