{"id":46949,"date":"2025-06-06T09:59:33","date_gmt":"2025-06-06T07:59:33","guid":{"rendered":"https:\/\/chevaux-normandie.com\/horse-confidence-a-reassuring-experience-for-seniors\/"},"modified":"2025-06-06T11:53:55","modified_gmt":"2025-06-06T09:53:55","slug":"horse-confidence-a-reassuring-experience-for-seniors","status":"publish","type":"page","link":"https:\/\/chevaux-normandie.com\/en\/horse-confidence-a-reassuring-experience-for-seniors\/","title":{"rendered":"Horse &#038; Confidence: A Reassuring Experience for Seniors"},"content":{"rendered":"\n<p>Take the reins again in a gentle and secure environment. This solo stay for seniors invites you to rediscover the joy of horseback riding, complemented by cultural activities and moments of relaxation.<br><\/p>\n\n\n\n<p>Take the reins again in a gentle and secure environment. This solo stay for seniors invites you to rediscover the joy of horseback riding, complemented by cultural activities and moments of relaxation.<br><\/p>\n\n\n\n<div class=\"wp-block-media-text is-stacked-on-mobile\" style=\"grid-template-columns:40% auto\"><figure class=\"wp-block-media-text__media\"><img loading=\"lazy\" decoding=\"async\" width=\"940\" height=\"788\" src=\"https:\/\/chevaux-normandie.com\/wp-content\/uploads\/2025\/04\/Sejour-Ecurie-de-la-foret-de-Lyons-4.jpg\" alt=\"\" class=\"wp-image-46663 size-full\" srcset=\"https:\/\/chevaux-normandie.com\/wp-content\/uploads\/2025\/04\/Sejour-Ecurie-de-la-foret-de-Lyons-4.jpg 940w, https:\/\/chevaux-normandie.com\/wp-content\/uploads\/2025\/04\/Sejour-Ecurie-de-la-foret-de-Lyons-4-300x251.jpg 300w, https:\/\/chevaux-normandie.com\/wp-content\/uploads\/2025\/04\/Sejour-Ecurie-de-la-foret-de-Lyons-4-768x644.jpg 768w, https:\/\/chevaux-normandie.com\/wp-content\/uploads\/2025\/04\/Sejour-Ecurie-de-la-foret-de-Lyons-4-200x168.jpg 200w, https:\/\/chevaux-normandie.com\/wp-content\/uploads\/2025\/04\/Sejour-Ecurie-de-la-foret-de-Lyons-4-215x180.jpg 215w\" sizes=\"auto, (max-width: 940px) 100vw, 940px\" \/><\/figure><div class=\"wp-block-media-text__content\">\n<p>Take the reins again in a gentle and secure environment. This solo stay for seniors invites you to rediscover the joy of horseback riding, complemented by cultural activities and moments of relaxation.<br><\/p>\n<\/div><\/div>\n\n\n\n<p>Take the reins again in a gentle and secure environment. This solo stay for seniors invites you to rediscover the joy of horseback riding, complemented by cultural activities and moments of relaxation.<br><\/p>\n\n\n\n<p class=\"has-noir-color has-text-color has-link-color has-normal-font-size wp-elements-f9b3c1796cebe3c467e3411f0415ba04\">Take the reins again in a gentle and secure environment. This solo stay for seniors invites you to rediscover the joy of horseback riding, complemented by cultural activities and moments of relaxation.<br><\/p>\n\n\n\n<div class=\"wp-block-media-text has-media-on-the-right is-stacked-on-mobile\" style=\"grid-template-columns:auto 40%\"><div class=\"wp-block-media-text__content\">\n<p>Take the reins again in a gentle and secure environment. This solo stay for seniors invites you to rediscover the joy of horseback riding, complemented by cultural activities and moments of relaxation.<br><\/p>\n\n\n\n<p>Take the reins again in a gentle and secure environment. This solo stay for seniors invites you to rediscover the joy of horseback riding, complemented by cultural activities and moments of relaxation.<br><\/p>\n<\/div><figure class=\"wp-block-media-text__media\"><img loading=\"lazy\" decoding=\"async\" width=\"940\" height=\"788\" src=\"https:\/\/chevaux-normandie.com\/wp-content\/uploads\/2025\/04\/Sejour-Arboretum-de-Lyons.jpg\" alt=\"\" class=\"wp-image-46667 size-full\" srcset=\"https:\/\/chevaux-normandie.com\/wp-content\/uploads\/2025\/04\/Sejour-Arboretum-de-Lyons.jpg 940w, https:\/\/chevaux-normandie.com\/wp-content\/uploads\/2025\/04\/Sejour-Arboretum-de-Lyons-300x251.jpg 300w, https:\/\/chevaux-normandie.com\/wp-content\/uploads\/2025\/04\/Sejour-Arboretum-de-Lyons-768x644.jpg 768w, https:\/\/chevaux-normandie.com\/wp-content\/uploads\/2025\/04\/Sejour-Arboretum-de-Lyons-200x168.jpg 200w, https:\/\/chevaux-normandie.com\/wp-content\/uploads\/2025\/04\/Sejour-Arboretum-de-Lyons-215x180.jpg 215w\" sizes=\"auto, (max-width: 940px) 100vw, 940px\" \/><\/figure><\/div>\n\n\n\n<p>Take the reins again in a gentle and secure environment. This solo stay for seniors invites you to rediscover the joy of horseback riding, complemented by cultural activities and moments of relaxation.<br><\/p>\n\n\n\n<div class=\"wp-block-media-text is-stacked-on-mobile\" style=\"grid-template-columns:40% auto\"><figure class=\"wp-block-media-text__media\"><img loading=\"lazy\" decoding=\"async\" width=\"940\" height=\"788\" src=\"https:\/\/chevaux-normandie.com\/wp-content\/uploads\/2025\/04\/Sejour-Chateau-de-Vascoeuil.jpg\" alt=\"\" class=\"wp-image-46669 size-full\" srcset=\"https:\/\/chevaux-normandie.com\/wp-content\/uploads\/2025\/04\/Sejour-Chateau-de-Vascoeuil.jpg 940w, https:\/\/chevaux-normandie.com\/wp-content\/uploads\/2025\/04\/Sejour-Chateau-de-Vascoeuil-300x251.jpg 300w, https:\/\/chevaux-normandie.com\/wp-content\/uploads\/2025\/04\/Sejour-Chateau-de-Vascoeuil-768x644.jpg 768w, https:\/\/chevaux-normandie.com\/wp-content\/uploads\/2025\/04\/Sejour-Chateau-de-Vascoeuil-200x168.jpg 200w, https:\/\/chevaux-normandie.com\/wp-content\/uploads\/2025\/04\/Sejour-Chateau-de-Vascoeuil-215x180.jpg 215w\" sizes=\"auto, (max-width: 940px) 100vw, 940px\" \/><\/figure><div class=\"wp-block-media-text__content\">\n<p>Take the reins again in a gentle and secure environment. This solo stay for seniors invites you to rediscover the joy of horseback riding, complemented by cultural activities and moments of relaxation.<br><\/p>\n\n\n\n<p>Take the reins again in a gentle and secure environment. This solo stay for seniors invites you to rediscover the joy of horseback riding, complemented by cultural activities and moments of relaxation.<br><\/p>\n<\/div><\/div>\n\n\n\n<p>Take the reins again in a gentle and secure environment. This solo stay for seniors invites you to rediscover the joy of horseback riding, complemented by cultural activities and moments of relaxation.<br><\/p>\n\n\n\n<div class=\"wp-block-media-text has-media-on-the-right is-stacked-on-mobile\" style=\"grid-template-columns:auto 40%\"><div class=\"wp-block-media-text__content\">\n<p>Take the reins again in a gentle and secure environment. This solo stay for seniors invites you to rediscover the joy of horseback riding, complemented by cultural activities and moments of relaxation.<br><\/p>\n\n\n\n<p>Take the reins again in a gentle and secure environment. This solo stay for seniors invites you to rediscover the joy of horseback riding, complemented by cultural activities and moments of relaxation.<br><\/p>\n<\/div><figure class=\"wp-block-media-text__media\"><img loading=\"lazy\" decoding=\"async\" width=\"940\" height=\"788\" src=\"https:\/\/chevaux-normandie.com\/wp-content\/uploads\/2025\/04\/Sejour-Foret-de-Lyons.jpg\" alt=\"\" class=\"wp-image-46671 size-full\" srcset=\"https:\/\/chevaux-normandie.com\/wp-content\/uploads\/2025\/04\/Sejour-Foret-de-Lyons.jpg 940w, https:\/\/chevaux-normandie.com\/wp-content\/uploads\/2025\/04\/Sejour-Foret-de-Lyons-300x251.jpg 300w, https:\/\/chevaux-normandie.com\/wp-content\/uploads\/2025\/04\/Sejour-Foret-de-Lyons-768x644.jpg 768w, https:\/\/chevaux-normandie.com\/wp-content\/uploads\/2025\/04\/Sejour-Foret-de-Lyons-200x168.jpg 200w, https:\/\/chevaux-normandie.com\/wp-content\/uploads\/2025\/04\/Sejour-Foret-de-Lyons-215x180.jpg 215w\" sizes=\"auto, (max-width: 940px) 100vw, 940px\" \/><\/figure><\/div>\n\n\n\n<p>Take the reins again in a gentle and secure environment. This solo stay for seniors invites you to rediscover the joy of horseback riding, complemented by cultural activities and moments of relaxation.<br><\/p>\n\n\n\n<div class=\"wp-block-media-text is-stacked-on-mobile\" style=\"grid-template-columns:40% auto\"><figure class=\"wp-block-media-text__media\"><img loading=\"lazy\" decoding=\"async\" width=\"940\" height=\"788\" src=\"https:\/\/chevaux-normandie.com\/wp-content\/uploads\/2025\/04\/Sejour-Abbaye-de-Mortemer.jpg\" alt=\"\" class=\"wp-image-46673 size-full\" srcset=\"https:\/\/chevaux-normandie.com\/wp-content\/uploads\/2025\/04\/Sejour-Abbaye-de-Mortemer.jpg 940w, https:\/\/chevaux-normandie.com\/wp-content\/uploads\/2025\/04\/Sejour-Abbaye-de-Mortemer-300x251.jpg 300w, https:\/\/chevaux-normandie.com\/wp-content\/uploads\/2025\/04\/Sejour-Abbaye-de-Mortemer-768x644.jpg 768w, https:\/\/chevaux-normandie.com\/wp-content\/uploads\/2025\/04\/Sejour-Abbaye-de-Mortemer-200x168.jpg 200w, https:\/\/chevaux-normandie.com\/wp-content\/uploads\/2025\/04\/Sejour-Abbaye-de-Mortemer-215x180.jpg 215w\" sizes=\"auto, (max-width: 940px) 100vw, 940px\" \/><\/figure><div class=\"wp-block-media-text__content\">\n<p>Take the reins again in a gentle and secure environment. This solo stay for seniors invites you to rediscover the joy of horseback riding, complemented by cultural activities and moments of relaxation.<br><\/p>\n\n\n\n<p>Take the reins again in a gentle and secure environment. This solo stay for seniors invites you to rediscover the joy of horseback riding, complemented by cultural activities and moments of relaxation.<br><\/p>\n<\/div><\/div>\n\n\n\n<p>Take the reins again in a gentle and secure environment. This solo stay for seniors invites you to rediscover the joy of horseback riding, complemented by cultural activities and moments of relaxation.<br><\/p>\n\n\n\n<div class=\"wp-block-media-text has-media-on-the-right is-stacked-on-mobile\" style=\"grid-template-columns:auto 40%\"><div class=\"wp-block-media-text__content\">\n<p>Take the reins again in a gentle and secure environment. This solo stay for seniors invites you to rediscover the joy of horseback riding, complemented by cultural activities and moments of relaxation.<br><\/p>\n\n\n\n<p>Take the reins again in a gentle and secure environment. This solo stay for seniors invites you to rediscover the joy of horseback riding, complemented by cultural activities and moments of relaxation.<br><\/p>\n<\/div><figure class=\"wp-block-media-text__media\"><img loading=\"lazy\" decoding=\"async\" width=\"940\" height=\"788\" src=\"https:\/\/chevaux-normandie.com\/wp-content\/uploads\/2025\/04\/Sejour-Dieppe.jpg\" alt=\"\" class=\"wp-image-46675 size-full\" srcset=\"https:\/\/chevaux-normandie.com\/wp-content\/uploads\/2025\/04\/Sejour-Dieppe.jpg 940w, https:\/\/chevaux-normandie.com\/wp-content\/uploads\/2025\/04\/Sejour-Dieppe-300x251.jpg 300w, https:\/\/chevaux-normandie.com\/wp-content\/uploads\/2025\/04\/Sejour-Dieppe-768x644.jpg 768w, https:\/\/chevaux-normandie.com\/wp-content\/uploads\/2025\/04\/Sejour-Dieppe-200x168.jpg 200w, https:\/\/chevaux-normandie.com\/wp-content\/uploads\/2025\/04\/Sejour-Dieppe-215x180.jpg 215w\" sizes=\"auto, (max-width: 940px) 100vw, 940px\" \/><\/figure><\/div>\n\n\n\n<p>Take the reins again in a gentle and secure environment. This solo stay for seniors invites you to rediscover the joy of horseback riding, complemented by cultural activities and moments of relaxation.<br><\/p>\n\n\n\n<p>Take the reins again in a gentle and secure environment. This solo stay for seniors invites you to rediscover the joy of horseback riding, complemented by cultural activities and moments of relaxation.<br><\/p>\n\n\n\n<figure class=\"wp-block-pullquote\"><blockquote><p>Take the reins again in a gentle and secure environment. This solo stay for seniors invites you to rediscover the joy of horseback riding, complemented by cultural activities and moments of relaxation.<br><\/p><\/blockquote><\/figure>\n\n\n<h2 class=\"wp-block-heading\" id=\"\"><\/h2>\n\n\n<div class=\"wp-block-columns are-vertically-aligned-center is-layout-flex wp-container-core-columns-is-layout-9d6595d7 wp-block-columns-is-layout-flex\">\n<div class=\"wp-block-column is-vertically-aligned-center is-layout-flow wp-block-column-is-layout-flow\">\n<p><br><\/p>\n<\/div>\n\n\n\n<div class=\"wp-block-column is-vertically-aligned-center is-layout-flow wp-block-column-is-layout-flow\">\n<figure class=\"wp-block-image size-full\"><img loading=\"lazy\" decoding=\"async\" width=\"1020\" height=\"538\" src=\"https:\/\/chevaux-normandie.com\/wp-content\/uploads\/2024\/05\/logoCCNcmjn-v2018-1.png\" alt=\"\" class=\"wp-image-44389\" srcset=\"https:\/\/chevaux-normandie.com\/wp-content\/uploads\/2024\/05\/logoCCNcmjn-v2018-1.png 1020w, https:\/\/chevaux-normandie.com\/wp-content\/uploads\/2024\/05\/logoCCNcmjn-v2018-1-300x158.png 300w, https:\/\/chevaux-normandie.com\/wp-content\/uploads\/2024\/05\/logoCCNcmjn-v2018-1-768x405.png 768w, https:\/\/chevaux-normandie.com\/wp-content\/uploads\/2024\/05\/logoCCNcmjn-v2018-1-200x105.png 200w, https:\/\/chevaux-normandie.com\/wp-content\/uploads\/2024\/05\/logoCCNcmjn-v2018-1-240x127.png 240w\" sizes=\"auto, (max-width: 1020px) 100vw, 1020px\" \/><\/figure>\n<\/div>\n\n\n\n<div class=\"wp-block-column is-vertically-aligned-center is-layout-flow wp-block-column-is-layout-flow\">\n<figure class=\"wp-block-image size-large\"><img loading=\"lazy\" decoding=\"async\" width=\"1024\" height=\"909\" src=\"https:\/\/chevaux-normandie.com\/wp-content\/uploads\/2020\/06\/NORMANDIE_DESTI_CHEVAL_QUADRI_CRT-V2-1024x909.jpg\" alt=\"\" class=\"wp-image-27306\" srcset=\"https:\/\/chevaux-normandie.com\/wp-content\/uploads\/2020\/06\/NORMANDIE_DESTI_CHEVAL_QUADRI_CRT-V2-1024x909.jpg 1024w, https:\/\/chevaux-normandie.com\/wp-content\/uploads\/2020\/06\/NORMANDIE_DESTI_CHEVAL_QUADRI_CRT-V2-300x266.jpg 300w, https:\/\/chevaux-normandie.com\/wp-content\/uploads\/2020\/06\/NORMANDIE_DESTI_CHEVAL_QUADRI_CRT-V2-768x682.jpg 768w, https:\/\/chevaux-normandie.com\/wp-content\/uploads\/2020\/06\/NORMANDIE_DESTI_CHEVAL_QUADRI_CRT-V2-1536x1364.jpg 1536w, https:\/\/chevaux-normandie.com\/wp-content\/uploads\/2020\/06\/NORMANDIE_DESTI_CHEVAL_QUADRI_CRT-V2-2048x1818.jpg 2048w, https:\/\/chevaux-normandie.com\/wp-content\/uploads\/2020\/06\/NORMANDIE_DESTI_CHEVAL_QUADRI_CRT-V2-203x180.jpg 203w\" sizes=\"auto, (max-width: 1024px) 100vw, 1024px\" \/><\/figure>\n<\/div>\n\n\n\n<div class=\"wp-block-column is-vertically-aligned-center is-layout-flow wp-block-column-is-layout-flow\">\n<figure class=\"wp-block-image size-large\"><img loading=\"lazy\" decoding=\"async\" width=\"1024\" height=\"604\" src=\"https:\/\/chevaux-normandie.com\/wp-content\/uploads\/2024\/10\/LOGO-Les-Carnets-d-Evatours-1024x604.png\" alt=\"\" class=\"wp-image-45582\" srcset=\"https:\/\/chevaux-normandie.com\/wp-content\/uploads\/2024\/10\/LOGO-Les-Carnets-d-Evatours-1024x604.png 1024w, https:\/\/chevaux-normandie.com\/wp-content\/uploads\/2024\/10\/LOGO-Les-Carnets-d-Evatours-300x177.png 300w, https:\/\/chevaux-normandie.com\/wp-content\/uploads\/2024\/10\/LOGO-Les-Carnets-d-Evatours-768x453.png 768w, https:\/\/chevaux-normandie.com\/wp-content\/uploads\/2024\/10\/LOGO-Les-Carnets-d-Evatours-200x118.png 200w, https:\/\/chevaux-normandie.com\/wp-content\/uploads\/2024\/10\/LOGO-Les-Carnets-d-Evatours-240x142.png 240w, https:\/\/chevaux-normandie.com\/wp-content\/uploads\/2024\/10\/LOGO-Les-Carnets-d-Evatours.png 1200w\" sizes=\"auto, (max-width: 1024px) 100vw, 1024px\" \/><\/figure>\n<\/div>\n<\/div>\n","protected":false},"excerpt":{"rendered":"<p>Take the reins again in a gentle and secure environment. This solo stay for seniors invites you to rediscover the joy of horseback riding, complemented by cultural activities and moments of relaxation. Take the reins again in a gentle and secure environment. This solo stay for seniors invites you to rediscover the joy of horseback [&hellip;]<\/p>\n","protected":false},"author":20,"featured_media":0,"parent":0,"menu_order":0,"comment_status":"closed","ping_status":"closed","template":"page-templates\/editorial.php","meta":{"_acf_changed":false,"footnotes":""},"class_list":["post-46949","page","type-page","status-publish","hentry"],"acf":[],"yoast_head":"<!-- This site is optimized with the Yoast SEO plugin v27.1.1 - https:\/\/yoast.com\/product\/yoast-seo-wordpress\/ -->\n<title>Horse &amp; Confidence: A Reassuring Experience for Seniors - Conseil des Chevaux de Normandie<\/title>\n<meta name=\"description\" content=\"Take the reins again in a gentle and secure environment. This solo stay for seniors invites you to rediscover the joy of horseback riding, complemented by cultural activities and moments of relaxation.\" \/>\n<meta name=\"robots\" content=\"index, follow, max-snippet:-1, max-image-preview:large, max-video-preview:-1\" \/>\n<link rel=\"canonical\" href=\"https:\/\/chevaux-normandie.com\/en\/horse-confidence-a-reassuring-experience-for-seniors\/\" \/>\n<meta property=\"og:locale\" content=\"en_US\" \/>\n<meta property=\"og:type\" content=\"article\" \/>\n<meta property=\"og:title\" content=\"Horse &amp; Confidence: A Reassuring Experience for Seniors - Conseil des Chevaux de Normandie\" \/>\n<meta property=\"og:description\" content=\"Take the reins again in a gentle and secure environment. This solo stay for seniors invites you to rediscover the joy of horseback riding, complemented by cultural activities and moments of relaxation.\" \/>\n<meta property=\"og:url\" content=\"https:\/\/chevaux-normandie.com\/en\/horse-confidence-a-reassuring-experience-for-seniors\/\" \/>\n<meta property=\"og:site_name\" content=\"Conseil des Chevaux de Normandie\" \/>\n<meta property=\"article:modified_time\" content=\"2025-06-06T09:53:55+00:00\" \/>\n<meta property=\"og:image\" content=\"https:\/\/chevaux-normandie.com\/wp-content\/uploads\/2025\/04\/Sejour-Ecurie-de-la-foret-de-Lyons-4.jpg\" \/>\n\t<meta property=\"og:image:width\" content=\"940\" \/>\n\t<meta property=\"og:image:height\" content=\"788\" \/>\n\t<meta property=\"og:image:type\" content=\"image\/jpeg\" \/>\n<meta name=\"twitter:card\" content=\"summary_large_image\" \/>\n<meta name=\"twitter:label1\" content=\"Est. reading time\" \/>\n\t<meta name=\"twitter:data1\" content=\"6 minutes\" \/>\n<script type=\"application\/ld+json\" class=\"yoast-schema-graph\">{\"@context\":\"https:\/\/schema.org\",\"@graph\":[{\"@type\":\"WebPage\",\"@id\":\"https:\/\/chevaux-normandie.com\/en\/horse-confidence-a-reassuring-experience-for-seniors\/\",\"url\":\"https:\/\/chevaux-normandie.com\/en\/horse-confidence-a-reassuring-experience-for-seniors\/\",\"name\":\"Horse & Confidence: A Reassuring Experience for Seniors - Conseil des Chevaux de Normandie\",\"isPartOf\":{\"@id\":\"https:\/\/chevaux-normandie.com\/#website\"},\"primaryImageOfPage\":{\"@id\":\"https:\/\/chevaux-normandie.com\/en\/horse-confidence-a-reassuring-experience-for-seniors\/#primaryimage\"},\"image\":{\"@id\":\"https:\/\/chevaux-normandie.com\/en\/horse-confidence-a-reassuring-experience-for-seniors\/#primaryimage\"},\"thumbnailUrl\":\"https:\/\/chevaux-normandie.com\/wp-content\/uploads\/2025\/04\/Sejour-Ecurie-de-la-foret-de-Lyons-4.jpg\",\"datePublished\":\"2025-06-06T07:59:33+00:00\",\"dateModified\":\"2025-06-06T09:53:55+00:00\",\"description\":\"Take the reins again in a gentle and secure environment. This solo stay for seniors invites you to rediscover the joy of horseback riding, complemented by cultural activities and moments of relaxation.\",\"breadcrumb\":{\"@id\":\"https:\/\/chevaux-normandie.com\/en\/horse-confidence-a-reassuring-experience-for-seniors\/#breadcrumb\"},\"inLanguage\":\"en-US\",\"potentialAction\":[{\"@type\":\"ReadAction\",\"target\":[\"https:\/\/chevaux-normandie.com\/en\/horse-confidence-a-reassuring-experience-for-seniors\/\"]}]},{\"@type\":\"ImageObject\",\"inLanguage\":\"en-US\",\"@id\":\"https:\/\/chevaux-normandie.com\/en\/horse-confidence-a-reassuring-experience-for-seniors\/#primaryimage\",\"url\":\"https:\/\/chevaux-normandie.com\/wp-content\/uploads\/2025\/04\/Sejour-Ecurie-de-la-foret-de-Lyons-4.jpg\",\"contentUrl\":\"https:\/\/chevaux-normandie.com\/wp-content\/uploads\/2025\/04\/Sejour-Ecurie-de-la-foret-de-Lyons-4.jpg\"},{\"@type\":\"BreadcrumbList\",\"@id\":\"https:\/\/chevaux-normandie.com\/en\/horse-confidence-a-reassuring-experience-for-seniors\/#breadcrumb\",\"itemListElement\":[{\"@type\":\"ListItem\",\"position\":1,\"name\":\"Home\",\"item\":\"https:\/\/chevaux-normandie.com\/en\/\"},{\"@type\":\"ListItem\",\"position\":2,\"name\":\"Horse &#038; Confidence: A Reassuring Experience for Seniors\"}]},{\"@type\":\"WebSite\",\"@id\":\"https:\/\/chevaux-normandie.com\/#website\",\"url\":\"https:\/\/chevaux-normandie.com\/\",\"name\":\"Conseil des Chevaux de Normandie\",\"description\":\"C\u0153ur de la fili\u00e8re \u00e9quine normande\",\"potentialAction\":[{\"@type\":\"SearchAction\",\"target\":{\"@type\":\"EntryPoint\",\"urlTemplate\":\"https:\/\/chevaux-normandie.com\/?s={search_term_string}\"},\"query-input\":{\"@type\":\"PropertyValueSpecification\",\"valueRequired\":true,\"valueName\":\"search_term_string\"}}],\"inLanguage\":\"en-US\"}]}<\/script>\n<!-- \/ Yoast SEO plugin. -->","yoast_head_json":{"title":"Horse & Confidence: A Reassuring Experience for Seniors - Conseil des Chevaux de Normandie","description":"Take the reins again in a gentle and secure environment. This solo stay for seniors invites you to rediscover the joy of horseback riding, complemented by cultural activities and moments of relaxation.","robots":{"index":"index","follow":"follow","max-snippet":"max-snippet:-1","max-image-preview":"max-image-preview:large","max-video-preview":"max-video-preview:-1"},"canonical":"https:\/\/chevaux-normandie.com\/en\/horse-confidence-a-reassuring-experience-for-seniors\/","og_locale":"en_US","og_type":"article","og_title":"Horse & Confidence: A Reassuring Experience for Seniors - Conseil des Chevaux de Normandie","og_description":"Take the reins again in a gentle and secure environment. This solo stay for seniors invites you to rediscover the joy of horseback riding, complemented by cultural activities and moments of relaxation.","og_url":"https:\/\/chevaux-normandie.com\/en\/horse-confidence-a-reassuring-experience-for-seniors\/","og_site_name":"Conseil des Chevaux de Normandie","article_modified_time":"2025-06-06T09:53:55+00:00","og_image":[{"width":940,"height":788,"url":"https:\/\/chevaux-normandie.com\/wp-content\/uploads\/2025\/04\/Sejour-Ecurie-de-la-foret-de-Lyons-4.jpg","type":"image\/jpeg"}],"twitter_card":"summary_large_image","twitter_misc":{"Est. reading time":"6 minutes"},"schema":{"@context":"https:\/\/schema.org","@graph":[{"@type":"WebPage","@id":"https:\/\/chevaux-normandie.com\/en\/horse-confidence-a-reassuring-experience-for-seniors\/","url":"https:\/\/chevaux-normandie.com\/en\/horse-confidence-a-reassuring-experience-for-seniors\/","name":"Horse & Confidence: A Reassuring Experience for Seniors - Conseil des Chevaux de Normandie","isPartOf":{"@id":"https:\/\/chevaux-normandie.com\/#website"},"primaryImageOfPage":{"@id":"https:\/\/chevaux-normandie.com\/en\/horse-confidence-a-reassuring-experience-for-seniors\/#primaryimage"},"image":{"@id":"https:\/\/chevaux-normandie.com\/en\/horse-confidence-a-reassuring-experience-for-seniors\/#primaryimage"},"thumbnailUrl":"https:\/\/chevaux-normandie.com\/wp-content\/uploads\/2025\/04\/Sejour-Ecurie-de-la-foret-de-Lyons-4.jpg","datePublished":"2025-06-06T07:59:33+00:00","dateModified":"2025-06-06T09:53:55+00:00","description":"Take the reins again in a gentle and secure environment. This solo stay for seniors invites you to rediscover the joy of horseback riding, complemented by cultural activities and moments of relaxation.","breadcrumb":{"@id":"https:\/\/chevaux-normandie.com\/en\/horse-confidence-a-reassuring-experience-for-seniors\/#breadcrumb"},"inLanguage":"en-US","potentialAction":[{"@type":"ReadAction","target":["https:\/\/chevaux-normandie.com\/en\/horse-confidence-a-reassuring-experience-for-seniors\/"]}]},{"@type":"ImageObject","inLanguage":"en-US","@id":"https:\/\/chevaux-normandie.com\/en\/horse-confidence-a-reassuring-experience-for-seniors\/#primaryimage","url":"https:\/\/chevaux-normandie.com\/wp-content\/uploads\/2025\/04\/Sejour-Ecurie-de-la-foret-de-Lyons-4.jpg","contentUrl":"https:\/\/chevaux-normandie.com\/wp-content\/uploads\/2025\/04\/Sejour-Ecurie-de-la-foret-de-Lyons-4.jpg"},{"@type":"BreadcrumbList","@id":"https:\/\/chevaux-normandie.com\/en\/horse-confidence-a-reassuring-experience-for-seniors\/#breadcrumb","itemListElement":[{"@type":"ListItem","position":1,"name":"Home","item":"https:\/\/chevaux-normandie.com\/en\/"},{"@type":"ListItem","position":2,"name":"Horse &#038; Confidence: A Reassuring Experience for Seniors"}]},{"@type":"WebSite","@id":"https:\/\/chevaux-normandie.com\/#website","url":"https:\/\/chevaux-normandie.com\/","name":"Conseil des Chevaux de Normandie","description":"C\u0153ur de la fili\u00e8re \u00e9quine normande","potentialAction":[{"@type":"SearchAction","target":{"@type":"EntryPoint","urlTemplate":"https:\/\/chevaux-normandie.com\/?s={search_term_string}"},"query-input":{"@type":"PropertyValueSpecification","valueRequired":true,"valueName":"search_term_string"}}],"inLanguage":"en-US"}]}},"_links":{"self":[{"href":"https:\/\/chevaux-normandie.com\/en\/wp-json\/wp\/v2\/pages\/46949","targetHints":{"allow":["GET"]}}],"collection":[{"href":"https:\/\/chevaux-normandie.com\/en\/wp-json\/wp\/v2\/pages"}],"about":[{"href":"https:\/\/chevaux-normandie.com\/en\/wp-json\/wp\/v2\/types\/page"}],"author":[{"embeddable":true,"href":"https:\/\/chevaux-normandie.com\/en\/wp-json\/wp\/v2\/users\/20"}],"replies":[{"embeddable":true,"href":"https:\/\/chevaux-normandie.com\/en\/wp-json\/wp\/v2\/comments?post=46949"}],"version-history":[{"count":4,"href":"https:\/\/chevaux-normandie.com\/en\/wp-json\/wp\/v2\/pages\/46949\/revisions"}],"predecessor-version":[{"id":46973,"href":"https:\/\/chevaux-normandie.com\/en\/wp-json\/wp\/v2\/pages\/46949\/revisions\/46973"}],"wp:attachment":[{"href":"https:\/\/chevaux-normandie.com\/en\/wp-json\/wp\/v2\/media?parent=46949"}],"curies":[{"name":"wp","href":"https:\/\/api.w.org\/{rel}","templated":true}]}}