{"id":46953,"date":"2025-06-06T10:02:59","date_gmt":"2025-06-06T08:02:59","guid":{"rendered":"https:\/\/chevaux-normandie.com\/in-the-heart-of-europes-oldest-mountains-the-suisse-normande\/"},"modified":"2025-06-06T11:58:36","modified_gmt":"2025-06-06T09:58:36","slug":"in-the-heart-of-europes-oldest-mountains-the-suisse-normande","status":"publish","type":"page","link":"https:\/\/chevaux-normandie.com\/en\/in-the-heart-of-europes-oldest-mountains-the-suisse-normande\/","title":{"rendered":"In the Heart of Europe&#8217;s Oldest Mountains: The Suisse Normande"},"content":{"rendered":"\n<p>A weekend full of emotions with the discovery of numerous outdoor activities for those who wish to connect with nature.<\/p>\n\n\n\n<p><strong><em>Day 1<\/em><\/strong><\/p>\n\n\n\n<div class=\"wp-block-media-text alignwide is-stacked-on-mobile\" style=\"grid-template-columns:40% auto\"><figure class=\"wp-block-media-text__media\"><img loading=\"lazy\" decoding=\"async\" width=\"940\" height=\"788\" src=\"https:\/\/chevaux-normandie.com\/wp-content\/uploads\/2025\/04\/Sejour-La-Cour-Anteol.png\" alt=\"\" class=\"wp-image-46543 size-full\" srcset=\"https:\/\/chevaux-normandie.com\/wp-content\/uploads\/2025\/04\/Sejour-La-Cour-Anteol.png 940w, https:\/\/chevaux-normandie.com\/wp-content\/uploads\/2025\/04\/Sejour-La-Cour-Anteol-300x251.png 300w, https:\/\/chevaux-normandie.com\/wp-content\/uploads\/2025\/04\/Sejour-La-Cour-Anteol-768x644.png 768w, https:\/\/chevaux-normandie.com\/wp-content\/uploads\/2025\/04\/Sejour-La-Cour-Anteol-200x168.png 200w, https:\/\/chevaux-normandie.com\/wp-content\/uploads\/2025\/04\/Sejour-La-Cour-Anteol-215x180.png 215w\" sizes=\"auto, (max-width: 940px) 100vw, 940px\" \/><\/figure><div class=\"wp-block-media-text__content\">\n<p>Upon your arrival in the Suisse Normande in the early morning, you&#8217;ll be immediately immersed in breathtaking natural surroundings. You&#8217;ll be welcomed at La Cour Anteol, where a friendly team will greet you for a horseback riding session. After getting acquainted, you&#8217;ll set off on a horseback ride through stunning landscapes, combining discovery and adventure in the heart of nature.<\/p>\n\n\n\n<p>After this enriching morning, enjoy a free lunch at your own expense, savoring a Norman meal at a restaurant of your choice.<\/p>\n\n\n\n<p>\u00a9<em>Cour Anteol<\/em><\/p>\n<\/div><\/div>\n\n\n\n<div class=\"wp-block-media-text alignwide has-media-on-the-right is-stacked-on-mobile\" style=\"grid-template-columns:auto 40%\"><div class=\"wp-block-media-text__content\">\n<p>In the afternoon, treat yourself to a fun and refreshing experience with a canoe-kayak outing in Pont d\u2019Ouilly. Enjoy the tranquility of the Orne River and discover natural curiosities such as the Lion Rock and the beauty of the Broken Bridge<\/p>\n\n\n\n<p>Dinner is at your leisure and expense. Let yourself be enchanted by the local flavors by exploring a restaurant of your choice. For the night, accommodation in a guesthouse or lodging close to the horses is included, offering you the opportunity to extend your stay in the authentic charm of Normandy.<\/p>\n\n\n\n<p>\u00a9<em>Normandie Tourisme<\/em><\/p>\n<\/div><figure class=\"wp-block-media-text__media\"><img loading=\"lazy\" decoding=\"async\" width=\"940\" height=\"788\" src=\"https:\/\/chevaux-normandie.com\/wp-content\/uploads\/2025\/04\/Sejour-Pont-dOuilly.png\" alt=\"\" class=\"wp-image-46545 size-full\" srcset=\"https:\/\/chevaux-normandie.com\/wp-content\/uploads\/2025\/04\/Sejour-Pont-dOuilly.png 940w, https:\/\/chevaux-normandie.com\/wp-content\/uploads\/2025\/04\/Sejour-Pont-dOuilly-300x251.png 300w, https:\/\/chevaux-normandie.com\/wp-content\/uploads\/2025\/04\/Sejour-Pont-dOuilly-768x644.png 768w, https:\/\/chevaux-normandie.com\/wp-content\/uploads\/2025\/04\/Sejour-Pont-dOuilly-200x168.png 200w, https:\/\/chevaux-normandie.com\/wp-content\/uploads\/2025\/04\/Sejour-Pont-dOuilly-215x180.png 215w\" sizes=\"auto, (max-width: 940px) 100vw, 940px\" \/><\/figure><\/div>\n\n\n\n<p><strong><em>Day 2<\/em><\/strong><\/p>\n\n\n\n<div class=\"wp-block-media-text alignwide is-stacked-on-mobile\" style=\"grid-template-columns:40% auto\"><figure class=\"wp-block-media-text__media\"><img loading=\"lazy\" decoding=\"async\" width=\"940\" height=\"788\" src=\"https:\/\/chevaux-normandie.com\/wp-content\/uploads\/2025\/04\/SejourRoche-dOetre.png\" alt=\"\" class=\"wp-image-46547 size-full\" srcset=\"https:\/\/chevaux-normandie.com\/wp-content\/uploads\/2025\/04\/SejourRoche-dOetre.png 940w, https:\/\/chevaux-normandie.com\/wp-content\/uploads\/2025\/04\/SejourRoche-dOetre-300x251.png 300w, https:\/\/chevaux-normandie.com\/wp-content\/uploads\/2025\/04\/SejourRoche-dOetre-768x644.png 768w, https:\/\/chevaux-normandie.com\/wp-content\/uploads\/2025\/04\/SejourRoche-dOetre-200x168.png 200w, https:\/\/chevaux-normandie.com\/wp-content\/uploads\/2025\/04\/SejourRoche-dOetre-215x180.png 215w\" sizes=\"auto, (max-width: 940px) 100vw, 940px\" \/><\/figure><div class=\"wp-block-media-text__content\">\n<p>After a well-deserved rest, embark on an unforgettable self-guided hike to discover the Roche d\u2019O\u00ebtre site. Overlooking the gorges of the Orne, this panorama offers you a breathtaking view of the wild and preserved landscapes of the Suisse Normande.<\/p>\n\n\n\n<p>Lunch is at your leisure and expense. Take this opportunity to explore Norman flavors at a restaurant of your choice.<\/p>\n\n\n\n<p><em><em>\u00a9<em>Normandie Tourisme<\/em><\/em><\/em><\/p>\n<\/div><\/div>\n\n\n\n<div class=\"wp-block-media-text alignwide has-media-on-the-right is-stacked-on-mobile\" style=\"grid-template-columns:auto 40%\"><div class=\"wp-block-media-text__content\">\n<p>To conclude this weekend, head to the tree-climbing adventure park! With over 100 games spread across 11 courses suitable for all levels, you&#8217;ll navigate through nature, balancing adrenaline and fun. An ideal activity for families or friends!<\/p>\n\n\n\n<p><em><em>\u00a9<em>Normandie Tourisme<\/em><\/em><\/em><\/p>\n<\/div><figure class=\"wp-block-media-text__media\"><img loading=\"lazy\" decoding=\"async\" width=\"940\" height=\"788\" src=\"https:\/\/chevaux-normandie.com\/wp-content\/uploads\/2025\/04\/Sejour-accrobranche.png\" alt=\"\" class=\"wp-image-46550 size-full\" srcset=\"https:\/\/chevaux-normandie.com\/wp-content\/uploads\/2025\/04\/Sejour-accrobranche.png 940w, https:\/\/chevaux-normandie.com\/wp-content\/uploads\/2025\/04\/Sejour-accrobranche-300x251.png 300w, https:\/\/chevaux-normandie.com\/wp-content\/uploads\/2025\/04\/Sejour-accrobranche-768x644.png 768w, https:\/\/chevaux-normandie.com\/wp-content\/uploads\/2025\/04\/Sejour-accrobranche-200x168.png 200w, https:\/\/chevaux-normandie.com\/wp-content\/uploads\/2025\/04\/Sejour-accrobranche-215x180.png 215w\" sizes=\"auto, (max-width: 940px) 100vw, 940px\" \/><\/figure><\/div>\n\n\n\n<figure class=\"wp-block-pullquote\"><blockquote><p>For reservations, contact the agency Les Carnets d\u2019Evatours at +33 (0)2 61 45 30 94 or visit their website:\r\n\ud83d\udc49 <a href=\"https:\/\/www.lescarnets-evatours.fr\/sejours\/la-suisse-normande-a-cheval\/\" target=\"_blank\">www.lescarnets-evatours.fr<\/a><\/p><\/blockquote><\/figure>\n\n\n<h2 class=\"wp-block-heading\" id=\"\"><\/h2>\n\n\n<div class=\"wp-block-columns are-vertically-aligned-center is-layout-flex wp-container-core-columns-is-layout-9d6595d7 wp-block-columns-is-layout-flex\">\n<div class=\"wp-block-column is-vertically-aligned-center is-layout-flow wp-block-column-is-layout-flow\">\n<p>This stay is offered by<\/p>\n<\/div>\n\n\n\n<div class=\"wp-block-column is-vertically-aligned-center is-layout-flow wp-block-column-is-layout-flow\">\n<figure class=\"wp-block-image size-full\"><img loading=\"lazy\" decoding=\"async\" width=\"1020\" height=\"538\" src=\"https:\/\/chevaux-normandie.com\/wp-content\/uploads\/2024\/05\/logoCCNcmjn-v2018-1.png\" alt=\"\" class=\"wp-image-44389\" srcset=\"https:\/\/chevaux-normandie.com\/wp-content\/uploads\/2024\/05\/logoCCNcmjn-v2018-1.png 1020w, https:\/\/chevaux-normandie.com\/wp-content\/uploads\/2024\/05\/logoCCNcmjn-v2018-1-300x158.png 300w, https:\/\/chevaux-normandie.com\/wp-content\/uploads\/2024\/05\/logoCCNcmjn-v2018-1-768x405.png 768w, https:\/\/chevaux-normandie.com\/wp-content\/uploads\/2024\/05\/logoCCNcmjn-v2018-1-200x105.png 200w, https:\/\/chevaux-normandie.com\/wp-content\/uploads\/2024\/05\/logoCCNcmjn-v2018-1-240x127.png 240w\" sizes=\"auto, (max-width: 1020px) 100vw, 1020px\" \/><\/figure>\n<\/div>\n\n\n\n<div class=\"wp-block-column is-vertically-aligned-center is-layout-flow wp-block-column-is-layout-flow\">\n<figure class=\"wp-block-image size-large\"><img loading=\"lazy\" decoding=\"async\" width=\"1024\" height=\"909\" src=\"https:\/\/chevaux-normandie.com\/wp-content\/uploads\/2020\/06\/NORMANDIE_DESTI_CHEVAL_QUADRI_CRT-V2-1024x909.jpg\" alt=\"\" class=\"wp-image-27306\" srcset=\"https:\/\/chevaux-normandie.com\/wp-content\/uploads\/2020\/06\/NORMANDIE_DESTI_CHEVAL_QUADRI_CRT-V2-1024x909.jpg 1024w, https:\/\/chevaux-normandie.com\/wp-content\/uploads\/2020\/06\/NORMANDIE_DESTI_CHEVAL_QUADRI_CRT-V2-300x266.jpg 300w, https:\/\/chevaux-normandie.com\/wp-content\/uploads\/2020\/06\/NORMANDIE_DESTI_CHEVAL_QUADRI_CRT-V2-768x682.jpg 768w, https:\/\/chevaux-normandie.com\/wp-content\/uploads\/2020\/06\/NORMANDIE_DESTI_CHEVAL_QUADRI_CRT-V2-1536x1364.jpg 1536w, https:\/\/chevaux-normandie.com\/wp-content\/uploads\/2020\/06\/NORMANDIE_DESTI_CHEVAL_QUADRI_CRT-V2-2048x1818.jpg 2048w, https:\/\/chevaux-normandie.com\/wp-content\/uploads\/2020\/06\/NORMANDIE_DESTI_CHEVAL_QUADRI_CRT-V2-203x180.jpg 203w\" sizes=\"auto, (max-width: 1024px) 100vw, 1024px\" \/><\/figure>\n<\/div>\n\n\n\n<div class=\"wp-block-column is-vertically-aligned-center is-layout-flow wp-block-column-is-layout-flow\">\n<figure class=\"wp-block-image size-large\"><img loading=\"lazy\" decoding=\"async\" width=\"1024\" height=\"604\" src=\"https:\/\/chevaux-normandie.com\/wp-content\/uploads\/2024\/10\/LOGO-Les-Carnets-d-Evatours-1024x604.png\" alt=\"\" class=\"wp-image-45582\" srcset=\"https:\/\/chevaux-normandie.com\/wp-content\/uploads\/2024\/10\/LOGO-Les-Carnets-d-Evatours-1024x604.png 1024w, https:\/\/chevaux-normandie.com\/wp-content\/uploads\/2024\/10\/LOGO-Les-Carnets-d-Evatours-300x177.png 300w, https:\/\/chevaux-normandie.com\/wp-content\/uploads\/2024\/10\/LOGO-Les-Carnets-d-Evatours-768x453.png 768w, https:\/\/chevaux-normandie.com\/wp-content\/uploads\/2024\/10\/LOGO-Les-Carnets-d-Evatours-200x118.png 200w, https:\/\/chevaux-normandie.com\/wp-content\/uploads\/2024\/10\/LOGO-Les-Carnets-d-Evatours-240x142.png 240w, https:\/\/chevaux-normandie.com\/wp-content\/uploads\/2024\/10\/LOGO-Les-Carnets-d-Evatours.png 1200w\" sizes=\"auto, (max-width: 1024px) 100vw, 1024px\" \/><\/figure>\n<\/div>\n<\/div>\n\n\n\n<p><\/p>\n","protected":false},"excerpt":{"rendered":"<p>A weekend full of emotions with the discovery of numerous outdoor activities for those who wish to connect with nature. Day 1 Upon your arrival in the Suisse Normande in the early morning, you&#8217;ll be immediately immersed in breathtaking natural surroundings. You&#8217;ll be welcomed at La Cour Anteol, where a friendly team will greet you [&hellip;]<\/p>\n","protected":false},"author":20,"featured_media":0,"parent":0,"menu_order":0,"comment_status":"closed","ping_status":"closed","template":"page-templates\/editorial.php","meta":{"_acf_changed":false,"footnotes":""},"class_list":["post-46953","page","type-page","status-publish","hentry"],"acf":[],"yoast_head":"<!-- This site is optimized with the Yoast SEO plugin v27.1.1 - https:\/\/yoast.com\/product\/yoast-seo-wordpress\/ -->\n<title>In the Heart of Europe&#039;s Oldest Mountains: The Suisse Normande - Conseil des Chevaux de Normandie<\/title>\n<meta name=\"description\" content=\"A weekend full of emotions with the discovery of numerous outdoor activities for those who wish to connect with nature.\" \/>\n<meta name=\"robots\" content=\"index, follow, max-snippet:-1, max-image-preview:large, max-video-preview:-1\" \/>\n<link rel=\"canonical\" href=\"https:\/\/chevaux-normandie.com\/en\/in-the-heart-of-europes-oldest-mountains-the-suisse-normande\/\" \/>\n<meta property=\"og:locale\" content=\"en_US\" \/>\n<meta property=\"og:type\" content=\"article\" \/>\n<meta property=\"og:title\" content=\"In the Heart of Europe&#039;s Oldest Mountains: The Suisse Normande - Conseil des Chevaux de Normandie\" \/>\n<meta property=\"og:description\" content=\"A weekend full of emotions with the discovery of numerous outdoor activities for those who wish to connect with nature.\" \/>\n<meta property=\"og:url\" content=\"https:\/\/chevaux-normandie.com\/en\/in-the-heart-of-europes-oldest-mountains-the-suisse-normande\/\" \/>\n<meta property=\"og:site_name\" content=\"Conseil des Chevaux de Normandie\" \/>\n<meta property=\"article:modified_time\" content=\"2025-06-06T09:58:36+00:00\" \/>\n<meta property=\"og:image\" content=\"https:\/\/chevaux-normandie.com\/wp-content\/uploads\/2024\/12\/Cour-Anteol-Sejour-Normandie-Cheval-1024x469.jpg\" \/>\n<meta name=\"twitter:card\" content=\"summary_large_image\" \/>\n<meta name=\"twitter:label1\" content=\"Est. reading time\" \/>\n\t<meta name=\"twitter:data1\" content=\"3 minutes\" \/>\n<script type=\"application\/ld+json\" class=\"yoast-schema-graph\">{\"@context\":\"https:\/\/schema.org\",\"@graph\":[{\"@type\":\"WebPage\",\"@id\":\"https:\/\/chevaux-normandie.com\/en\/in-the-heart-of-europes-oldest-mountains-the-suisse-normande\/\",\"url\":\"https:\/\/chevaux-normandie.com\/en\/in-the-heart-of-europes-oldest-mountains-the-suisse-normande\/\",\"name\":\"In the Heart of Europe's Oldest Mountains: The Suisse Normande - Conseil des Chevaux de Normandie\",\"isPartOf\":{\"@id\":\"https:\/\/chevaux-normandie.com\/#website\"},\"primaryImageOfPage\":{\"@id\":\"https:\/\/chevaux-normandie.com\/en\/in-the-heart-of-europes-oldest-mountains-the-suisse-normande\/#primaryimage\"},\"image\":{\"@id\":\"https:\/\/chevaux-normandie.com\/en\/in-the-heart-of-europes-oldest-mountains-the-suisse-normande\/#primaryimage\"},\"thumbnailUrl\":\"https:\/\/chevaux-normandie.com\/wp-content\/uploads\/2025\/04\/Sejour-La-Cour-Anteol.png\",\"datePublished\":\"2025-06-06T08:02:59+00:00\",\"dateModified\":\"2025-06-06T09:58:36+00:00\",\"description\":\"A weekend full of emotions with the discovery of numerous outdoor activities for those who wish to connect with nature.\",\"breadcrumb\":{\"@id\":\"https:\/\/chevaux-normandie.com\/en\/in-the-heart-of-europes-oldest-mountains-the-suisse-normande\/#breadcrumb\"},\"inLanguage\":\"en-US\",\"potentialAction\":[{\"@type\":\"ReadAction\",\"target\":[\"https:\/\/chevaux-normandie.com\/en\/in-the-heart-of-europes-oldest-mountains-the-suisse-normande\/\"]}]},{\"@type\":\"ImageObject\",\"inLanguage\":\"en-US\",\"@id\":\"https:\/\/chevaux-normandie.com\/en\/in-the-heart-of-europes-oldest-mountains-the-suisse-normande\/#primaryimage\",\"url\":\"https:\/\/chevaux-normandie.com\/wp-content\/uploads\/2025\/04\/Sejour-La-Cour-Anteol.png\",\"contentUrl\":\"https:\/\/chevaux-normandie.com\/wp-content\/uploads\/2025\/04\/Sejour-La-Cour-Anteol.png\"},{\"@type\":\"BreadcrumbList\",\"@id\":\"https:\/\/chevaux-normandie.com\/en\/in-the-heart-of-europes-oldest-mountains-the-suisse-normande\/#breadcrumb\",\"itemListElement\":[{\"@type\":\"ListItem\",\"position\":1,\"name\":\"Home\",\"item\":\"https:\/\/chevaux-normandie.com\/en\/\"},{\"@type\":\"ListItem\",\"position\":2,\"name\":\"In the Heart of Europe&rsquo;s Oldest Mountains: The Suisse Normande\"}]},{\"@type\":\"WebSite\",\"@id\":\"https:\/\/chevaux-normandie.com\/#website\",\"url\":\"https:\/\/chevaux-normandie.com\/\",\"name\":\"Conseil des Chevaux de Normandie\",\"description\":\"C\u0153ur de la fili\u00e8re \u00e9quine normande\",\"potentialAction\":[{\"@type\":\"SearchAction\",\"target\":{\"@type\":\"EntryPoint\",\"urlTemplate\":\"https:\/\/chevaux-normandie.com\/?s={search_term_string}\"},\"query-input\":{\"@type\":\"PropertyValueSpecification\",\"valueRequired\":true,\"valueName\":\"search_term_string\"}}],\"inLanguage\":\"en-US\"}]}<\/script>\n<!-- \/ Yoast SEO plugin. -->","yoast_head_json":{"title":"In the Heart of Europe's Oldest Mountains: The Suisse Normande - Conseil des Chevaux de Normandie","description":"A weekend full of emotions with the discovery of numerous outdoor activities for those who wish to connect with nature.","robots":{"index":"index","follow":"follow","max-snippet":"max-snippet:-1","max-image-preview":"max-image-preview:large","max-video-preview":"max-video-preview:-1"},"canonical":"https:\/\/chevaux-normandie.com\/en\/in-the-heart-of-europes-oldest-mountains-the-suisse-normande\/","og_locale":"en_US","og_type":"article","og_title":"In the Heart of Europe's Oldest Mountains: The Suisse Normande - Conseil des Chevaux de Normandie","og_description":"A weekend full of emotions with the discovery of numerous outdoor activities for those who wish to connect with nature.","og_url":"https:\/\/chevaux-normandie.com\/en\/in-the-heart-of-europes-oldest-mountains-the-suisse-normande\/","og_site_name":"Conseil des Chevaux de Normandie","article_modified_time":"2025-06-06T09:58:36+00:00","og_image":[{"url":"https:\/\/chevaux-normandie.com\/wp-content\/uploads\/2024\/12\/Cour-Anteol-Sejour-Normandie-Cheval-1024x469.jpg","type":"","width":"","height":""}],"twitter_card":"summary_large_image","twitter_misc":{"Est. reading time":"3 minutes"},"schema":{"@context":"https:\/\/schema.org","@graph":[{"@type":"WebPage","@id":"https:\/\/chevaux-normandie.com\/en\/in-the-heart-of-europes-oldest-mountains-the-suisse-normande\/","url":"https:\/\/chevaux-normandie.com\/en\/in-the-heart-of-europes-oldest-mountains-the-suisse-normande\/","name":"In the Heart of Europe's Oldest Mountains: The Suisse Normande - Conseil des Chevaux de Normandie","isPartOf":{"@id":"https:\/\/chevaux-normandie.com\/#website"},"primaryImageOfPage":{"@id":"https:\/\/chevaux-normandie.com\/en\/in-the-heart-of-europes-oldest-mountains-the-suisse-normande\/#primaryimage"},"image":{"@id":"https:\/\/chevaux-normandie.com\/en\/in-the-heart-of-europes-oldest-mountains-the-suisse-normande\/#primaryimage"},"thumbnailUrl":"https:\/\/chevaux-normandie.com\/wp-content\/uploads\/2025\/04\/Sejour-La-Cour-Anteol.png","datePublished":"2025-06-06T08:02:59+00:00","dateModified":"2025-06-06T09:58:36+00:00","description":"A weekend full of emotions with the discovery of numerous outdoor activities for those who wish to connect with nature.","breadcrumb":{"@id":"https:\/\/chevaux-normandie.com\/en\/in-the-heart-of-europes-oldest-mountains-the-suisse-normande\/#breadcrumb"},"inLanguage":"en-US","potentialAction":[{"@type":"ReadAction","target":["https:\/\/chevaux-normandie.com\/en\/in-the-heart-of-europes-oldest-mountains-the-suisse-normande\/"]}]},{"@type":"ImageObject","inLanguage":"en-US","@id":"https:\/\/chevaux-normandie.com\/en\/in-the-heart-of-europes-oldest-mountains-the-suisse-normande\/#primaryimage","url":"https:\/\/chevaux-normandie.com\/wp-content\/uploads\/2025\/04\/Sejour-La-Cour-Anteol.png","contentUrl":"https:\/\/chevaux-normandie.com\/wp-content\/uploads\/2025\/04\/Sejour-La-Cour-Anteol.png"},{"@type":"BreadcrumbList","@id":"https:\/\/chevaux-normandie.com\/en\/in-the-heart-of-europes-oldest-mountains-the-suisse-normande\/#breadcrumb","itemListElement":[{"@type":"ListItem","position":1,"name":"Home","item":"https:\/\/chevaux-normandie.com\/en\/"},{"@type":"ListItem","position":2,"name":"In the Heart of Europe&rsquo;s Oldest Mountains: The Suisse Normande"}]},{"@type":"WebSite","@id":"https:\/\/chevaux-normandie.com\/#website","url":"https:\/\/chevaux-normandie.com\/","name":"Conseil des Chevaux de Normandie","description":"C\u0153ur de la fili\u00e8re \u00e9quine normande","potentialAction":[{"@type":"SearchAction","target":{"@type":"EntryPoint","urlTemplate":"https:\/\/chevaux-normandie.com\/?s={search_term_string}"},"query-input":{"@type":"PropertyValueSpecification","valueRequired":true,"valueName":"search_term_string"}}],"inLanguage":"en-US"}]}},"_links":{"self":[{"href":"https:\/\/chevaux-normandie.com\/en\/wp-json\/wp\/v2\/pages\/46953","targetHints":{"allow":["GET"]}}],"collection":[{"href":"https:\/\/chevaux-normandie.com\/en\/wp-json\/wp\/v2\/pages"}],"about":[{"href":"https:\/\/chevaux-normandie.com\/en\/wp-json\/wp\/v2\/types\/page"}],"author":[{"embeddable":true,"href":"https:\/\/chevaux-normandie.com\/en\/wp-json\/wp\/v2\/users\/20"}],"replies":[{"embeddable":true,"href":"https:\/\/chevaux-normandie.com\/en\/wp-json\/wp\/v2\/comments?post=46953"}],"version-history":[{"count":4,"href":"https:\/\/chevaux-normandie.com\/en\/wp-json\/wp\/v2\/pages\/46953\/revisions"}],"predecessor-version":[{"id":46978,"href":"https:\/\/chevaux-normandie.com\/en\/wp-json\/wp\/v2\/pages\/46953\/revisions\/46978"}],"wp:attachment":[{"href":"https:\/\/chevaux-normandie.com\/en\/wp-json\/wp\/v2\/media?parent=46953"}],"curies":[{"name":"wp","href":"https:\/\/api.w.org\/{rel}","templated":true}]}}