{"id":46957,"date":"2025-06-06T10:12:05","date_gmt":"2025-06-06T08:12:05","guid":{"rendered":"https:\/\/chevaux-normandie.com\/discovering-the-cotentin-at-the-rhythm-of-hooves-and-tides\/"},"modified":"2025-06-06T12:03:45","modified_gmt":"2025-06-06T10:03:45","slug":"discovering-the-cotentin-at-the-rhythm-of-hooves-and-tides","status":"publish","type":"page","link":"https:\/\/chevaux-normandie.com\/en\/discovering-the-cotentin-at-the-rhythm-of-hooves-and-tides\/","title":{"rendered":"Discovering the Cotentin at the Rhythm of Hooves and Tides"},"content":{"rendered":"\n<p>This weekend will be a true immersion in the heart of the Cotentin, with horseback rides through the dunes, authentic encounters, and gourmet discoveries for those who want to explore nature in a different way.<\/p>\n\n<p><strong><em>Day 1<\/em><\/strong><\/p>\n\n<div class=\"wp-block-media-text is-stacked-on-mobile\" style=\"grid-template-columns:40% auto\"><figure class=\"wp-block-media-text__media\"><img loading=\"lazy\" decoding=\"async\" width=\"940\" height=\"788\" src=\"https:\/\/chevaux-normandie.com\/wp-content\/uploads\/2025\/04\/Sejour-Cotentin.png\" alt=\"\" class=\"wp-image-46611 size-full\" srcset=\"https:\/\/chevaux-normandie.com\/wp-content\/uploads\/2025\/04\/Sejour-Cotentin.png 940w, https:\/\/chevaux-normandie.com\/wp-content\/uploads\/2025\/04\/Sejour-Cotentin-300x251.png 300w, https:\/\/chevaux-normandie.com\/wp-content\/uploads\/2025\/04\/Sejour-Cotentin-768x644.png 768w, https:\/\/chevaux-normandie.com\/wp-content\/uploads\/2025\/04\/Sejour-Cotentin-200x168.png 200w, https:\/\/chevaux-normandie.com\/wp-content\/uploads\/2025\/04\/Sejour-Cotentin-215x180.png 215w\" sizes=\"auto, (max-width: 940px) 100vw, 940px\" \/><\/figure><div class=\"wp-block-media-text__content\">\n<p>Upon your arrival in the Cotentin, let yourself be swept away by an outdoor experience! The Lypca Riding Club will welcome you for a horseback ride through the dunes. At the rhythm of the hooves, you will follow the coastline, offering views of the sea and the vast natural landscapes of the Cotentin. A simple and authentic moment!<\/p>\n\n\n\n<p>After this morning, enjoy a free lunch at your own expense to savor a Norman meal at a restaurant of your choice.<\/p>\n\n\n\n<p>\u00a9<em>Thomas Le Floch<\/em><\/p>\n<\/div><\/div>\n\n<div class=\"wp-block-media-text has-media-on-the-right is-stacked-on-mobile\" style=\"grid-template-columns:auto 40%\"><div class=\"wp-block-media-text__content\">\n<p>Then, for the afternoon, set off on a self-guided hike to discover Cap de Carteret. Between cliffs, ocean views, and nature-lined trails, you\u2019ll have plenty of time to explore this preserved area at your own pace and enjoy the beauty of the coastline. If you want to learn more about the site, a guided tour is also available!<\/p>\n\n\n\n<p>\u00a9Coraline et L\u00e9o<\/p>\n<\/div><figure class=\"wp-block-media-text__media\"><img loading=\"lazy\" decoding=\"async\" width=\"940\" height=\"788\" src=\"https:\/\/chevaux-normandie.com\/wp-content\/uploads\/2025\/04\/Sejour-Cap-de-Carteret.png\" alt=\"\" class=\"wp-image-46613 size-full\" srcset=\"https:\/\/chevaux-normandie.com\/wp-content\/uploads\/2025\/04\/Sejour-Cap-de-Carteret.png 940w, https:\/\/chevaux-normandie.com\/wp-content\/uploads\/2025\/04\/Sejour-Cap-de-Carteret-300x251.png 300w, https:\/\/chevaux-normandie.com\/wp-content\/uploads\/2025\/04\/Sejour-Cap-de-Carteret-768x644.png 768w, https:\/\/chevaux-normandie.com\/wp-content\/uploads\/2025\/04\/Sejour-Cap-de-Carteret-200x168.png 200w, https:\/\/chevaux-normandie.com\/wp-content\/uploads\/2025\/04\/Sejour-Cap-de-Carteret-215x180.png 215w\" sizes=\"auto, (max-width: 940px) 100vw, 940px\" \/><\/figure><\/div>\n\n<p>Next, enjoy a gourmet stop at the Maison du Biscuit, a true place to discover artisanal biscuit making, where you can savor local delights and learn about Norman craftsmanship.<\/p>\n\n<p>Dinner is on your own and at your expense\u2014take your time to explore local specialties at a restaurant of your choice. For the night, you will stay in a guesthouse, a wonderful opportunity to enjoy the authentic and peaceful setting of Normandy.<\/p>\n\n<p><strong><em>Day 2<\/em><\/strong><\/p>\n\n<div class=\"wp-block-media-text is-stacked-on-mobile\" style=\"grid-template-columns:40% auto\"><figure class=\"wp-block-media-text__media\"><img loading=\"lazy\" decoding=\"async\" width=\"940\" height=\"788\" src=\"https:\/\/chevaux-normandie.com\/wp-content\/uploads\/2025\/04\/Sejour-randonnee-avec-un-ane-bate.png\" alt=\"\" class=\"wp-image-46615 size-full\" srcset=\"https:\/\/chevaux-normandie.com\/wp-content\/uploads\/2025\/04\/Sejour-randonnee-avec-un-ane-bate.png 940w, https:\/\/chevaux-normandie.com\/wp-content\/uploads\/2025\/04\/Sejour-randonnee-avec-un-ane-bate-300x251.png 300w, https:\/\/chevaux-normandie.com\/wp-content\/uploads\/2025\/04\/Sejour-randonnee-avec-un-ane-bate-768x644.png 768w, https:\/\/chevaux-normandie.com\/wp-content\/uploads\/2025\/04\/Sejour-randonnee-avec-un-ane-bate-200x168.png 200w, https:\/\/chevaux-normandie.com\/wp-content\/uploads\/2025\/04\/Sejour-randonnee-avec-un-ane-bate-215x180.png 215w\" sizes=\"auto, (max-width: 940px) 100vw, 940px\" \/><\/figure><div class=\"wp-block-media-text__content\">\n<p>After a well-deserved night\u2019s rest, set off to explore the trails of the Cotentin on a hiking trip with a pack donkey. Adeline, your guide, accompanied by her donkey Loustic, will share her local knowledge while allowing you to enjoy the tranquility and beauty of the region.&#13;\n&#13;\nA picnic can be included upon request. Take this opportunity to savor local products while discovering the stunning landscapes of the Cotentin.&#13;\nA picnic can be included upon request. Take this opportunity to savor local products while discovering the magnificent landscapes of the Cotentin.<\/p>\n\n\n\n<p><em><em>\u00a9Valentin Pacaut \/ The Explorers<\/em><\/em><\/p>\n<\/div><\/div>\n\n<div class=\"wp-block-media-text has-media-on-the-right is-stacked-on-mobile\" style=\"grid-template-columns:auto 40%\"><div class=\"wp-block-media-text__content\">\n<p>To close this weekend, head to the Plantation Petite Rivi\u00e8re for an immersive visit, still accompanied by Loustic! Discover the secrets of Normandy pepper cultivation. You\u2019ll have the opportunity to tour the plantation, taste different peppers and local products, all while enjoying a peaceful natural setting.<\/p>\n\n\n\n<p>\u00a9Plantation Petite Rivi\u00e8re<\/p>\n<\/div><figure class=\"wp-block-media-text__media\"><img loading=\"lazy\" decoding=\"async\" width=\"940\" height=\"788\" src=\"https:\/\/chevaux-normandie.com\/wp-content\/uploads\/2025\/04\/Sejour-Plantation-Petite-Riviere.png\" alt=\"\" class=\"wp-image-46618 size-full\" srcset=\"https:\/\/chevaux-normandie.com\/wp-content\/uploads\/2025\/04\/Sejour-Plantation-Petite-Riviere.png 940w, https:\/\/chevaux-normandie.com\/wp-content\/uploads\/2025\/04\/Sejour-Plantation-Petite-Riviere-300x251.png 300w, https:\/\/chevaux-normandie.com\/wp-content\/uploads\/2025\/04\/Sejour-Plantation-Petite-Riviere-768x644.png 768w, https:\/\/chevaux-normandie.com\/wp-content\/uploads\/2025\/04\/Sejour-Plantation-Petite-Riviere-200x168.png 200w, https:\/\/chevaux-normandie.com\/wp-content\/uploads\/2025\/04\/Sejour-Plantation-Petite-Riviere-215x180.png 215w\" sizes=\"auto, (max-width: 940px) 100vw, 940px\" \/><\/figure><\/div>\n\n<figure class=\"wp-block-pullquote\"><blockquote><p>For reservations, contact the agency Les Carnets d\u2019Evatours at +33 (0)2 61 45 30 94 or visit their website:&#13;\n\ud83d\udc49 <a href=\"https:\/\/www.lescarnets-evatours.fr\/sejours\/le-cotentin-a-cheval\/\" target=\"_blank\">www.lescarnets-evatours.fr<\/a><\/p><\/blockquote><\/figure>\n\n<div class=\"ressources-flow-container alignwide\">\n    <h2>D\u00e9couvrez notre brochue<\/h2>\n            <div class=\"row\">\n                                            <div class=\"col-lg-4 col-md-6\">\n                    <div class=\"ressource-block\">\n                        <div class=\"img-container\">\n                            <img decoding=\"async\" src=\"https:\/\/chevaux-normandie.com\/wp-content\/uploads\/2025\/06\/Sejour-Cotentin.png\" alt=\"\" class=\"img-fluid\">\n                        <\/div>\n                        <div class=\"title\">S\u00e9jour Cotentin<\/div>\n                                                        <a download href=\"https:\/\/chevaux-normandie.com\/wp-content\/uploads\/2025\/06\/Sejour-Cotentin.pdf\" class=\"bordered-btn is-green\">\n                                    <span class=\"lnr lnr-download\"><\/span>\n                                    Download                                <\/a>\n                                                                        <\/div>\n                <\/div>\n                    <\/div>\n    <\/div>\n<h2 class=\"wp-block-heading\" id=\"you-can-also-offer-this-stay-as-a-gift-by-downloading-the-gift-card-in-pdf-format\">You can also offer this stay as a gift by downloading the gift card in PDF format.<\/h2>\n                <a href=\"#\" class=\"b-download-link btn-pdf-dl last-link\" data-toggle=\"modal\" data-target=\"#file-modal\"  data-name=\"Carte cadeau Cotentin\" data-dl=\"https:\/\/chevaux-normandie.com\/wp-content\/uploads\/2025\/03\/Carte-cadeau-Cotentin.pdf\">\n                <span class=\"lnr lnr-download\"><\/span>\n                <span class=\"file-name\">T\u00e9l\u00e9chargez votre carte-cadeau<\/span>\n                <span class=\"file-type\">pdf &#8211;<\/span>\n                                    <span class=\"file-size\">1.11mo<\/span>\n                            <\/a>\n            \n<div class=\"wp-block-columns are-vertically-aligned-center is-layout-flex wp-container-core-columns-is-layout-9d6595d7 wp-block-columns-is-layout-flex\">\n<div class=\"wp-block-column is-vertically-aligned-center is-layout-flow wp-block-column-is-layout-flow\">\n<p>This stay is offered by <\/p>\n<\/div>\n\n\n\n<div class=\"wp-block-column is-vertically-aligned-center is-layout-flow wp-block-column-is-layout-flow\">\n<figure class=\"wp-block-image size-full\"><img loading=\"lazy\" decoding=\"async\" width=\"1020\" height=\"538\" src=\"https:\/\/chevaux-normandie.com\/wp-content\/uploads\/2024\/05\/logoCCNcmjn-v2018-1.png\" alt=\"\" class=\"wp-image-44389\" srcset=\"https:\/\/chevaux-normandie.com\/wp-content\/uploads\/2024\/05\/logoCCNcmjn-v2018-1.png 1020w, https:\/\/chevaux-normandie.com\/wp-content\/uploads\/2024\/05\/logoCCNcmjn-v2018-1-300x158.png 300w, https:\/\/chevaux-normandie.com\/wp-content\/uploads\/2024\/05\/logoCCNcmjn-v2018-1-768x405.png 768w, https:\/\/chevaux-normandie.com\/wp-content\/uploads\/2024\/05\/logoCCNcmjn-v2018-1-200x105.png 200w, https:\/\/chevaux-normandie.com\/wp-content\/uploads\/2024\/05\/logoCCNcmjn-v2018-1-240x127.png 240w\" sizes=\"auto, (max-width: 1020px) 100vw, 1020px\" \/><\/figure>\n<\/div>\n\n\n\n<div class=\"wp-block-column is-vertically-aligned-center is-layout-flow wp-block-column-is-layout-flow\">\n<figure class=\"wp-block-image size-large\"><img loading=\"lazy\" decoding=\"async\" width=\"1024\" height=\"909\" src=\"https:\/\/chevaux-normandie.com\/wp-content\/uploads\/2020\/06\/NORMANDIE_DESTI_CHEVAL_QUADRI_CRT-V2-1024x909.jpg\" alt=\"\" class=\"wp-image-27306\" srcset=\"https:\/\/chevaux-normandie.com\/wp-content\/uploads\/2020\/06\/NORMANDIE_DESTI_CHEVAL_QUADRI_CRT-V2-1024x909.jpg 1024w, https:\/\/chevaux-normandie.com\/wp-content\/uploads\/2020\/06\/NORMANDIE_DESTI_CHEVAL_QUADRI_CRT-V2-300x266.jpg 300w, https:\/\/chevaux-normandie.com\/wp-content\/uploads\/2020\/06\/NORMANDIE_DESTI_CHEVAL_QUADRI_CRT-V2-768x682.jpg 768w, https:\/\/chevaux-normandie.com\/wp-content\/uploads\/2020\/06\/NORMANDIE_DESTI_CHEVAL_QUADRI_CRT-V2-1536x1364.jpg 1536w, https:\/\/chevaux-normandie.com\/wp-content\/uploads\/2020\/06\/NORMANDIE_DESTI_CHEVAL_QUADRI_CRT-V2-2048x1818.jpg 2048w, https:\/\/chevaux-normandie.com\/wp-content\/uploads\/2020\/06\/NORMANDIE_DESTI_CHEVAL_QUADRI_CRT-V2-203x180.jpg 203w\" sizes=\"auto, (max-width: 1024px) 100vw, 1024px\" \/><\/figure>\n<\/div>\n\n\n\n<div class=\"wp-block-column is-vertically-aligned-center is-layout-flow wp-block-column-is-layout-flow\">\n<figure class=\"wp-block-image size-large\"><img loading=\"lazy\" decoding=\"async\" width=\"1024\" height=\"604\" src=\"https:\/\/chevaux-normandie.com\/wp-content\/uploads\/2024\/10\/LOGO-Les-Carnets-d-Evatours-1024x604.png\" alt=\"\" class=\"wp-image-45582\" srcset=\"https:\/\/chevaux-normandie.com\/wp-content\/uploads\/2024\/10\/LOGO-Les-Carnets-d-Evatours-1024x604.png 1024w, https:\/\/chevaux-normandie.com\/wp-content\/uploads\/2024\/10\/LOGO-Les-Carnets-d-Evatours-300x177.png 300w, https:\/\/chevaux-normandie.com\/wp-content\/uploads\/2024\/10\/LOGO-Les-Carnets-d-Evatours-768x453.png 768w, https:\/\/chevaux-normandie.com\/wp-content\/uploads\/2024\/10\/LOGO-Les-Carnets-d-Evatours-200x118.png 200w, https:\/\/chevaux-normandie.com\/wp-content\/uploads\/2024\/10\/LOGO-Les-Carnets-d-Evatours-240x142.png 240w, https:\/\/chevaux-normandie.com\/wp-content\/uploads\/2024\/10\/LOGO-Les-Carnets-d-Evatours.png 1200w\" sizes=\"auto, (max-width: 1024px) 100vw, 1024px\" \/><\/figure>\n<\/div>\n<\/div>\n","protected":false},"excerpt":{"rendered":"<p>This weekend will be a true immersion in the heart of the Cotentin, with horseback rides through the dunes, authentic encounters, and gourmet discoveries for those who want to explore nature in a different way. Day 1 Upon your arrival in the Cotentin, let yourself be swept away by an outdoor experience! The Lypca Riding [&hellip;]<\/p>\n","protected":false},"author":20,"featured_media":0,"parent":0,"menu_order":0,"comment_status":"closed","ping_status":"closed","template":"page-templates\/editorial.php","meta":{"_acf_changed":false,"footnotes":""},"class_list":["post-46957","page","type-page","status-publish","hentry"],"acf":[],"yoast_head":"<!-- This site is optimized with the Yoast SEO plugin v27.1.1 - https:\/\/yoast.com\/product\/yoast-seo-wordpress\/ -->\n<title>Discovering the Cotentin at the Rhythm of Hooves and Tides - Conseil des Chevaux de Normandie<\/title>\n<meta name=\"description\" content=\"A true immersion in the heart of the Cotentin, featuring horseback rides through the dunes, authentic encounters, and gourmet discoveries for those who want to explore nature in a different way.\" \/>\n<meta name=\"robots\" content=\"index, follow, max-snippet:-1, max-image-preview:large, max-video-preview:-1\" \/>\n<link rel=\"canonical\" href=\"https:\/\/chevaux-normandie.com\/en\/discovering-the-cotentin-at-the-rhythm-of-hooves-and-tides\/\" \/>\n<meta property=\"og:locale\" content=\"en_US\" \/>\n<meta property=\"og:type\" content=\"article\" \/>\n<meta property=\"og:title\" content=\"Discovering the Cotentin at the Rhythm of Hooves and Tides - Conseil des Chevaux de Normandie\" \/>\n<meta property=\"og:description\" content=\"A true immersion in the heart of the Cotentin, featuring horseback rides through the dunes, authentic encounters, and gourmet discoveries for those who want to explore nature in a different way.\" \/>\n<meta property=\"og:url\" content=\"https:\/\/chevaux-normandie.com\/en\/discovering-the-cotentin-at-the-rhythm-of-hooves-and-tides\/\" \/>\n<meta property=\"og:site_name\" content=\"Conseil des Chevaux de Normandie\" \/>\n<meta property=\"article:modified_time\" content=\"2025-06-06T10:03:45+00:00\" \/>\n<meta property=\"og:image\" content=\"https:\/\/chevaux-normandie.com\/wp-content\/uploads\/2025\/04\/Sejour-Cotentin.png\" \/>\n\t<meta property=\"og:image:width\" content=\"940\" \/>\n\t<meta property=\"og:image:height\" content=\"788\" \/>\n\t<meta property=\"og:image:type\" content=\"image\/png\" \/>\n<meta name=\"twitter:card\" content=\"summary_large_image\" \/>\n<meta name=\"twitter:label1\" content=\"Est. reading time\" \/>\n\t<meta name=\"twitter:data1\" content=\"4 minutes\" \/>\n<script type=\"application\/ld+json\" class=\"yoast-schema-graph\">{\"@context\":\"https:\/\/schema.org\",\"@graph\":[{\"@type\":\"WebPage\",\"@id\":\"https:\/\/chevaux-normandie.com\/en\/discovering-the-cotentin-at-the-rhythm-of-hooves-and-tides\/\",\"url\":\"https:\/\/chevaux-normandie.com\/en\/discovering-the-cotentin-at-the-rhythm-of-hooves-and-tides\/\",\"name\":\"Discovering the Cotentin at the Rhythm of Hooves and Tides - Conseil des Chevaux de Normandie\",\"isPartOf\":{\"@id\":\"https:\/\/chevaux-normandie.com\/#website\"},\"primaryImageOfPage\":{\"@id\":\"https:\/\/chevaux-normandie.com\/en\/discovering-the-cotentin-at-the-rhythm-of-hooves-and-tides\/#primaryimage\"},\"image\":{\"@id\":\"https:\/\/chevaux-normandie.com\/en\/discovering-the-cotentin-at-the-rhythm-of-hooves-and-tides\/#primaryimage\"},\"thumbnailUrl\":\"https:\/\/chevaux-normandie.com\/wp-content\/uploads\/2025\/04\/Sejour-Cotentin.png\",\"datePublished\":\"2025-06-06T08:12:05+00:00\",\"dateModified\":\"2025-06-06T10:03:45+00:00\",\"description\":\"A true immersion in the heart of the Cotentin, featuring horseback rides through the dunes, authentic encounters, and gourmet discoveries for those who want to explore nature in a different way.\",\"breadcrumb\":{\"@id\":\"https:\/\/chevaux-normandie.com\/en\/discovering-the-cotentin-at-the-rhythm-of-hooves-and-tides\/#breadcrumb\"},\"inLanguage\":\"en-US\",\"potentialAction\":[{\"@type\":\"ReadAction\",\"target\":[\"https:\/\/chevaux-normandie.com\/en\/discovering-the-cotentin-at-the-rhythm-of-hooves-and-tides\/\"]}]},{\"@type\":\"ImageObject\",\"inLanguage\":\"en-US\",\"@id\":\"https:\/\/chevaux-normandie.com\/en\/discovering-the-cotentin-at-the-rhythm-of-hooves-and-tides\/#primaryimage\",\"url\":\"https:\/\/chevaux-normandie.com\/wp-content\/uploads\/2025\/04\/Sejour-Cotentin.png\",\"contentUrl\":\"https:\/\/chevaux-normandie.com\/wp-content\/uploads\/2025\/04\/Sejour-Cotentin.png\"},{\"@type\":\"BreadcrumbList\",\"@id\":\"https:\/\/chevaux-normandie.com\/en\/discovering-the-cotentin-at-the-rhythm-of-hooves-and-tides\/#breadcrumb\",\"itemListElement\":[{\"@type\":\"ListItem\",\"position\":1,\"name\":\"Home\",\"item\":\"https:\/\/chevaux-normandie.com\/en\/\"},{\"@type\":\"ListItem\",\"position\":2,\"name\":\"Discovering the Cotentin at the Rhythm of Hooves and Tides\"}]},{\"@type\":\"WebSite\",\"@id\":\"https:\/\/chevaux-normandie.com\/#website\",\"url\":\"https:\/\/chevaux-normandie.com\/\",\"name\":\"Conseil des Chevaux de Normandie\",\"description\":\"C\u0153ur de la fili\u00e8re \u00e9quine normande\",\"potentialAction\":[{\"@type\":\"SearchAction\",\"target\":{\"@type\":\"EntryPoint\",\"urlTemplate\":\"https:\/\/chevaux-normandie.com\/?s={search_term_string}\"},\"query-input\":{\"@type\":\"PropertyValueSpecification\",\"valueRequired\":true,\"valueName\":\"search_term_string\"}}],\"inLanguage\":\"en-US\"}]}<\/script>\n<!-- \/ Yoast SEO plugin. -->","yoast_head_json":{"title":"Discovering the Cotentin at the Rhythm of Hooves and Tides - Conseil des Chevaux de Normandie","description":"A true immersion in the heart of the Cotentin, featuring horseback rides through the dunes, authentic encounters, and gourmet discoveries for those who want to explore nature in a different way.","robots":{"index":"index","follow":"follow","max-snippet":"max-snippet:-1","max-image-preview":"max-image-preview:large","max-video-preview":"max-video-preview:-1"},"canonical":"https:\/\/chevaux-normandie.com\/en\/discovering-the-cotentin-at-the-rhythm-of-hooves-and-tides\/","og_locale":"en_US","og_type":"article","og_title":"Discovering the Cotentin at the Rhythm of Hooves and Tides - Conseil des Chevaux de Normandie","og_description":"A true immersion in the heart of the Cotentin, featuring horseback rides through the dunes, authentic encounters, and gourmet discoveries for those who want to explore nature in a different way.","og_url":"https:\/\/chevaux-normandie.com\/en\/discovering-the-cotentin-at-the-rhythm-of-hooves-and-tides\/","og_site_name":"Conseil des Chevaux de Normandie","article_modified_time":"2025-06-06T10:03:45+00:00","og_image":[{"width":940,"height":788,"url":"https:\/\/chevaux-normandie.com\/wp-content\/uploads\/2025\/04\/Sejour-Cotentin.png","type":"image\/png"}],"twitter_card":"summary_large_image","twitter_misc":{"Est. reading time":"4 minutes"},"schema":{"@context":"https:\/\/schema.org","@graph":[{"@type":"WebPage","@id":"https:\/\/chevaux-normandie.com\/en\/discovering-the-cotentin-at-the-rhythm-of-hooves-and-tides\/","url":"https:\/\/chevaux-normandie.com\/en\/discovering-the-cotentin-at-the-rhythm-of-hooves-and-tides\/","name":"Discovering the Cotentin at the Rhythm of Hooves and Tides - Conseil des Chevaux de Normandie","isPartOf":{"@id":"https:\/\/chevaux-normandie.com\/#website"},"primaryImageOfPage":{"@id":"https:\/\/chevaux-normandie.com\/en\/discovering-the-cotentin-at-the-rhythm-of-hooves-and-tides\/#primaryimage"},"image":{"@id":"https:\/\/chevaux-normandie.com\/en\/discovering-the-cotentin-at-the-rhythm-of-hooves-and-tides\/#primaryimage"},"thumbnailUrl":"https:\/\/chevaux-normandie.com\/wp-content\/uploads\/2025\/04\/Sejour-Cotentin.png","datePublished":"2025-06-06T08:12:05+00:00","dateModified":"2025-06-06T10:03:45+00:00","description":"A true immersion in the heart of the Cotentin, featuring horseback rides through the dunes, authentic encounters, and gourmet discoveries for those who want to explore nature in a different way.","breadcrumb":{"@id":"https:\/\/chevaux-normandie.com\/en\/discovering-the-cotentin-at-the-rhythm-of-hooves-and-tides\/#breadcrumb"},"inLanguage":"en-US","potentialAction":[{"@type":"ReadAction","target":["https:\/\/chevaux-normandie.com\/en\/discovering-the-cotentin-at-the-rhythm-of-hooves-and-tides\/"]}]},{"@type":"ImageObject","inLanguage":"en-US","@id":"https:\/\/chevaux-normandie.com\/en\/discovering-the-cotentin-at-the-rhythm-of-hooves-and-tides\/#primaryimage","url":"https:\/\/chevaux-normandie.com\/wp-content\/uploads\/2025\/04\/Sejour-Cotentin.png","contentUrl":"https:\/\/chevaux-normandie.com\/wp-content\/uploads\/2025\/04\/Sejour-Cotentin.png"},{"@type":"BreadcrumbList","@id":"https:\/\/chevaux-normandie.com\/en\/discovering-the-cotentin-at-the-rhythm-of-hooves-and-tides\/#breadcrumb","itemListElement":[{"@type":"ListItem","position":1,"name":"Home","item":"https:\/\/chevaux-normandie.com\/en\/"},{"@type":"ListItem","position":2,"name":"Discovering the Cotentin at the Rhythm of Hooves and Tides"}]},{"@type":"WebSite","@id":"https:\/\/chevaux-normandie.com\/#website","url":"https:\/\/chevaux-normandie.com\/","name":"Conseil des Chevaux de Normandie","description":"C\u0153ur de la fili\u00e8re \u00e9quine normande","potentialAction":[{"@type":"SearchAction","target":{"@type":"EntryPoint","urlTemplate":"https:\/\/chevaux-normandie.com\/?s={search_term_string}"},"query-input":{"@type":"PropertyValueSpecification","valueRequired":true,"valueName":"search_term_string"}}],"inLanguage":"en-US"}]}},"_links":{"self":[{"href":"https:\/\/chevaux-normandie.com\/en\/wp-json\/wp\/v2\/pages\/46957","targetHints":{"allow":["GET"]}}],"collection":[{"href":"https:\/\/chevaux-normandie.com\/en\/wp-json\/wp\/v2\/pages"}],"about":[{"href":"https:\/\/chevaux-normandie.com\/en\/wp-json\/wp\/v2\/types\/page"}],"author":[{"embeddable":true,"href":"https:\/\/chevaux-normandie.com\/en\/wp-json\/wp\/v2\/users\/20"}],"replies":[{"embeddable":true,"href":"https:\/\/chevaux-normandie.com\/en\/wp-json\/wp\/v2\/comments?post=46957"}],"version-history":[{"count":11,"href":"https:\/\/chevaux-normandie.com\/en\/wp-json\/wp\/v2\/pages\/46957\/revisions"}],"predecessor-version":[{"id":46984,"href":"https:\/\/chevaux-normandie.com\/en\/wp-json\/wp\/v2\/pages\/46957\/revisions\/46984"}],"wp:attachment":[{"href":"https:\/\/chevaux-normandie.com\/en\/wp-json\/wp\/v2\/media?parent=46957"}],"curies":[{"name":"wp","href":"https:\/\/api.w.org\/{rel}","templated":true}]}}